{"id":175856,"date":"2025-08-01T04:16:26","date_gmt":"2025-08-01T02:16:26","guid":{"rendered":"https:\/\/www.budream.com\/shop\/green-house-seed-co-alienz-auto-fem\/"},"modified":"2026-03-26T16:31:53","modified_gmt":"2026-03-26T14:31:53","slug":"green-house-seed-co-alienz-auto-fem","status":"publish","type":"product","link":"https:\/\/www.budream.com\/es\/shop\/green-house-seed-co-alienz-auto-fem\/","title":{"rendered":"GREEN HOUSE SEED CO. &#8211; ALIENZ AUTO FEM"},"content":{"rendered":"<p>Auto AlienZ es una mezcla de nuestra AlienZ cruzada con la gen\u00e9tica autofloreciente Watermelon.<\/p>\n<h2><strong>Caracter\u00edsticas Alienz Auto Fem:<\/p>\n<p><\/strong><\/h2>\n<ul style=\"list-style-type: disc\">\n<li><strong>G\u00e9nero:<\/strong> H\u00edbrido Feminizado Autofloreciente<\/li>\n<li><strong>Genotipo<\/strong>: Indica 50%\/ Sativa 40%\/ Ruderalis 10%.<\/li>\n<li><strong>Gen\u00e9tica<\/strong>: Alienz x Watermelon Auto<\/li>\n<li>D\u00edas<strong>:<\/strong> 63 d\u00edas<\/li>\n<\/ul>\n<p><\/p>\n<div style=\"text-align: justify\"><span style=\"font-size: 11pt\"><em><strong>ADVERTENCIA:<\/strong> Las semillas de c\u00e1\u00f1amo est\u00e1n excluidas de la noci\u00f3n legal de Cannabis, lo que significa que no deben considerarse una sustancia estupefaciente (L. 412 de 1974, Art. 1, p\u00e1rrafo 1, lett. B; Convenci\u00f3n \u00danica sobre Estupefacientes de Nueva York de 1961 y tabla II del Decreto Ministerial 27\/7\/1992). En Italia, el cultivo del c\u00e1\u00f1amo est\u00e1 prohibido (art\u00edculos 28 y 73 del Decreto Presidencial 309\/90) a menos que se obtenga una autorizaci\u00f3n especial (art\u00edculo 17 del Decreto Presidencial 309\/90). A falta de autorizaci\u00f3n, las semillas s\u00f3lo pueden utilizarse para otros fines (zoot\u00e9cnicos, recolecci\u00f3n, etc.). Las semillas se venden con la reserva de que no sean utilizadas por terceros en conflicto con la ley.<\/em><\/span><\/div>\n","protected":false},"excerpt":{"rendered":"<p>Auto AlienZ es una mezcla de nuestra AlienZ cruzada con la gen\u00e9tica autofloreciente Watermelon. Caracter\u00edsticas Alienz Auto Fem: G\u00e9nero: H\u00edbrido<\/p>\n","protected":false},"featured_media":196724,"comment_status":"open","ping_status":"closed","template":"","meta":[],"product_brand":[],"product_cat":[7953],"product_tag":[],"class_list":{"0":"post-175856","1":"product","2":"type-product","3":"status-publish","4":"has-post-thumbnail","6":"product_cat-seedshop-es","8":"first","9":"instock","10":"sale","11":"taxable","12":"shipping-taxable","13":"purchasable","14":"product-type-variable"},"aioseo_notices":[],"_links":{"self":[{"href":"https:\/\/www.budream.com\/es\/wp-json\/wp\/v2\/product\/175856","targetHints":{"allow":["GET"]}}],"collection":[{"href":"https:\/\/www.budream.com\/es\/wp-json\/wp\/v2\/product"}],"about":[{"href":"https:\/\/www.budream.com\/es\/wp-json\/wp\/v2\/types\/product"}],"replies":[{"embeddable":true,"href":"https:\/\/www.budream.com\/es\/wp-json\/wp\/v2\/comments?post=175856"}],"version-history":[{"count":0,"href":"https:\/\/www.budream.com\/es\/wp-json\/wp\/v2\/product\/175856\/revisions"}],"wp:featuredmedia":[{"embeddable":true,"href":"https:\/\/www.budream.com\/es\/wp-json\/wp\/v2\/media\/196724"}],"wp:attachment":[{"href":"https:\/\/www.budream.com\/es\/wp-json\/wp\/v2\/media?parent=175856"}],"wp:term":[{"taxonomy":"product_brand","embeddable":true,"href":"https:\/\/www.budream.com\/es\/wp-json\/wp\/v2\/product_brand?post=175856"},{"taxonomy":"product_cat","embeddable":true,"href":"https:\/\/www.budream.com\/es\/wp-json\/wp\/v2\/product_cat?post=175856"},{"taxonomy":"product_tag","embeddable":true,"href":"https:\/\/www.budream.com\/es\/wp-json\/wp\/v2\/product_tag?post=175856"}],"curies":[{"name":"wp","href":"https:\/\/api.w.org\/{rel}","templated":true}]}}