{"id":176423,"date":"2025-08-01T04:49:06","date_gmt":"2025-08-01T02:49:06","guid":{"rendered":"https:\/\/www.budream.com\/shop\/barneys-farm-sour-diesel-auto-fem\/"},"modified":"2026-03-31T00:33:41","modified_gmt":"2026-03-30T22:33:41","slug":"barneys-farm-sour-diesel-auto-fem","status":"publish","type":"product","link":"https:\/\/www.budream.com\/es\/shop\/barneys-farm-sour-diesel-auto-fem\/","title":{"rendered":"BARNEY&#8217;S FARM &#8211; SOUR DIESEL AUTO FEM"},"content":{"rendered":"<div style=\"text-align: justify\">Sour Diesel Auto, es un h\u00edbrido sativa-dominante creado cruzando la cl\u00e1sica Sour Diesel con BF Super Auto #1.<\/div>\n<p><\/p>\n<h2><strong>Caracter\u00edsticas Sour Diesel Auto Fem:<\/strong><\/h2>\n<ul style=\"list-style-type: disc\">\n<li><strong>G\u00e9nero:<\/strong> Autofloreciente<\/li>\n<li><strong>Genotipo:<\/strong> 40% Indica \/ 60% Sativa<\/li>\n<li><strong>Gen\u00e9tica: <\/strong>Sour Diesel x BF Super Auto #1<\/li>\n<li><strong>D\u00edas:<\/strong> 65 &#8211; 70 d\u00edas<\/li>\n<\/ul>\n<p><\/p>\n<div style=\"text-align: justify\"><em><strong>ADVERTENCIA:<\/strong> Las semillas de c\u00e1\u00f1amo est\u00e1n excluidas de la noci\u00f3n legal de Cannabis, lo que significa que no deben considerarse sustancias estupefacientes (Ley 412 de 1974, art.1, p\u00e1rrafo 1, letra B; Convenci\u00f3n \u00danica de Nueva York sobre Estupefacientes de 1961 y tabla II del Decreto Ministerial 27\/7\/1992). En Italia, el cultivo del c\u00e1\u00f1amo est\u00e1 prohibido (art\u00edculos 28 y 73 del Decreto Presidencial 309\/90) sin la correspondiente autorizaci\u00f3n (art\u00edculo 17 del Decreto Presidencial 309\/90). A falta de autorizaci\u00f3n, las semillas s\u00f3lo pueden utilizarse para otros fines (zoot\u00e9cnicos, recolecci\u00f3n, etc.). Las semillas se venden con la condici\u00f3n de que no sean utilizadas por terceros contraviniendo la ley.<\/em><\/div>\n","protected":false},"excerpt":{"rendered":"<p>Sour Diesel Auto, es un h\u00edbrido sativa-dominante creado cruzando la cl\u00e1sica Sour Diesel con BF Super Auto #1. Caracter\u00edsticas Sour<\/p>\n","protected":false},"featured_media":176414,"comment_status":"open","ping_status":"closed","template":"","meta":[],"product_brand":[],"product_cat":[7953],"product_tag":[],"class_list":{"0":"post-176423","1":"product","2":"type-product","3":"status-publish","4":"has-post-thumbnail","6":"product_cat-seedshop-es","8":"first","9":"instock","10":"sale","11":"taxable","12":"shipping-taxable","13":"purchasable","14":"product-type-variable"},"_links":{"self":[{"href":"https:\/\/www.budream.com\/es\/wp-json\/wp\/v2\/product\/176423","targetHints":{"allow":["GET"]}}],"collection":[{"href":"https:\/\/www.budream.com\/es\/wp-json\/wp\/v2\/product"}],"about":[{"href":"https:\/\/www.budream.com\/es\/wp-json\/wp\/v2\/types\/product"}],"replies":[{"embeddable":true,"href":"https:\/\/www.budream.com\/es\/wp-json\/wp\/v2\/comments?post=176423"}],"version-history":[{"count":0,"href":"https:\/\/www.budream.com\/es\/wp-json\/wp\/v2\/product\/176423\/revisions"}],"wp:featuredmedia":[{"embeddable":true,"href":"https:\/\/www.budream.com\/es\/wp-json\/wp\/v2\/media\/176414"}],"wp:attachment":[{"href":"https:\/\/www.budream.com\/es\/wp-json\/wp\/v2\/media?parent=176423"}],"wp:term":[{"taxonomy":"product_brand","embeddable":true,"href":"https:\/\/www.budream.com\/es\/wp-json\/wp\/v2\/product_brand?post=176423"},{"taxonomy":"product_cat","embeddable":true,"href":"https:\/\/www.budream.com\/es\/wp-json\/wp\/v2\/product_cat?post=176423"},{"taxonomy":"product_tag","embeddable":true,"href":"https:\/\/www.budream.com\/es\/wp-json\/wp\/v2\/product_tag?post=176423"}],"curies":[{"name":"wp","href":"https:\/\/api.w.org\/{rel}","templated":true}]}}