{"id":176792,"date":"2025-08-01T05:06:40","date_gmt":"2025-08-01T03:06:40","guid":{"rendered":"https:\/\/www.budream.com\/shop\/barneys-farm-sour-diesel-fem\/"},"modified":"2026-03-24T01:33:53","modified_gmt":"2026-03-23T23:33:53","slug":"barneys-farm-sour-diesel-fem","status":"publish","type":"product","link":"https:\/\/www.budream.com\/es\/shop\/barneys-farm-sour-diesel-fem\/","title":{"rendered":"BARNEY&#8217;S FARM &#8211; SOUR DIESEL FEM"},"content":{"rendered":"<div style=\"text-align: justify\">Esta variedad de predominancia Sativa es un h\u00edbrido \u00fanico, resultado de una tentadora mezcla de Chemdawg y Super Skunk. La Sour Diesel es una variedad que exige la atenci\u00f3n y el respeto de los entendidos m\u00e1s exigentes. Con sus caracter\u00edsticas excepcionales y su estatus legendario, no es de extra\u00f1ar que sea muy buscada.<\/div>\n<p><\/p>\n<h2><strong>Caracter\u00edsticas Sour Diesel Fem Barney&#8217;s Farm:<\/strong><\/h2>\n<ul style=\"list-style-type: disc\">\n<li><strong>G\u00e9nero:<\/strong> Feminizada<\/li>\n<li><strong>Genotipo:<\/strong> 30% Indica \/ 70% Sativa<\/li>\n<li><strong>Gen\u00e9tica:<\/strong> Super Skunk Strain x Chemdawg Strain<\/li>\n<li><strong>D\u00edas de floraci\u00f3n:<\/strong> 70 &#8211; 75 d\u00edas<\/li>\n<\/ul>\n<p><\/p>\n<div style=\"text-align: justify\"><span style=\"font-size: 11pt\"><em><strong>ADVERTENCIA:<\/strong> Las semillas de c\u00e1\u00f1amo est\u00e1n excluidas de la noci\u00f3n legal de Cannabis, lo que significa que no deben considerarse una sustancia estupefaciente (L. 412 de 1974, art. 1, p\u00e1rrafo 1, lett. B; Convenci\u00f3n \u00danica sobre Estupefacientes de Nueva York de 1961 y tabla II del Decreto Ministerial 27\/7\/1992). En Italia, el cultivo del c\u00e1\u00f1amo est\u00e1 prohibido (art\u00edculos 28 y 73 del Decreto Presidencial 309\/90) a menos que se obtenga una autorizaci\u00f3n especial (art\u00edculo 17 del Decreto Presidencial 309\/90). A falta de autorizaci\u00f3n, las semillas s\u00f3lo pueden utilizarse para otros fines (zoot\u00e9cnicos, recolecci\u00f3n, etc.). Las semillas se venden con la reserva de que no ser\u00e1n utilizadas por terceros en conflicto con la ley.<\/em><\/span><\/div>\n","protected":false},"excerpt":{"rendered":"<p>Esta variedad de predominancia Sativa es un h\u00edbrido \u00fanico, resultado de una tentadora mezcla de Chemdawg y Super Skunk. La<\/p>\n","protected":false},"featured_media":176778,"comment_status":"open","ping_status":"closed","template":"","meta":[],"product_brand":[],"product_cat":[7953],"product_tag":[],"class_list":{"0":"post-176792","1":"product","2":"type-product","3":"status-publish","4":"has-post-thumbnail","6":"product_cat-seedshop-es","8":"first","9":"instock","10":"sale","11":"taxable","12":"shipping-taxable","13":"purchasable","14":"product-type-variable"},"_links":{"self":[{"href":"https:\/\/www.budream.com\/es\/wp-json\/wp\/v2\/product\/176792","targetHints":{"allow":["GET"]}}],"collection":[{"href":"https:\/\/www.budream.com\/es\/wp-json\/wp\/v2\/product"}],"about":[{"href":"https:\/\/www.budream.com\/es\/wp-json\/wp\/v2\/types\/product"}],"replies":[{"embeddable":true,"href":"https:\/\/www.budream.com\/es\/wp-json\/wp\/v2\/comments?post=176792"}],"version-history":[{"count":0,"href":"https:\/\/www.budream.com\/es\/wp-json\/wp\/v2\/product\/176792\/revisions"}],"wp:featuredmedia":[{"embeddable":true,"href":"https:\/\/www.budream.com\/es\/wp-json\/wp\/v2\/media\/176778"}],"wp:attachment":[{"href":"https:\/\/www.budream.com\/es\/wp-json\/wp\/v2\/media?parent=176792"}],"wp:term":[{"taxonomy":"product_brand","embeddable":true,"href":"https:\/\/www.budream.com\/es\/wp-json\/wp\/v2\/product_brand?post=176792"},{"taxonomy":"product_cat","embeddable":true,"href":"https:\/\/www.budream.com\/es\/wp-json\/wp\/v2\/product_cat?post=176792"},{"taxonomy":"product_tag","embeddable":true,"href":"https:\/\/www.budream.com\/es\/wp-json\/wp\/v2\/product_tag?post=176792"}],"curies":[{"name":"wp","href":"https:\/\/api.w.org\/{rel}","templated":true}]}}