{"id":177711,"date":"2025-08-01T05:53:30","date_gmt":"2025-08-01T03:53:30","guid":{"rendered":"https:\/\/www.budream.com\/shop\/barneys-farm-purple-punch-x-lemon-drizzle-fem\/"},"modified":"2026-03-18T00:02:01","modified_gmt":"2026-03-17T22:02:01","slug":"barneys-farm-purple-punch-x-lemon-drizzle-fem","status":"publish","type":"product","link":"https:\/\/www.budream.com\/es\/shop\/barneys-farm-purple-punch-x-lemon-drizzle-fem\/","title":{"rendered":"BARNEY&#8217;S FARM &#8211; PURPLE PUNCH X LEMON DRIZZLE FEM"},"content":{"rendered":"<div style=\"text-align: justify\">\u00a1He aqu\u00ed la majestuosa y seductora semilla de Purple Punch x Lemon Drizzle! Con su composici\u00f3n gen\u00e9ticamente trascendente de Indica dominante de Lemon Drizzle X Purple Punch, esta variedad es una obra maestra bot\u00e1nica que sorprender\u00e1 incluso a los conocedores m\u00e1s sofisticados.<\/div>\n<p><\/p>\n<h2><strong>Caracter\u00edsticas Purple Punch x Lemon Drizzle Fem:<\/strong><\/h2>\n<ul style=\"list-style-type: disc\">\n<li><strong>G\u00e9nero:<\/strong> Feminizada<\/li>\n<li><strong>Genotipo<\/strong>: 55% Indica \/ 45% Sativa<\/li>\n<li><strong>Gen\u00e9tica:<\/strong> Variedad Purple Punch x Variedad Lemon Drizzle<\/li>\n<li><strong>D\u00edas <\/strong><strong>: 60-65 <\/strong>d\u00edas<\/li>\n<\/ul>\n<p><\/p>\n<div style=\"text-align: justify\"><span style=\"font-size: 11pt\"><em><strong>ADVERTENCIA:<\/strong> Las semillas de c\u00e1\u00f1amo est\u00e1n excluidas de la noci\u00f3n legal de Cannabis, lo que significa que no deben considerarse una sustancia estupefaciente (L. 412 de 1974, art. 1, p\u00e1rrafo 1, lett. B; Convenci\u00f3n \u00danica sobre Estupefacientes de Nueva York de 1961 y tabla II del Decreto Ministerial 27\/7\/1992). En Italia, el cultivo del c\u00e1\u00f1amo est\u00e1 prohibido (art\u00edculos 28 y 73 del Decreto Presidencial 309\/90) a menos que se obtenga una autorizaci\u00f3n especial (art\u00edculo 17 del Decreto Presidencial 309\/90). A falta de autorizaci\u00f3n, las semillas s\u00f3lo pueden utilizarse para otros fines (zoot\u00e9cnicos, recolecci\u00f3n, etc.). Las semillas se venden con la reserva de que no ser\u00e1n utilizadas por terceros en conflicto con la ley.<\/em><\/span><\/div>\n","protected":false},"excerpt":{"rendered":"<p>\u00a1He aqu\u00ed la majestuosa y seductora semilla de Purple Punch x Lemon Drizzle! Con su composici\u00f3n gen\u00e9ticamente trascendente de Indica<\/p>\n","protected":false},"featured_media":177702,"comment_status":"open","ping_status":"closed","template":"","meta":[],"product_brand":[],"product_cat":[7953],"product_tag":[],"class_list":{"0":"post-177711","1":"product","2":"type-product","3":"status-publish","4":"has-post-thumbnail","6":"product_cat-seedshop-es","8":"first","9":"instock","10":"taxable","11":"shipping-taxable","12":"purchasable","13":"product-type-variable"},"aioseo_notices":[],"_links":{"self":[{"href":"https:\/\/www.budream.com\/es\/wp-json\/wp\/v2\/product\/177711","targetHints":{"allow":["GET"]}}],"collection":[{"href":"https:\/\/www.budream.com\/es\/wp-json\/wp\/v2\/product"}],"about":[{"href":"https:\/\/www.budream.com\/es\/wp-json\/wp\/v2\/types\/product"}],"replies":[{"embeddable":true,"href":"https:\/\/www.budream.com\/es\/wp-json\/wp\/v2\/comments?post=177711"}],"version-history":[{"count":0,"href":"https:\/\/www.budream.com\/es\/wp-json\/wp\/v2\/product\/177711\/revisions"}],"wp:featuredmedia":[{"embeddable":true,"href":"https:\/\/www.budream.com\/es\/wp-json\/wp\/v2\/media\/177702"}],"wp:attachment":[{"href":"https:\/\/www.budream.com\/es\/wp-json\/wp\/v2\/media?parent=177711"}],"wp:term":[{"taxonomy":"product_brand","embeddable":true,"href":"https:\/\/www.budream.com\/es\/wp-json\/wp\/v2\/product_brand?post=177711"},{"taxonomy":"product_cat","embeddable":true,"href":"https:\/\/www.budream.com\/es\/wp-json\/wp\/v2\/product_cat?post=177711"},{"taxonomy":"product_tag","embeddable":true,"href":"https:\/\/www.budream.com\/es\/wp-json\/wp\/v2\/product_tag?post=177711"}],"curies":[{"name":"wp","href":"https:\/\/api.w.org\/{rel}","templated":true}]}}