{"id":177960,"date":"2025-08-01T06:03:03","date_gmt":"2025-08-01T04:03:03","guid":{"rendered":"https:\/\/www.budream.com\/shop\/royal-queen-seeds-pink-runtz-auto-fem-usa-premium-2\/"},"modified":"2026-03-05T14:59:27","modified_gmt":"2026-03-05T12:59:27","slug":"royal-queen-seeds-pink-runtz-auto-fem-usa-premium-2","status":"publish","type":"product","link":"https:\/\/www.budream.com\/es\/shop\/royal-queen-seeds-pink-runtz-auto-fem-usa-premium-2\/","title":{"rendered":"ROYAL QUEEN SEEDS &#8211; PINK RUNTZ AUTO FEM (USA PREMIUM)"},"content":{"rendered":"<div style=\"text-align: justify\">La Pink Runtz Auto tiene antepasados muy famosos. Como versi\u00f3n autofloreciente de la Pink Runtz, desciende de las impresionantes Gelato Auto, Zkittlez y Pink Panties, y te alegrar\u00e1 saber que han transmitido muchas caracter\u00edsticas deseables.<\/div>\n<p><\/p>\n<h2><strong>Caracter\u00edsticas Pink Runtz Auto Fem Royal Queen Seeds:<\/strong><\/h2>\n<ul style=\"list-style-type: disc\">\n<li><strong>G\u00e9nero:<\/strong> Autofloreciente Feminizada<\/li>\n<li><strong>Genotipo:<\/strong> H\u00edbrido 50% Indica \/ 45% Sativa \/ 5% Ruderalis<\/li>\n<li><strong>Gen\u00e9tica <\/strong>: Pink Runtz x Ice Cream Auto<\/li>\n<li><strong>D\u00edas:<\/strong> 70-77<\/li>\n<\/ul>\n<p><\/p>\n<div style=\"text-align: justify\"><em><strong>ADVERTENCIA:<\/strong> Las semillas de c\u00e1\u00f1amo est\u00e1n excluidas de la noci\u00f3n legal de Cannabis, lo que significa que no deben considerarse una sustancia estupefaciente (L. 412 de 1974, art. 1, p\u00e1rrafo 1, lett. B; Convenci\u00f3n \u00danica sobre Estupefacientes de Nueva York de 1961 y tabla II del Decreto Ministerial 27\/7\/1992). En Italia, el cultivo del c\u00e1\u00f1amo est\u00e1 prohibido (art\u00edculos 28 y 73 del Decreto Presidencial 309\/90) a menos que se obtenga una autorizaci\u00f3n especial (art\u00edculo 17 del Decreto Presidencial 309\/90). A falta de autorizaci\u00f3n, las semillas s\u00f3lo pueden utilizarse para otros fines (zoot\u00e9cnicos, recolecci\u00f3n, etc.). Las semillas se venden con la reserva de que no ser\u00e1n utilizadas por terceros en conflicto con la ley.<\/em><\/div>\n","protected":false},"excerpt":{"rendered":"<p>La Pink Runtz Auto tiene antepasados muy famosos. Como versi\u00f3n autofloreciente de la Pink Runtz, desciende de las impresionantes Gelato<\/p>\n","protected":false},"featured_media":177945,"comment_status":"open","ping_status":"closed","template":"","meta":[],"product_brand":[],"product_cat":[7953],"product_tag":[],"class_list":{"0":"post-177960","1":"product","2":"type-product","3":"status-publish","4":"has-post-thumbnail","6":"product_cat-seedshop-es","8":"first","9":"instock","10":"taxable","11":"shipping-taxable","12":"purchasable","13":"product-type-variable"},"aioseo_notices":[],"_links":{"self":[{"href":"https:\/\/www.budream.com\/es\/wp-json\/wp\/v2\/product\/177960","targetHints":{"allow":["GET"]}}],"collection":[{"href":"https:\/\/www.budream.com\/es\/wp-json\/wp\/v2\/product"}],"about":[{"href":"https:\/\/www.budream.com\/es\/wp-json\/wp\/v2\/types\/product"}],"replies":[{"embeddable":true,"href":"https:\/\/www.budream.com\/es\/wp-json\/wp\/v2\/comments?post=177960"}],"version-history":[{"count":0,"href":"https:\/\/www.budream.com\/es\/wp-json\/wp\/v2\/product\/177960\/revisions"}],"wp:featuredmedia":[{"embeddable":true,"href":"https:\/\/www.budream.com\/es\/wp-json\/wp\/v2\/media\/177945"}],"wp:attachment":[{"href":"https:\/\/www.budream.com\/es\/wp-json\/wp\/v2\/media?parent=177960"}],"wp:term":[{"taxonomy":"product_brand","embeddable":true,"href":"https:\/\/www.budream.com\/es\/wp-json\/wp\/v2\/product_brand?post=177960"},{"taxonomy":"product_cat","embeddable":true,"href":"https:\/\/www.budream.com\/es\/wp-json\/wp\/v2\/product_cat?post=177960"},{"taxonomy":"product_tag","embeddable":true,"href":"https:\/\/www.budream.com\/es\/wp-json\/wp\/v2\/product_tag?post=177960"}],"curies":[{"name":"wp","href":"https:\/\/api.w.org\/{rel}","templated":true}]}}