{"id":178093,"date":"2025-08-01T06:08:35","date_gmt":"2025-08-01T04:08:35","guid":{"rendered":"https:\/\/www.budream.com\/shop\/royal-queen-seeds-grandaddy-purple-auto-fem-usa-premium\/"},"modified":"2026-01-15T14:46:21","modified_gmt":"2026-01-15T12:46:21","slug":"royal-queen-seeds-grandaddy-purple-auto-fem-usa-premium","status":"publish","type":"product","link":"https:\/\/www.budream.com\/es\/shop\/royal-queen-seeds-grandaddy-purple-auto-fem-usa-premium\/","title":{"rendered":"ROYAL QUEEN SEEDS &#8211; GRANDADDY PURPLE AUTO FEM (USA PREMIUM)"},"content":{"rendered":"<div style=\"text-align: justify\">La variedad Granddaddy Purple Auto posee un excelente patrimonio gen\u00e9tico. Es una versi\u00f3n autofloreciente de Granddaddy Purple, cuyos padres son Purple Urkle (Afghan x Skunk) y Big Bud Auto (un fenotipo de Mendocino Purps).<\/div>\n<p><\/p>\n<h2><strong>Caracter\u00edsticas Granddaddy Purple Auto Fem Royal Queen Seeds:<\/strong><\/h2>\n<ul style=\"list-style-type: disc\">\n<li><strong>G\u00e9nero:<\/strong> Autofloreciente Feminizada<\/li>\n<li><strong>Genotipo:<\/strong> H\u00edbrido 75% Indica \/ 20% Sativa \/ 5% Ruderalis<\/li>\n<li><strong>Gen\u00e9tica<\/strong>: Granddaddy Purple x Big Bud Auto<\/li>\n<li><strong>D\u00edas:<\/strong> 70-84<\/li>\n<\/ul>\n<p><\/p>\n<div style=\"text-align: justify\"><em><strong>ADVERTENCIA:<\/strong> Las semillas de c\u00e1\u00f1amo est\u00e1n excluidas de la noci\u00f3n legal de Cannabis, lo que significa que no deben considerarse una sustancia estupefaciente (L. 412 de 1974, Art. 1, p\u00e1rrafo 1, lett. B; Convenci\u00f3n \u00danica sobre Estupefacientes de Nueva York de 1961 y tabla II del Decreto Ministerial 27\/7\/1992). En Italia, el cultivo del c\u00e1\u00f1amo est\u00e1 prohibido (art\u00edculos 28 y 73 del Decreto Presidencial 309\/90) a menos que se obtenga una autorizaci\u00f3n especial (art\u00edculo 17 del Decreto Presidencial 309\/90). A falta de autorizaci\u00f3n, las semillas s\u00f3lo pueden utilizarse para otros fines (zoot\u00e9cnicos, recolecci\u00f3n, etc.). Las semillas se venden con la reserva de que no ser\u00e1n utilizadas por terceros en conflicto con la ley.<\/em><\/div>\n","protected":false},"excerpt":{"rendered":"<p>La variedad Granddaddy Purple Auto posee un excelente patrimonio gen\u00e9tico. Es una versi\u00f3n autofloreciente de Granddaddy Purple, cuyos padres son<\/p>\n","protected":false},"featured_media":178084,"comment_status":"open","ping_status":"closed","template":"","meta":[],"product_brand":[],"product_cat":[1175],"product_tag":[],"class_list":{"0":"post-178093","1":"product","2":"type-product","3":"status-publish","4":"has-post-thumbnail","6":"product_cat-seedshop","8":"first","9":"outofstock","10":"taxable","11":"shipping-taxable","12":"purchasable","13":"product-type-variable"},"aioseo_notices":[],"_links":{"self":[{"href":"https:\/\/www.budream.com\/es\/wp-json\/wp\/v2\/product\/178093","targetHints":{"allow":["GET"]}}],"collection":[{"href":"https:\/\/www.budream.com\/es\/wp-json\/wp\/v2\/product"}],"about":[{"href":"https:\/\/www.budream.com\/es\/wp-json\/wp\/v2\/types\/product"}],"replies":[{"embeddable":true,"href":"https:\/\/www.budream.com\/es\/wp-json\/wp\/v2\/comments?post=178093"}],"version-history":[{"count":0,"href":"https:\/\/www.budream.com\/es\/wp-json\/wp\/v2\/product\/178093\/revisions"}],"wp:featuredmedia":[{"embeddable":true,"href":"https:\/\/www.budream.com\/es\/wp-json\/wp\/v2\/media\/178084"}],"wp:attachment":[{"href":"https:\/\/www.budream.com\/es\/wp-json\/wp\/v2\/media?parent=178093"}],"wp:term":[{"taxonomy":"product_brand","embeddable":true,"href":"https:\/\/www.budream.com\/es\/wp-json\/wp\/v2\/product_brand?post=178093"},{"taxonomy":"product_cat","embeddable":true,"href":"https:\/\/www.budream.com\/es\/wp-json\/wp\/v2\/product_cat?post=178093"},{"taxonomy":"product_tag","embeddable":true,"href":"https:\/\/www.budream.com\/es\/wp-json\/wp\/v2\/product_tag?post=178093"}],"curies":[{"name":"wp","href":"https:\/\/api.w.org\/{rel}","templated":true}]}}