{"id":178186,"date":"2025-08-01T06:12:15","date_gmt":"2025-08-01T04:12:15","guid":{"rendered":"https:\/\/www.budream.com\/shop\/royal-queen-seeds-fem-ice-cream-cookies-usa-premium\/"},"modified":"2026-03-05T14:25:08","modified_gmt":"2026-03-05T12:25:08","slug":"royal-queen-seeds-fem-ice-cream-cookies-usa-premium","status":"publish","type":"product","link":"https:\/\/www.budream.com\/es\/shop\/royal-queen-seeds-fem-ice-cream-cookies-usa-premium\/","title":{"rendered":"ROYAL QUEEN SEEDS &#8211; FEM ICE CREAM COOKIES (USA PREMIUM)"},"content":{"rendered":"<p>Cookies Gelato es el fruto de dos variedades legendarias de cannabis. Ha heredado una potencia demencial, un sabor muy dulce y un rendimiento impresionante. Cookies Gelato ha heredado sus abrumadores efectos de sus poderosos padres: Girl Scout Cookies y Gelato y es la manifestaci\u00f3n de las mejores cualidades de estas dos cepas legendarias.<\/p>\n<h2><strong>Caracter\u00edsticas Cookies Gelato Royal Queen Seeds:<\/strong><\/h2>\n<ul style=\"list-style-type: disc\">\n<li><strong>G\u00e9nero:<\/strong> Feminizada<\/li>\n<li><strong>Genotipo:<\/strong> H\u00edbrido 50% Sativa \/ 50% Indica<\/li>\n<li><strong>Gen\u00e9tica:<\/strong> Girl Scout Cookie x Ice Cream 33<\/li>\n<li><strong>D\u00edas:<\/strong> 56-63<\/li>\n<\/ul>\n<p><em><strong>ADVERTENCIA:<\/strong> Las semillas de c\u00e1\u00f1amo est\u00e1n excluidas de la noci\u00f3n legal de Cannabis, lo que significa que no deben considerarse una sustancia estupefaciente (L. 412 de 1974, Art. 1, p\u00e1rrafo 1, lett. B; Convenci\u00f3n \u00danica sobre Estupefacientes de Nueva York de 1961 y tabla II del Decreto Ministerial 27\/7\/1992). En Italia, el cultivo del c\u00e1\u00f1amo est\u00e1 prohibido (art\u00edculos 28 y 73 del Decreto Presidencial 309\/90) a menos que se obtenga una autorizaci\u00f3n especial (art\u00edculo 17 del Decreto Presidencial 309\/90). A falta de autorizaci\u00f3n, las semillas s\u00f3lo pueden utilizarse para otros fines (zoot\u00e9cnicos, recolecci\u00f3n, etc.). Las semillas se venden con la reserva de que no ser\u00e1n utilizadas por terceros en conflicto con la ley.<\/em><\/p>\n","protected":false},"excerpt":{"rendered":"<p>Cookies Gelato es el fruto de dos variedades legendarias de cannabis. Ha heredado una potencia demencial, un sabor muy dulce<\/p>\n","protected":false},"featured_media":178175,"comment_status":"open","ping_status":"closed","template":"","meta":[],"product_brand":[],"product_cat":[1175],"product_tag":[],"class_list":{"0":"post-178186","1":"product","2":"type-product","3":"status-publish","4":"has-post-thumbnail","6":"product_cat-seedshop","8":"first","9":"instock","10":"taxable","11":"shipping-taxable","12":"purchasable","13":"product-type-variable"},"aioseo_notices":[],"_links":{"self":[{"href":"https:\/\/www.budream.com\/es\/wp-json\/wp\/v2\/product\/178186","targetHints":{"allow":["GET"]}}],"collection":[{"href":"https:\/\/www.budream.com\/es\/wp-json\/wp\/v2\/product"}],"about":[{"href":"https:\/\/www.budream.com\/es\/wp-json\/wp\/v2\/types\/product"}],"replies":[{"embeddable":true,"href":"https:\/\/www.budream.com\/es\/wp-json\/wp\/v2\/comments?post=178186"}],"version-history":[{"count":0,"href":"https:\/\/www.budream.com\/es\/wp-json\/wp\/v2\/product\/178186\/revisions"}],"wp:featuredmedia":[{"embeddable":true,"href":"https:\/\/www.budream.com\/es\/wp-json\/wp\/v2\/media\/178175"}],"wp:attachment":[{"href":"https:\/\/www.budream.com\/es\/wp-json\/wp\/v2\/media?parent=178186"}],"wp:term":[{"taxonomy":"product_brand","embeddable":true,"href":"https:\/\/www.budream.com\/es\/wp-json\/wp\/v2\/product_brand?post=178186"},{"taxonomy":"product_cat","embeddable":true,"href":"https:\/\/www.budream.com\/es\/wp-json\/wp\/v2\/product_cat?post=178186"},{"taxonomy":"product_tag","embeddable":true,"href":"https:\/\/www.budream.com\/es\/wp-json\/wp\/v2\/product_tag?post=178186"}],"curies":[{"name":"wp","href":"https:\/\/api.w.org\/{rel}","templated":true}]}}