{"id":178378,"date":"2025-08-01T06:21:14","date_gmt":"2025-08-01T04:21:14","guid":{"rendered":"https:\/\/www.budream.com\/shop\/royal-queen-seeds-shining-silver-haze-fem\/"},"modified":"2026-03-27T13:50:53","modified_gmt":"2026-03-27T11:50:53","slug":"royal-queen-seeds-shining-silver-haze-fem","status":"publish","type":"product","link":"https:\/\/www.budream.com\/es\/shop\/royal-queen-seeds-shining-silver-haze-fem\/","title":{"rendered":"ROYAL QUEEN SEEDS &#8211; SHINING SILVER HAZE FEM"},"content":{"rendered":"<div id=\"short_description_content\" class=\"rte short-description-product hidden-sm hidden-xs\">\n<p style=\"text-align: justify\">Shining Silver Haze combina las mejores cualidades de las cepas Haze m\u00e1s cl\u00e1sicas en una variedad de floraci\u00f3n r\u00e1pida y alto rendimiento. Royal Queen Seeds se enorgullece de ofrecer su versi\u00f3n, <em>Shining Silver Haz<\/em>e, una gen\u00e9tica para verdaderos conocedores de sativas.<\/p>\n<\/div>\n<h2><strong>Caracter\u00edsticas de la Shining Silver Haze de Royal Queen Seeds:<\/strong><\/h2>\n<ul style=\"list-style-type: disc\">\n<li><strong>G\u00e9nero:<\/strong> Feminizada<\/li>\n<li><strong>Genotipo<\/strong>: H\u00edbrido 75% Sativa 25% Indica<\/li>\n<li><strong>Gen\u00e9tica:<\/strong> Haze x (Skunk x Northern Light)<\/li>\n<li><strong>D\u00edas:<\/strong> 63-77<\/li>\n<\/ul>\n<p><\/p>\n<div style=\"text-align: justify\"><em><strong>ADVERTENCIA:<\/strong> Las semillas de c\u00e1\u00f1amo est\u00e1n excluidas de la noci\u00f3n legal de Cannabis, lo que significa que no deben considerarse una sustancia estupefaciente (L. 412 de 1974, art. 1, coma 1, lett. B; Convenci\u00f3n \u00danica sobre Estupefacientes de Nueva York de 1961 y tabla II del decreto ministerial 27\/7\/1992). En Italia, el cultivo del c\u00e1\u00f1amo est\u00e1 prohibido (art\u00edculos 28 y 73 del Decreto Presidencial 309\/90) a menos que se obtenga una autorizaci\u00f3n especial (art\u00edculo 17 del Decreto Presidencial 309\/90). A falta de autorizaci\u00f3n, las semillas s\u00f3lo pueden utilizarse para otros fines (zoot\u00e9cnicos, recolecci\u00f3n, etc.). Las semillas se venden con la reserva de que no sean utilizadas por terceros en conflicto con la ley.<\/em><\/div>\n","protected":false},"excerpt":{"rendered":"<p>Shining Silver Haze combina las mejores cualidades de las cepas Haze m\u00e1s cl\u00e1sicas en una variedad de floraci\u00f3n r\u00e1pida y<\/p>\n","protected":false},"featured_media":178369,"comment_status":"open","ping_status":"closed","template":"","meta":[],"product_brand":[],"product_cat":[7953],"product_tag":[],"class_list":{"0":"post-178378","1":"product","2":"type-product","3":"status-publish","4":"has-post-thumbnail","6":"product_cat-seedshop-es","8":"first","9":"instock","10":"taxable","11":"shipping-taxable","12":"purchasable","13":"product-type-variable"},"aioseo_notices":[],"_links":{"self":[{"href":"https:\/\/www.budream.com\/es\/wp-json\/wp\/v2\/product\/178378","targetHints":{"allow":["GET"]}}],"collection":[{"href":"https:\/\/www.budream.com\/es\/wp-json\/wp\/v2\/product"}],"about":[{"href":"https:\/\/www.budream.com\/es\/wp-json\/wp\/v2\/types\/product"}],"replies":[{"embeddable":true,"href":"https:\/\/www.budream.com\/es\/wp-json\/wp\/v2\/comments?post=178378"}],"version-history":[{"count":0,"href":"https:\/\/www.budream.com\/es\/wp-json\/wp\/v2\/product\/178378\/revisions"}],"wp:featuredmedia":[{"embeddable":true,"href":"https:\/\/www.budream.com\/es\/wp-json\/wp\/v2\/media\/178369"}],"wp:attachment":[{"href":"https:\/\/www.budream.com\/es\/wp-json\/wp\/v2\/media?parent=178378"}],"wp:term":[{"taxonomy":"product_brand","embeddable":true,"href":"https:\/\/www.budream.com\/es\/wp-json\/wp\/v2\/product_brand?post=178378"},{"taxonomy":"product_cat","embeddable":true,"href":"https:\/\/www.budream.com\/es\/wp-json\/wp\/v2\/product_cat?post=178378"},{"taxonomy":"product_tag","embeddable":true,"href":"https:\/\/www.budream.com\/es\/wp-json\/wp\/v2\/product_tag?post=178378"}],"curies":[{"name":"wp","href":"https:\/\/api.w.org\/{rel}","templated":true}]}}