{"id":178559,"date":"2025-08-01T06:29:02","date_gmt":"2025-08-01T04:29:02","guid":{"rendered":"https:\/\/www.budream.com\/shop\/royal-queen-seeds-power-flower-fem\/"},"modified":"2026-03-30T10:26:34","modified_gmt":"2026-03-30T08:26:34","slug":"royal-queen-seeds-power-flower-fem","status":"publish","type":"product","link":"https:\/\/www.budream.com\/es\/shop\/royal-queen-seeds-power-flower-fem\/","title":{"rendered":"ROYAL QUEEN SEEDS &#8211; POWER FLOWER FEM"},"content":{"rendered":"<div style=\"text-align: justify\">Durante la d\u00e9cada de 1990, un grupo de apasionados cultivadores de Holanda viaj\u00f3 a Sud\u00e1frica para recoger nuevas gen\u00e9ticas que a\u00f1adir a su biblioteca. Utilizando estas gen\u00e9ticas \u00fanicas recogidas en el viaje, el equipo de RQS consigui\u00f3 crear una variedad sativa potente y casi pura (88%) llamada Power Flower.<\/p>\n<\/div>\n<h2><strong>Caracter\u00edsticas Power Flower Royal Queen Seeds:<\/strong><\/h2>\n<ul style=\"list-style-type: disc\">\n<li><strong>G\u00e9nero:<\/strong> Feminizada<\/li>\n<li><strong>Genotipo:<\/strong> H\u00edbrido 88% Sativa 12% Indica<\/li>\n<li><strong>Gen\u00e9tica:<\/strong> Sativas sudafricanas<\/li>\n<li><strong>D\u00edas:<\/strong> 49-56<\/li>\n<\/ul>\n<p><\/p>\n<div style=\"text-align: justify\"><em><strong>ADVERTENCIA:<\/strong> Las semillas de c\u00e1\u00f1amo est\u00e1n excluidas de la noci\u00f3n legal de Cannabis, lo que significa que no deben considerarse una sustancia estupefaciente (L. 412 de 1974, art. 1, p\u00e1rrafo 1, lett. B; Convenci\u00f3n \u00danica sobre Estupefacientes de Nueva York de 1961 y tabla II del Decreto Ministerial 27\/7\/1992). En Italia, el cultivo del c\u00e1\u00f1amo est\u00e1 prohibido (art\u00edculos 28 y 73 del Decreto Presidencial 309\/90) a menos que se obtenga una autorizaci\u00f3n especial (art\u00edculo 17 del Decreto Presidencial 309\/90). A falta de autorizaci\u00f3n, las semillas s\u00f3lo pueden utilizarse para otros fines (zoot\u00e9cnicos, recolecci\u00f3n, etc.). Las semillas se venden con la reserva de que no sean utilizadas por terceros en conflicto con la ley.<\/em><\/div>\n","protected":false},"excerpt":{"rendered":"<p>Durante la d\u00e9cada de 1990, un grupo de apasionados cultivadores de Holanda viaj\u00f3 a Sud\u00e1frica para recoger nuevas gen\u00e9ticas que<\/p>\n","protected":false},"featured_media":178546,"comment_status":"open","ping_status":"closed","template":"","meta":[],"product_brand":[],"product_cat":[7953],"product_tag":[],"class_list":{"0":"post-178559","1":"product","2":"type-product","3":"status-publish","4":"has-post-thumbnail","6":"product_cat-seedshop-es","8":"first","9":"instock","10":"taxable","11":"shipping-taxable","12":"purchasable","13":"product-type-variable"},"aioseo_notices":[],"_links":{"self":[{"href":"https:\/\/www.budream.com\/es\/wp-json\/wp\/v2\/product\/178559","targetHints":{"allow":["GET"]}}],"collection":[{"href":"https:\/\/www.budream.com\/es\/wp-json\/wp\/v2\/product"}],"about":[{"href":"https:\/\/www.budream.com\/es\/wp-json\/wp\/v2\/types\/product"}],"replies":[{"embeddable":true,"href":"https:\/\/www.budream.com\/es\/wp-json\/wp\/v2\/comments?post=178559"}],"version-history":[{"count":0,"href":"https:\/\/www.budream.com\/es\/wp-json\/wp\/v2\/product\/178559\/revisions"}],"wp:featuredmedia":[{"embeddable":true,"href":"https:\/\/www.budream.com\/es\/wp-json\/wp\/v2\/media\/178546"}],"wp:attachment":[{"href":"https:\/\/www.budream.com\/es\/wp-json\/wp\/v2\/media?parent=178559"}],"wp:term":[{"taxonomy":"product_brand","embeddable":true,"href":"https:\/\/www.budream.com\/es\/wp-json\/wp\/v2\/product_brand?post=178559"},{"taxonomy":"product_cat","embeddable":true,"href":"https:\/\/www.budream.com\/es\/wp-json\/wp\/v2\/product_cat?post=178559"},{"taxonomy":"product_tag","embeddable":true,"href":"https:\/\/www.budream.com\/es\/wp-json\/wp\/v2\/product_tag?post=178559"}],"curies":[{"name":"wp","href":"https:\/\/api.w.org\/{rel}","templated":true}]}}