{"id":178623,"date":"2025-08-01T06:30:47","date_gmt":"2025-08-01T04:30:47","guid":{"rendered":"https:\/\/www.budream.com\/shop\/royal-queen-seeds-sweet-zz-automatic-fem-usa-premium\/"},"modified":"2026-03-27T12:34:48","modified_gmt":"2026-03-27T10:34:48","slug":"royal-queen-seeds-sweet-zz-automatic-fem-usa-premium","status":"publish","type":"product","link":"https:\/\/www.budream.com\/es\/shop\/royal-queen-seeds-sweet-zz-automatic-fem-usa-premium\/","title":{"rendered":"ROYAL QUEEN SEEDS &#8211; SWEET ZZ AUTOMATIC FEM (USA PREMIUM)"},"content":{"rendered":"<p>La Sweet ZZ Automatic fue pionera en el mundo de las gen\u00e9ticas autoflorecientes. Los criadores eligieron la Zkittlez como primer parental, tras lo cual necesit\u00e1bamos encontrar algo igual de sabroso para aportar algo de gen\u00e9tica autofloreciente a la mezcla. Diesel Auto era la opci\u00f3n perfecta.<\/p>\n<p><\/p>\n<h2><strong>Caracter\u00edsticas Sweet ZZ Automatic Royal Queen Seeds:<\/strong><\/h2>\n<ul style=\"list-style-type: disc\">\n<li><strong>G\u00e9nero:<\/strong> Autofloreciente Feminizada<\/li>\n<li><strong>Genotipo:<\/strong> H\u00edbrido 35% Sativa \/ 60% Indica \/ 5% Ruderalis<\/li>\n<li><strong>Gen\u00e9tica:<\/strong> Sweet ZZ x Diesel Auto<\/li>\n<li><strong>D\u00edas:<\/strong> 42-49<\/li>\n<\/ul>\n<p><em><strong>ADVERTENCIA:<\/strong> Las semillas de c\u00e1\u00f1amo est\u00e1n excluidas de la noci\u00f3n legal de Cannabis, lo que significa que no deben considerarse una sustancia estupefaciente (L. 412 de 1974, art. 1, p\u00e1rrafo 1, lett. B; Convenci\u00f3n \u00danica sobre Estupefacientes de Nueva York de 1961 y tabla II del Decreto Ministerial 27\/7\/1992). En Italia, el cultivo del c\u00e1\u00f1amo est\u00e1 prohibido (art\u00edculos 28 y 73 del Decreto Presidencial 309\/90) a menos que se obtenga una autorizaci\u00f3n especial (art\u00edculo 17 del Decreto Presidencial 309\/90). A falta de autorizaci\u00f3n, las semillas s\u00f3lo pueden utilizarse para otros fines (zoot\u00e9cnicos, recolecci\u00f3n, etc.). Las semillas se venden con la reserva de que no sean utilizadas por terceros en conflicto con la ley<\/em><\/p>\n","protected":false},"excerpt":{"rendered":"<p>La Sweet ZZ Automatic fue pionera en el mundo de las gen\u00e9ticas autoflorecientes. Los criadores eligieron la Zkittlez como primer<\/p>\n","protected":false},"featured_media":178611,"comment_status":"open","ping_status":"closed","template":"","meta":[],"product_brand":[],"product_cat":[7953],"product_tag":[],"class_list":{"0":"post-178623","1":"product","2":"type-product","3":"status-publish","4":"has-post-thumbnail","6":"product_cat-seedshop-es","8":"first","9":"instock","10":"taxable","11":"shipping-taxable","12":"purchasable","13":"product-type-variable"},"aioseo_notices":[],"_links":{"self":[{"href":"https:\/\/www.budream.com\/es\/wp-json\/wp\/v2\/product\/178623","targetHints":{"allow":["GET"]}}],"collection":[{"href":"https:\/\/www.budream.com\/es\/wp-json\/wp\/v2\/product"}],"about":[{"href":"https:\/\/www.budream.com\/es\/wp-json\/wp\/v2\/types\/product"}],"replies":[{"embeddable":true,"href":"https:\/\/www.budream.com\/es\/wp-json\/wp\/v2\/comments?post=178623"}],"version-history":[{"count":0,"href":"https:\/\/www.budream.com\/es\/wp-json\/wp\/v2\/product\/178623\/revisions"}],"wp:featuredmedia":[{"embeddable":true,"href":"https:\/\/www.budream.com\/es\/wp-json\/wp\/v2\/media\/178611"}],"wp:attachment":[{"href":"https:\/\/www.budream.com\/es\/wp-json\/wp\/v2\/media?parent=178623"}],"wp:term":[{"taxonomy":"product_brand","embeddable":true,"href":"https:\/\/www.budream.com\/es\/wp-json\/wp\/v2\/product_brand?post=178623"},{"taxonomy":"product_cat","embeddable":true,"href":"https:\/\/www.budream.com\/es\/wp-json\/wp\/v2\/product_cat?post=178623"},{"taxonomy":"product_tag","embeddable":true,"href":"https:\/\/www.budream.com\/es\/wp-json\/wp\/v2\/product_tag?post=178623"}],"curies":[{"name":"wp","href":"https:\/\/api.w.org\/{rel}","templated":true}]}}