{"id":178783,"date":"2025-08-01T06:40:32","date_gmt":"2025-08-01T04:40:32","guid":{"rendered":"https:\/\/www.budream.com\/shop\/royal-queen-seeds-apple-fritter-auto-usa-premium\/"},"modified":"2026-02-03T14:15:37","modified_gmt":"2026-02-03T12:15:37","slug":"royal-queen-seeds-apple-fritter-auto-usa-premium","status":"publish","type":"product","link":"https:\/\/www.budream.com\/es\/shop\/royal-queen-seeds-apple-fritter-auto-usa-premium\/","title":{"rendered":"ROYAL QUEEN SEEDS &#8211; APPLE FRITTER AUTO (USA PREMIUM)"},"content":{"rendered":"<div style=\"text-align: justify\">Apple Fritter Automatic combina las mejores caracter\u00edsticas de la cepa original con la rapidez y eficacia de la gen\u00e9tica ruderalis.<\/div>\n<p><\/p>\n<h2><strong>Caracter\u00edsticas Apple Fritter Auto Fem Royal Queen Seeds:<\/strong><\/h2>\n<ul style=\"list-style-type: disc\">\n<li><strong>G\u00e9nero:<\/strong> Autofloreciente Feminizada<\/li>\n<li><strong>Genotipo:<\/strong> H\u00edbrido Sativa 35% Indica 60% Ruderalis 5%.<\/li>\n<li><strong>Gen\u00e9tica:<\/strong> Sour Apple Auto x Animal Cookies<\/li>\n<li><strong>D\u00edas: <\/strong>77-84<\/li>\n<\/ul>\n<p><\/p>\n<div style=\"text-align: justify\"><em><strong>ADVERTENCIA:<\/strong> Las semillas de c\u00e1\u00f1amo est\u00e1n excluidas de la noci\u00f3n legal de Cannabis, lo que significa que no deben considerarse una sustancia estupefaciente (L. 412 de 1974, art. 1, coma 1, lett. B; Convenci\u00f3n \u00danica sobre Estupefacientes de Nueva York de 1961 y tabla II del Decreto Ministerial 27\/7\/1992). En Italia, el cultivo del c\u00e1\u00f1amo est\u00e1 prohibido (art\u00edculos 28 y 73 del Decreto Presidencial 309\/90) a menos que se obtenga una autorizaci\u00f3n especial (art\u00edculo 17 del Decreto Presidencial 309\/90). A falta de autorizaci\u00f3n, las semillas s\u00f3lo pueden utilizarse para otros fines (zoot\u00e9cnicos, recolecci\u00f3n, etc.). Las semillas se venden con la reserva de que no ser\u00e1n utilizadas por terceros en conflicto con la ley.<\/em><\/div>\n","protected":false},"excerpt":{"rendered":"<p>Apple Fritter Automatic combina las mejores caracter\u00edsticas de la cepa original con la rapidez y eficacia de la gen\u00e9tica ruderalis.<\/p>\n","protected":false},"featured_media":178774,"comment_status":"open","ping_status":"closed","template":"","meta":[],"product_brand":[],"product_cat":[7953],"product_tag":[],"class_list":{"0":"post-178783","1":"product","2":"type-product","3":"status-publish","4":"has-post-thumbnail","6":"product_cat-seedshop-es","8":"first","9":"instock","10":"sale","11":"taxable","12":"shipping-taxable","13":"purchasable","14":"product-type-variable"},"_links":{"self":[{"href":"https:\/\/www.budream.com\/es\/wp-json\/wp\/v2\/product\/178783","targetHints":{"allow":["GET"]}}],"collection":[{"href":"https:\/\/www.budream.com\/es\/wp-json\/wp\/v2\/product"}],"about":[{"href":"https:\/\/www.budream.com\/es\/wp-json\/wp\/v2\/types\/product"}],"replies":[{"embeddable":true,"href":"https:\/\/www.budream.com\/es\/wp-json\/wp\/v2\/comments?post=178783"}],"version-history":[{"count":0,"href":"https:\/\/www.budream.com\/es\/wp-json\/wp\/v2\/product\/178783\/revisions"}],"wp:featuredmedia":[{"embeddable":true,"href":"https:\/\/www.budream.com\/es\/wp-json\/wp\/v2\/media\/178774"}],"wp:attachment":[{"href":"https:\/\/www.budream.com\/es\/wp-json\/wp\/v2\/media?parent=178783"}],"wp:term":[{"taxonomy":"product_brand","embeddable":true,"href":"https:\/\/www.budream.com\/es\/wp-json\/wp\/v2\/product_brand?post=178783"},{"taxonomy":"product_cat","embeddable":true,"href":"https:\/\/www.budream.com\/es\/wp-json\/wp\/v2\/product_cat?post=178783"},{"taxonomy":"product_tag","embeddable":true,"href":"https:\/\/www.budream.com\/es\/wp-json\/wp\/v2\/product_tag?post=178783"}],"curies":[{"name":"wp","href":"https:\/\/api.w.org\/{rel}","templated":true}]}}