{"id":179183,"date":"2025-08-01T07:02:14","date_gmt":"2025-08-01T05:02:14","guid":{"rendered":"https:\/\/www.budream.com\/shop\/semillas-dulces-red-hot-cookies-fem-swrhcp3\/"},"modified":"2026-03-24T22:41:08","modified_gmt":"2026-03-24T20:41:08","slug":"semillas-dulces-red-hot-cookies-fem-swrhcp3","status":"publish","type":"product","link":"https:\/\/www.budream.com\/es\/shop\/semillas-dulces-red-hot-cookies-fem-swrhcp3\/","title":{"rendered":"SEMILLAS DULCES &#8211; RED HOT COOKIES\u00ae FEM (SWRHCP3)"},"content":{"rendered":"<div style=\"text-align: justify\">Variedad resultante de la hibridaci\u00f3n de un clon \u00e9lite de Tropicanna Cookies (Girl Scout Cookies x Tangie) con un clon \u00e9lite de Tangie.<\/p>\n<\/div>\n<h2><strong>Caracter\u00edsticas Red Hot Cookies&reg; Fem:<\/strong><\/h2>\n<ul style=\"list-style-type: disc\">\n<li><strong>G\u00e9nero:<\/strong> H\u00edbrido Feminizado<\/li>\n<li><strong>Genotipo<\/strong>: H\u00edbrido: Indica: 40% \/ Sativa: 60%<\/li>\n<li><strong>Gen\u00e9tica:<\/strong> Tropicanna Cookies (Girl Scout Cookies x Tangie) x clon \u00e9lite de Tangie<\/li>\n<li>D\u00edas<strong>:<\/strong> 56 d\u00edas<\/li>\n<\/ul>\n<p><\/p>\n<div style=\"text-align: justify\"><span style=\"font-size: 11pt\"><em><strong>ADVERTENCIA:<\/strong> Las semillas de c\u00e1\u00f1amo est\u00e1n excluidas de la noci\u00f3n legal de Cannabis, lo que significa que no deben considerarse una sustancia estupefaciente (L. 412 de 1974, art. 1, coma 1, lett. B; Convenci\u00f3n \u00danica sobre Estupefacientes de Nueva York de 1961 y tabla II del decreto ministerial 27\/7\/1992). En Italia, el cultivo del c\u00e1\u00f1amo est\u00e1 prohibido (art\u00edculos 28 y 73 del Decreto Presidencial 309\/90) a menos que se obtenga una autorizaci\u00f3n especial (art\u00edculo 17 del Decreto Presidencial 309\/90). A falta de autorizaci\u00f3n, las semillas s\u00f3lo pueden utilizarse para otros fines (zoot\u00e9cnicos, recolecci\u00f3n, etc.). Las semillas se venden con la reserva de que no ser\u00e1n utilizadas por terceros en conflicto con la ley.<\/em><\/span><\/div>\n","protected":false},"excerpt":{"rendered":"<p>Variedad resultante de la hibridaci\u00f3n de un clon \u00e9lite de Tropicanna Cookies (Girl Scout Cookies x Tangie) con un clon<\/p>\n","protected":false},"featured_media":179174,"comment_status":"open","ping_status":"closed","template":"","meta":[],"product_brand":[],"product_cat":[7953],"product_tag":[],"class_list":{"0":"post-179183","1":"product","2":"type-product","3":"status-publish","4":"has-post-thumbnail","6":"product_cat-seedshop-es","8":"first","9":"instock","10":"sale","11":"taxable","12":"shipping-taxable","13":"purchasable","14":"product-type-variable"},"_links":{"self":[{"href":"https:\/\/www.budream.com\/es\/wp-json\/wp\/v2\/product\/179183","targetHints":{"allow":["GET"]}}],"collection":[{"href":"https:\/\/www.budream.com\/es\/wp-json\/wp\/v2\/product"}],"about":[{"href":"https:\/\/www.budream.com\/es\/wp-json\/wp\/v2\/types\/product"}],"replies":[{"embeddable":true,"href":"https:\/\/www.budream.com\/es\/wp-json\/wp\/v2\/comments?post=179183"}],"version-history":[{"count":0,"href":"https:\/\/www.budream.com\/es\/wp-json\/wp\/v2\/product\/179183\/revisions"}],"wp:featuredmedia":[{"embeddable":true,"href":"https:\/\/www.budream.com\/es\/wp-json\/wp\/v2\/media\/179174"}],"wp:attachment":[{"href":"https:\/\/www.budream.com\/es\/wp-json\/wp\/v2\/media?parent=179183"}],"wp:term":[{"taxonomy":"product_brand","embeddable":true,"href":"https:\/\/www.budream.com\/es\/wp-json\/wp\/v2\/product_brand?post=179183"},{"taxonomy":"product_cat","embeddable":true,"href":"https:\/\/www.budream.com\/es\/wp-json\/wp\/v2\/product_cat?post=179183"},{"taxonomy":"product_tag","embeddable":true,"href":"https:\/\/www.budream.com\/es\/wp-json\/wp\/v2\/product_tag?post=179183"}],"curies":[{"name":"wp","href":"https:\/\/api.w.org\/{rel}","templated":true}]}}