{"id":179213,"date":"2025-08-01T07:03:51","date_gmt":"2025-08-01T05:03:51","guid":{"rendered":"https:\/\/www.budream.com\/shop\/sweet-seeds-mimosa-roja-xl-auto-fem-sws104\/"},"modified":"2026-03-24T22:21:54","modified_gmt":"2026-03-24T20:21:54","slug":"sweet-seeds-mimosa-roja-xl-auto-fem-sws104","status":"publish","type":"product","link":"https:\/\/www.budream.com\/es\/shop\/sweet-seeds-mimosa-roja-xl-auto-fem-sws104\/","title":{"rendered":"SWEET SEEDS &#8211; MIMOSA ROJA XL AUTO\u00ae FEM (SWS104)"},"content":{"rendered":"<div id=\"ficha_imagen\">\n<p style=\"text-align: justify\">Versi\u00f3n autofloreciente feminizada de floraci\u00f3n roja de nuestra Sweet Mimosa XL Auto&reg; (SWS94). Esta variedad es el resultado de la hibridaci\u00f3n y posterior estabilizaci\u00f3n entre cepas seleccionadas de nuestra Sweet Mimosa XL Auto&reg; y nuestra autofloreciente de floraci\u00f3n roja Red Strawberry Banana Auto&reg; (SWS90).<\/p>\n<\/div>\n<h2><strong>Caracter\u00edsticas Red Mimosa XL Auto Fem<\/strong><\/h2>\n<ul style=\"list-style-type: disc\">\n<li><strong>G\u00e9nero: <\/strong>Autofloreciente Feminizada<\/li>\n<li><strong>Genotipo<\/strong>: H\u00edbrido: 60% Indica\/ 40% Sativa<\/li>\n<li><strong>Gen\u00e9tica: <\/strong>Sweet Mimosa XL Auto&reg; (SWS94) x Red Strawberry Banana Auto&reg; (SWS90)<\/li>\n<li>D\u00edas<strong>:<\/strong> 56 d\u00edas<\/li>\n<\/ul>\n<p><\/p>\n<div style=\"text-align: justify\"><span style=\"font-size: 11pt\"><em><strong>ADVERTENCIA:<\/strong> Las semillas de c\u00e1\u00f1amo est\u00e1n excluidas de la noci\u00f3n legal de Cannabis, lo que significa que no deben considerarse una sustancia estupefaciente (L. 412 de 1974, Art. 1, p\u00e1rrafo 1, lett. B; Convenci\u00f3n \u00danica sobre Estupefacientes de Nueva York de 1961 y tabla II del Decreto Ministerial 27\/7\/1992). En Italia, el cultivo del c\u00e1\u00f1amo est\u00e1 prohibido (art\u00edculos 28 y 73 del Decreto Presidencial 309\/90) a menos que se obtenga una autorizaci\u00f3n especial (art\u00edculo 17 del Decreto Presidencial 309\/90). A falta de autorizaci\u00f3n, las semillas s\u00f3lo pueden utilizarse para otros fines (zoot\u00e9cnicos, recolecci\u00f3n, etc.). Las semillas se venden con la reserva de que no ser\u00e1n utilizadas por terceros en conflicto con la ley.<\/em><\/span><\/div>\n","protected":false},"excerpt":{"rendered":"<p>Versi\u00f3n autofloreciente feminizada de floraci\u00f3n roja de nuestra Sweet Mimosa XL Auto&reg; (SWS94). Esta variedad es el resultado de la<\/p>\n","protected":false},"featured_media":179209,"comment_status":"open","ping_status":"closed","template":"","meta":[],"product_brand":[],"product_cat":[7953],"product_tag":[],"class_list":{"0":"post-179213","1":"product","2":"type-product","3":"status-publish","4":"has-post-thumbnail","6":"product_cat-seedshop-es","8":"first","9":"instock","10":"sale","11":"taxable","12":"shipping-taxable","13":"purchasable","14":"product-type-variable"},"_links":{"self":[{"href":"https:\/\/www.budream.com\/es\/wp-json\/wp\/v2\/product\/179213","targetHints":{"allow":["GET"]}}],"collection":[{"href":"https:\/\/www.budream.com\/es\/wp-json\/wp\/v2\/product"}],"about":[{"href":"https:\/\/www.budream.com\/es\/wp-json\/wp\/v2\/types\/product"}],"replies":[{"embeddable":true,"href":"https:\/\/www.budream.com\/es\/wp-json\/wp\/v2\/comments?post=179213"}],"version-history":[{"count":0,"href":"https:\/\/www.budream.com\/es\/wp-json\/wp\/v2\/product\/179213\/revisions"}],"wp:featuredmedia":[{"embeddable":true,"href":"https:\/\/www.budream.com\/es\/wp-json\/wp\/v2\/media\/179209"}],"wp:attachment":[{"href":"https:\/\/www.budream.com\/es\/wp-json\/wp\/v2\/media?parent=179213"}],"wp:term":[{"taxonomy":"product_brand","embeddable":true,"href":"https:\/\/www.budream.com\/es\/wp-json\/wp\/v2\/product_brand?post=179213"},{"taxonomy":"product_cat","embeddable":true,"href":"https:\/\/www.budream.com\/es\/wp-json\/wp\/v2\/product_cat?post=179213"},{"taxonomy":"product_tag","embeddable":true,"href":"https:\/\/www.budream.com\/es\/wp-json\/wp\/v2\/product_tag?post=179213"}],"curies":[{"name":"wp","href":"https:\/\/api.w.org\/{rel}","templated":true}]}}