{"id":179278,"date":"2025-08-01T07:07:08","date_gmt":"2025-08-01T05:07:08","guid":{"rendered":"https:\/\/www.budream.com\/shop\/sweet-seeds-sorbete-de-fresa-cola-f1-fast-version-fem-sws106\/"},"modified":"2026-04-28T16:31:34","modified_gmt":"2026-04-28T14:31:34","slug":"sweet-seeds-sorbete-de-fresa-cola-f1-fast-version-fem-sws106","status":"publish","type":"product","link":"https:\/\/www.budream.com\/es\/shop\/sweet-seeds-sorbete-de-fresa-cola-f1-fast-version-fem-sws106\/","title":{"rendered":"SWEET SEEDS &#8211; SORBETE DE FRESA COLA F1 FAST VERSION\u00ae FEM (SWS106)"},"content":{"rendered":"<div style=\"text-align: justify\">Gen\u00e9tica feminizada, fotoperi\u00f3dica, de floraci\u00f3n ultrarr\u00e1pida y flor roja. Descendencia de primera generaci\u00f3n (F1) resultante del cruce entre un clon \u00e9lite fotodependiente seleccionado de la famosa variedad californiana Sunset Sherbet y una cepa autofloreciente seleccionada de Strawberry Cola Auto.<\/div>\n<p><\/p>\n<h2><strong>Sweet Strawberry Cola Sherbet F1 Fast Version&reg; Fem (SWS106):<\/strong><\/h2>\n<ul style=\"list-style-type: disc\">\n<li><strong>G\u00e9nero:<\/strong> H\u00edbrido Feminizado<\/li>\n<li><strong>Genotipo<\/strong>: H\u00edbrido: Indica: 80% \/ Sativa: 20%.<\/li>\n<li><strong>Gen\u00e9tica:<\/strong> Clon \u00e9lite de Sunset Sherbet x Strawberry Cola Auto<\/li>\n<li>D\u00edas<strong>:<\/strong> 49 d\u00edas<\/li>\n<\/ul>\n<p><\/p>\n<div style=\"text-align: justify\"><span style=\"font-size: 11pt\"><em><strong>ADVERTENCIA:<\/strong> Las semillas de c\u00e1\u00f1amo est\u00e1n excluidas de la noci\u00f3n legal de Cannabis, lo que significa que no deben considerarse una sustancia estupefaciente (L. 412 de 1974, Art. 1, p\u00e1rrafo 1, lett. B; Convenci\u00f3n \u00danica sobre Estupefacientes de Nueva York de 1961 y tabla II del Decreto Ministerial 27\/7\/1992). En Italia, el cultivo del c\u00e1\u00f1amo est\u00e1 prohibido (art\u00edculos 28 y 73 del Decreto Presidencial 309\/90) a menos que se obtenga una autorizaci\u00f3n especial (art\u00edculo 17 del Decreto Presidencial 309\/90). A falta de autorizaci\u00f3n, las semillas s\u00f3lo pueden utilizarse para otros fines (zoot\u00e9cnicos, recolecci\u00f3n, etc.). Las semillas se venden con la reserva de que no ser\u00e1n utilizadas por terceros en conflicto con la ley.<\/em><\/span><\/div>\n","protected":false},"excerpt":{"rendered":"<p>Gen\u00e9tica feminizada, fotoperi\u00f3dica, de floraci\u00f3n ultrarr\u00e1pida y flor roja. Descendencia de primera generaci\u00f3n (F1) resultante del cruce entre un clon<\/p>\n","protected":false},"featured_media":179274,"comment_status":"open","ping_status":"closed","template":"","meta":[],"product_brand":[],"product_cat":[7953],"product_tag":[],"class_list":{"0":"post-179278","1":"product","2":"type-product","3":"status-publish","4":"has-post-thumbnail","6":"product_cat-seedshop-es","8":"first","9":"instock","10":"sale","11":"taxable","12":"shipping-taxable","13":"purchasable","14":"product-type-variable"},"_links":{"self":[{"href":"https:\/\/www.budream.com\/es\/wp-json\/wp\/v2\/product\/179278","targetHints":{"allow":["GET"]}}],"collection":[{"href":"https:\/\/www.budream.com\/es\/wp-json\/wp\/v2\/product"}],"about":[{"href":"https:\/\/www.budream.com\/es\/wp-json\/wp\/v2\/types\/product"}],"replies":[{"embeddable":true,"href":"https:\/\/www.budream.com\/es\/wp-json\/wp\/v2\/comments?post=179278"}],"version-history":[{"count":1,"href":"https:\/\/www.budream.com\/es\/wp-json\/wp\/v2\/product\/179278\/revisions"}],"predecessor-version":[{"id":262582,"href":"https:\/\/www.budream.com\/es\/wp-json\/wp\/v2\/product\/179278\/revisions\/262582"}],"wp:featuredmedia":[{"embeddable":true,"href":"https:\/\/www.budream.com\/es\/wp-json\/wp\/v2\/media\/179274"}],"wp:attachment":[{"href":"https:\/\/www.budream.com\/es\/wp-json\/wp\/v2\/media?parent=179278"}],"wp:term":[{"taxonomy":"product_brand","embeddable":true,"href":"https:\/\/www.budream.com\/es\/wp-json\/wp\/v2\/product_brand?post=179278"},{"taxonomy":"product_cat","embeddable":true,"href":"https:\/\/www.budream.com\/es\/wp-json\/wp\/v2\/product_cat?post=179278"},{"taxonomy":"product_tag","embeddable":true,"href":"https:\/\/www.budream.com\/es\/wp-json\/wp\/v2\/product_tag?post=179278"}],"curies":[{"name":"wp","href":"https:\/\/api.w.org\/{rel}","templated":true}]}}