{"id":179313,"date":"2025-08-01T07:08:45","date_gmt":"2025-08-01T05:08:45","guid":{"rendered":"https:\/\/www.budream.com\/shop\/sweet-seeds-tropicanna-poison-xl-auto-fem-sws95\/"},"modified":"2026-04-28T16:24:56","modified_gmt":"2026-04-28T14:24:56","slug":"sweet-seeds-tropicanna-poison-xl-auto-fem-sws95","status":"publish","type":"product","link":"https:\/\/www.budream.com\/es\/shop\/sweet-seeds-tropicanna-poison-xl-auto-fem-sws95\/","title":{"rendered":"SWEET SEEDS &#8211; TROPICANNA POISON XL AUTO\u00ae FEM (SWS95)"},"content":{"rendered":"<div id=\"ficha_imagen\">\n<p style=\"text-align: justify\">Versi\u00f3n autofloreciente, feminizada y de floraci\u00f3n roja de nuestra Tropicanna Poison F1 Fast Version&reg; (SWS85). Contiene la gen\u00e9tica de una de las variedades de la familia Cookies &#8216;Super Strong&#8217; m\u00e1s populares de EE.UU., Tropicanna Cookies (Girl Scout Cookies x Tangie).<\/p>\n<\/div>\n<h2><strong>Caracter\u00edsticas Tropicanna Poison XL Auto Fem<\/strong><\/h2>\n<ul style=\"list-style-type: disc\">\n<li><strong>G\u00e9nero: <\/strong>Autofloreciente Feminizada<\/li>\n<li><strong>Genotipo<\/strong>: H\u00edbrido: Indica\/Sativa\/Ruderalis<\/li>\n<li><strong>Gen\u00e9tica <\/strong>: Tropicanna Poison F1 Fast Version&reg; (SWS85) x Ruderalis<\/li>\n<li>D\u00edas<strong>:<\/strong> 56 d\u00edas<\/li>\n<\/ul>\n<p><\/p>\n<div style=\"text-align: justify\"><span style=\"font-size: 11pt\"><em><strong>ADVERTENCIA:<\/strong> Las semillas de c\u00e1\u00f1amo est\u00e1n excluidas de la noci\u00f3n legal de Cannabis, lo que significa que no deben considerarse una sustancia estupefaciente (L. 412 de 1974, art. 1, coma 1, lett. B; Convenci\u00f3n \u00danica sobre Estupefacientes de Nueva York de 1961 y tabla II del Decreto Ministerial 27\/7\/1992). En Italia, el cultivo del c\u00e1\u00f1amo est\u00e1 prohibido (art\u00edculos 28 y 73 del Decreto Presidencial 309\/90) a menos que se obtenga una autorizaci\u00f3n especial (art\u00edculo 17 del Decreto Presidencial 309\/90). A falta de autorizaci\u00f3n, las semillas s\u00f3lo pueden utilizarse para otros fines (zoot\u00e9cnicos, recolecci\u00f3n, etc.). Las semillas se venden con la reserva de que no ser\u00e1n utilizadas por terceros en conflicto con la ley.<\/em><\/span><\/div>\n","protected":false},"excerpt":{"rendered":"<p>Versi\u00f3n autofloreciente, feminizada y de floraci\u00f3n roja de nuestra Tropicanna Poison F1 Fast Version&reg; (SWS85). Contiene la gen\u00e9tica de una<\/p>\n","protected":false},"featured_media":179304,"comment_status":"open","ping_status":"closed","template":"","meta":[],"product_brand":[],"product_cat":[7953],"product_tag":[],"class_list":{"0":"post-179313","1":"product","2":"type-product","3":"status-publish","4":"has-post-thumbnail","6":"product_cat-seedshop-es","8":"first","9":"instock","10":"sale","11":"taxable","12":"shipping-taxable","13":"purchasable","14":"product-type-variable"},"_links":{"self":[{"href":"https:\/\/www.budream.com\/es\/wp-json\/wp\/v2\/product\/179313","targetHints":{"allow":["GET"]}}],"collection":[{"href":"https:\/\/www.budream.com\/es\/wp-json\/wp\/v2\/product"}],"about":[{"href":"https:\/\/www.budream.com\/es\/wp-json\/wp\/v2\/types\/product"}],"replies":[{"embeddable":true,"href":"https:\/\/www.budream.com\/es\/wp-json\/wp\/v2\/comments?post=179313"}],"version-history":[{"count":1,"href":"https:\/\/www.budream.com\/es\/wp-json\/wp\/v2\/product\/179313\/revisions"}],"predecessor-version":[{"id":264377,"href":"https:\/\/www.budream.com\/es\/wp-json\/wp\/v2\/product\/179313\/revisions\/264377"}],"wp:featuredmedia":[{"embeddable":true,"href":"https:\/\/www.budream.com\/es\/wp-json\/wp\/v2\/media\/179304"}],"wp:attachment":[{"href":"https:\/\/www.budream.com\/es\/wp-json\/wp\/v2\/media?parent=179313"}],"wp:term":[{"taxonomy":"product_brand","embeddable":true,"href":"https:\/\/www.budream.com\/es\/wp-json\/wp\/v2\/product_brand?post=179313"},{"taxonomy":"product_cat","embeddable":true,"href":"https:\/\/www.budream.com\/es\/wp-json\/wp\/v2\/product_cat?post=179313"},{"taxonomy":"product_tag","embeddable":true,"href":"https:\/\/www.budream.com\/es\/wp-json\/wp\/v2\/product_tag?post=179313"}],"curies":[{"name":"wp","href":"https:\/\/api.w.org\/{rel}","templated":true}]}}