{"id":179538,"date":"2025-08-01T07:20:11","date_gmt":"2025-08-01T05:20:11","guid":{"rendered":"https:\/\/www.budream.com\/shop\/sweet-seeds-tropicanna-poison-f1-fast-version-fem-sws585\/"},"modified":"2026-04-28T16:30:01","modified_gmt":"2026-04-28T14:30:01","slug":"sweet-seeds-tropicanna-poison-f1-fast-version-fem-sws585","status":"publish","type":"product","link":"https:\/\/www.budream.com\/es\/shop\/sweet-seeds-tropicanna-poison-f1-fast-version-fem-sws585\/","title":{"rendered":"SWEET SEEDS &#8211; TROPICANNA POISON F1 FAST VERSION\u00ae FEM (SWS585)"},"content":{"rendered":"<div style=\"text-align: justify\">Versi\u00f3n feminizada y fotodependiente de una de las variedades m\u00e1s famosas de la familia Cookies en EE.UU., Tropicanna Cookies (Girl Scout Cookies x Tangie).<\/div>\n<div style=\"text-align: justify\">Resultado del cruce entre un clon \u00e9lite seleccionado de Tropicanna Cookies y nuestra apreciada autofloreciente Red Poison Auto&reg; (SWS39).<\/p>\n<\/div>\n<h2><strong>Caracter\u00edsticas Tropicanna Poison F1 Fast Version Fem:<\/strong><\/h2>\n<ul style=\"list-style-type: disc\">\n<li><strong>G\u00e9nero:<\/strong> H\u00edbrido Feminizado<\/li>\n<li><strong>Genotipo:<\/strong> Indica:60% \/ Sativa: 40%<\/li>\n<li><strong>Gen\u00e9tica: <\/strong>Tropicanna Cookies x Red Poison Auto<\/li>\n<li><strong>D\u00edas: <\/strong>42\/49<\/li>\n<\/ul>\n<p><\/p>\n<div style=\"text-align: justify\"><span style=\"font-size: 11pt\"><em><strong>ADVERTENCIA:<\/strong> Las semillas de c\u00e1\u00f1amo est\u00e1n excluidas de la noci\u00f3n legal de Cannabis, lo que significa que no deben considerarse una sustancia estupefaciente (L. 412 de 1974, art. 1, p\u00e1rrafo 1, lett. B; Convenci\u00f3n \u00danica sobre Estupefacientes de Nueva York de 1961 y tabla II del Decreto Ministerial 27\/7\/1992). En Italia, el cultivo del c\u00e1\u00f1amo est\u00e1 prohibido (art\u00edculos 28 y 73 del Decreto Presidencial 309\/90) a menos que se obtenga una autorizaci\u00f3n especial (art\u00edculo 17 del Decreto Presidencial 309\/90). A falta de autorizaci\u00f3n, las semillas s\u00f3lo pueden utilizarse para otros fines (zoot\u00e9cnicos, recolecci\u00f3n, etc.). Las semillas se venden con la reserva de que no sean utilizadas por terceros en conflicto con la ley.<\/em><\/span><\/div>\n","protected":false},"excerpt":{"rendered":"<p>Versi\u00f3n feminizada y fotodependiente de una de las variedades m\u00e1s famosas de la familia Cookies en EE.UU., Tropicanna Cookies (Girl<\/p>\n","protected":false},"featured_media":179534,"comment_status":"open","ping_status":"closed","template":"","meta":[],"product_brand":[],"product_cat":[1175],"product_tag":[],"class_list":{"0":"post-179538","1":"product","2":"type-product","3":"status-publish","4":"has-post-thumbnail","6":"product_cat-seedshop","8":"first","9":"instock","10":"taxable","11":"shipping-taxable","12":"purchasable","13":"product-type-variable"},"aioseo_notices":[],"_links":{"self":[{"href":"https:\/\/www.budream.com\/es\/wp-json\/wp\/v2\/product\/179538","targetHints":{"allow":["GET"]}}],"collection":[{"href":"https:\/\/www.budream.com\/es\/wp-json\/wp\/v2\/product"}],"about":[{"href":"https:\/\/www.budream.com\/es\/wp-json\/wp\/v2\/types\/product"}],"replies":[{"embeddable":true,"href":"https:\/\/www.budream.com\/es\/wp-json\/wp\/v2\/comments?post=179538"}],"version-history":[{"count":1,"href":"https:\/\/www.budream.com\/es\/wp-json\/wp\/v2\/product\/179538\/revisions"}],"predecessor-version":[{"id":265892,"href":"https:\/\/www.budream.com\/es\/wp-json\/wp\/v2\/product\/179538\/revisions\/265892"}],"wp:featuredmedia":[{"embeddable":true,"href":"https:\/\/www.budream.com\/es\/wp-json\/wp\/v2\/media\/179534"}],"wp:attachment":[{"href":"https:\/\/www.budream.com\/es\/wp-json\/wp\/v2\/media?parent=179538"}],"wp:term":[{"taxonomy":"product_brand","embeddable":true,"href":"https:\/\/www.budream.com\/es\/wp-json\/wp\/v2\/product_brand?post=179538"},{"taxonomy":"product_cat","embeddable":true,"href":"https:\/\/www.budream.com\/es\/wp-json\/wp\/v2\/product_cat?post=179538"},{"taxonomy":"product_tag","embeddable":true,"href":"https:\/\/www.budream.com\/es\/wp-json\/wp\/v2\/product_tag?post=179538"}],"curies":[{"name":"wp","href":"https:\/\/api.w.org\/{rel}","templated":true}]}}