{"id":179573,"date":"2025-08-01T07:21:58","date_gmt":"2025-08-01T05:21:58","guid":{"rendered":"https:\/\/www.budream.com\/shop\/sweet-seeds-sweet-pure-auto-cbd-fem-sws65\/"},"modified":"2026-04-01T13:58:14","modified_gmt":"2026-04-01T11:58:14","slug":"sweet-seeds-sweet-pure-auto-cbd-fem-sws65","status":"publish","type":"product","link":"https:\/\/www.budream.com\/es\/shop\/sweet-seeds-sweet-pure-auto-cbd-fem-sws65\/","title":{"rendered":"SWEET SEEDS &#8211; SWEET PURE AUTO CBD\u00ae FEM (SWS65)"},"content":{"rendered":"<div style=\"text-align: justify\">Autofloreciente de 6\u00aa Generaci\u00f3n. Nuestra primera variedad autofloreciente &#8216;CBD puro&#8217;, con niveles muy altos de CBD, entre el 8 y el 20 por ciento.<\/div>\n<p><\/p>\n<h2><strong>Caracter\u00edsticas Sweet Pure CBD Auto Fem (SWS75) Sweet Seeds:<\/strong><\/h2>\n<ul style=\"list-style-type: disc\">\n<li><strong>G\u00e9nero:<\/strong> H\u00edbrido Feminizado<\/li>\n<li><strong>Gen\u00e9tica:<\/strong> Sweet Pure CBD&reg; (SWS65) x Honey Peach Auto CBD&reg; (SWS64)<\/li>\n<li><strong>Composici\u00f3n<\/strong>: 55% Indica \/ 44,6% Sativa \/ 0,4% Ruderalis<\/li>\n<li><strong>D\u00edas:<\/strong> 56<\/li>\n<\/ul>\n<p><\/p>\n<div style=\"text-align: justify\"><span style=\"font-size: 11pt\"><em><strong>ADVERTENCIA:<\/strong> Las semillas de c\u00e1\u00f1amo est\u00e1n excluidas de la noci\u00f3n legal de Cannabis, lo que significa que no deben considerarse una sustancia estupefaciente (L. 412 de 1974, Art. 1, p\u00e1rrafo 1, lett. B; Convenci\u00f3n \u00danica sobre Estupefacientes de Nueva York de 1961 y tabla II del Decreto Ministerial 27\/7\/1992). En Italia, el cultivo del c\u00e1\u00f1amo est\u00e1 prohibido (art\u00edculos 28 y 73 del Decreto Presidencial 309\/90) a menos que se obtenga una autorizaci\u00f3n especial (art\u00edculo 17 del Decreto Presidencial 309\/90). A falta de autorizaci\u00f3n, las semillas s\u00f3lo pueden utilizarse para otros fines (zoot\u00e9cnicos, recolecci\u00f3n, etc.). Las semillas se venden con la reserva de que no sean utilizadas por terceros en conflicto con la ley.<\/em><\/span><\/div>\n","protected":false},"excerpt":{"rendered":"<p>Autofloreciente de 6\u00aa Generaci\u00f3n. Nuestra primera variedad autofloreciente &#8216;CBD puro&#8217;, con niveles muy altos de CBD, entre el 8 y<\/p>\n","protected":false},"featured_media":179560,"comment_status":"open","ping_status":"closed","template":"","meta":[],"product_brand":[],"product_cat":[7953,7953],"product_tag":[],"class_list":{"0":"post-179573","1":"product","2":"type-product","3":"status-publish","4":"has-post-thumbnail","6":"product_cat-seedshop-es","9":"first","10":"instock","11":"sale","12":"taxable","13":"shipping-taxable","14":"purchasable","15":"product-type-variable"},"aioseo_notices":[],"_links":{"self":[{"href":"https:\/\/www.budream.com\/es\/wp-json\/wp\/v2\/product\/179573","targetHints":{"allow":["GET"]}}],"collection":[{"href":"https:\/\/www.budream.com\/es\/wp-json\/wp\/v2\/product"}],"about":[{"href":"https:\/\/www.budream.com\/es\/wp-json\/wp\/v2\/types\/product"}],"replies":[{"embeddable":true,"href":"https:\/\/www.budream.com\/es\/wp-json\/wp\/v2\/comments?post=179573"}],"version-history":[{"count":1,"href":"https:\/\/www.budream.com\/es\/wp-json\/wp\/v2\/product\/179573\/revisions"}],"predecessor-version":[{"id":262072,"href":"https:\/\/www.budream.com\/es\/wp-json\/wp\/v2\/product\/179573\/revisions\/262072"}],"wp:featuredmedia":[{"embeddable":true,"href":"https:\/\/www.budream.com\/es\/wp-json\/wp\/v2\/media\/179560"}],"wp:attachment":[{"href":"https:\/\/www.budream.com\/es\/wp-json\/wp\/v2\/media?parent=179573"}],"wp:term":[{"taxonomy":"product_brand","embeddable":true,"href":"https:\/\/www.budream.com\/es\/wp-json\/wp\/v2\/product_brand?post=179573"},{"taxonomy":"product_cat","embeddable":true,"href":"https:\/\/www.budream.com\/es\/wp-json\/wp\/v2\/product_cat?post=179573"},{"taxonomy":"product_tag","embeddable":true,"href":"https:\/\/www.budream.com\/es\/wp-json\/wp\/v2\/product_tag?post=179573"}],"curies":[{"name":"wp","href":"https:\/\/api.w.org\/{rel}","templated":true}]}}