{"id":179733,"date":"2025-08-01T07:31:13","date_gmt":"2025-08-01T05:31:13","guid":{"rendered":"https:\/\/www.budream.com\/shop\/royal-queen-seeds-ice-cream-44-fem-tyson-seeds\/"},"modified":"2025-12-22T18:50:44","modified_gmt":"2025-12-22T16:50:44","slug":"royal-queen-seeds-ice-cream-44-fem-tyson-seeds","status":"publish","type":"product","link":"https:\/\/www.budream.com\/es\/shop\/royal-queen-seeds-ice-cream-44-fem-tyson-seeds\/","title":{"rendered":"ROYAL QUEEN SEEDS &#8211; ICE CREAM 44 FEM (TYSON SEEDS)"},"content":{"rendered":"<div style=\"text-align: justify\">Royal Queen Seeds inici\u00f3 una colaboraci\u00f3n exclusiva con Tyson 2.0 para que las variedades favoritas de Mike Tyson estuvieran disponibles en forma de semillas.<br \/>Para crear Ice Cream 44, los criadores de Tyson 2.0 utilizaron gen\u00e9tica de primera calidad. Al cruzar Sunset Sherbet y Thin Mint Girl Scout Cookies, obtuvieron un h\u00edbrido de predominancia Indica.<\/div>\n<p><\/p>\n<h2><strong>Caracter\u00edsticas Ice Cream 44 Fem Royal Queen Seeds (Tyson Seeds):<\/strong><\/h2>\n<ul style=\"list-style-type: disc\">\n<li><strong>G\u00e9nero:<\/strong> Feminizada<\/li>\n<li><strong>Genotipo:<\/strong> H\u00edbrido 75% Indica \/ 25% Sativa<\/li>\n<li><strong>Gen\u00e9tica:<\/strong> Sunset Sherbet X Thin Mint Girl Scout Cookies<\/li>\n<li><strong>D\u00edas:<\/strong> 56-63<\/li>\n<\/ul>\n<p><\/p>\n<div style=\"text-align: justify\"><em><strong>ADVERTENCIA:<\/strong> Las semillas de c\u00e1\u00f1amo est\u00e1n excluidas de la noci\u00f3n legal de Cannabis, lo que significa que no deben considerarse una sustancia estupefaciente (L. 412 de 1974, art. 1, coma 1, lett. B; Convenci\u00f3n \u00danica sobre Estupefacientes de Nueva York de 1961 y tabla II del Decreto Ministerial 27\/7\/1992). En Italia, el cultivo del c\u00e1\u00f1amo est\u00e1 prohibido (art\u00edculos 28 y 73 del Decreto Presidencial 309\/90) a menos que se obtenga una autorizaci\u00f3n especial (art\u00edculo 17 del Decreto Presidencial 309\/90). A falta de autorizaci\u00f3n, las semillas s\u00f3lo pueden utilizarse para otros fines (zoot\u00e9cnicos, recolecci\u00f3n, etc.). Las semillas se venden con la reserva de que no ser\u00e1n utilizadas por terceros en conflicto con la ley.<\/em><\/div>\n","protected":false},"excerpt":{"rendered":"<p>Royal Queen Seeds inici\u00f3 una colaboraci\u00f3n exclusiva con Tyson 2.0 para que las variedades favoritas de Mike Tyson estuvieran disponibles<\/p>\n","protected":false},"featured_media":179724,"comment_status":"open","ping_status":"closed","template":"","meta":[],"product_brand":[],"product_cat":[7953],"product_tag":[],"class_list":{"0":"post-179733","1":"product","2":"type-product","3":"status-publish","4":"has-post-thumbnail","6":"product_cat-seedshop-es","8":"first","9":"instock","10":"sale","11":"taxable","12":"shipping-taxable","13":"purchasable","14":"product-type-variable"},"aioseo_notices":[],"_links":{"self":[{"href":"https:\/\/www.budream.com\/es\/wp-json\/wp\/v2\/product\/179733","targetHints":{"allow":["GET"]}}],"collection":[{"href":"https:\/\/www.budream.com\/es\/wp-json\/wp\/v2\/product"}],"about":[{"href":"https:\/\/www.budream.com\/es\/wp-json\/wp\/v2\/types\/product"}],"replies":[{"embeddable":true,"href":"https:\/\/www.budream.com\/es\/wp-json\/wp\/v2\/comments?post=179733"}],"version-history":[{"count":0,"href":"https:\/\/www.budream.com\/es\/wp-json\/wp\/v2\/product\/179733\/revisions"}],"wp:featuredmedia":[{"embeddable":true,"href":"https:\/\/www.budream.com\/es\/wp-json\/wp\/v2\/media\/179724"}],"wp:attachment":[{"href":"https:\/\/www.budream.com\/es\/wp-json\/wp\/v2\/media?parent=179733"}],"wp:term":[{"taxonomy":"product_brand","embeddable":true,"href":"https:\/\/www.budream.com\/es\/wp-json\/wp\/v2\/product_brand?post=179733"},{"taxonomy":"product_cat","embeddable":true,"href":"https:\/\/www.budream.com\/es\/wp-json\/wp\/v2\/product_cat?post=179733"},{"taxonomy":"product_tag","embeddable":true,"href":"https:\/\/www.budream.com\/es\/wp-json\/wp\/v2\/product_tag?post=179733"}],"curies":[{"name":"wp","href":"https:\/\/api.w.org\/{rel}","templated":true}]}}