{"id":179768,"date":"2025-08-01T07:33:00","date_gmt":"2025-08-01T05:33:00","guid":{"rendered":"https:\/\/www.budream.com\/shop\/royal-queen-seeds-dynamite-diesel-fem-tyson-seeds\/"},"modified":"2026-05-15T12:09:54","modified_gmt":"2026-05-15T10:09:54","slug":"royal-queen-seeds-dynamite-diesel-fem-tyson-seeds","status":"publish","type":"product","link":"https:\/\/www.budream.com\/es\/shop\/royal-queen-seeds-dynamite-diesel-fem-tyson-seeds\/","title":{"rendered":"ROYAL QUEEN SEEDS &#8211; DYNAMITE DIESEL FEM (TYSON SEEDS)"},"content":{"rendered":"<div style=\"text-align: justify\">Royal Queen Seeds ha iniciado una colaboraci\u00f3n exclusiva con Tyson 2.0 para poner a disposici\u00f3n en forma de semillas las variedades favoritas de Mike Tyson.<br \/>Llamada as\u00ed por el apodo que recibi\u00f3 Mike Tyson al principio de su carrera (Kid Dynamite), Dynamite Diesel desciende de las legendarias cepas parentales Sour Diesel y Skywalker OG.<\/div>\n<p><\/p>\n<h2><strong>Caracter\u00edsticas Dynamite Diesel Fem Royal Queen Seeds (Tyson Seeds):<\/strong><\/h2>\n<ul style=\"list-style-type: disc\">\n<li><strong>G\u00e9nero:<\/strong> Feminizada<\/li>\n<li><strong>Genotipo<\/strong>: H\u00edbrido 65% Indica \/ 35% Sativa<\/li>\n<li><strong>Gen\u00e9tica:<\/strong> Sour Diesel x Skywalker OG<\/li>\n<li><strong>D\u00edas:<\/strong> 63-70<\/li>\n<\/ul>\n<p><\/p>\n<div style=\"text-align: justify\"><em><strong>ADVERTENCIA:<\/strong> Las semillas de c\u00e1\u00f1amo est\u00e1n excluidas de la noci\u00f3n legal de Cannabis, lo que significa que no deben considerarse una sustancia estupefaciente (L. 412 de 1974, Art. 1, p\u00e1rrafo 1, lett. B; Convenci\u00f3n \u00danica sobre Estupefacientes de Nueva York de 1961 y tabla II del Decreto Ministerial 27\/7\/1992). En Italia, el cultivo del c\u00e1\u00f1amo est\u00e1 prohibido (art\u00edculos 28 y 73 del Decreto Presidencial 309\/90) a menos que se obtenga una autorizaci\u00f3n especial (art\u00edculo 17 del Decreto Presidencial 309\/90). A falta de autorizaci\u00f3n, las semillas s\u00f3lo pueden utilizarse para otros fines (zoot\u00e9cnicos, recolecci\u00f3n, etc.). Las semillas se venden con la reserva de que no sean utilizadas por terceros en conflicto con la ley.<\/em><\/div>\n","protected":false},"excerpt":{"rendered":"<p>Royal Queen Seeds ha iniciado una colaboraci\u00f3n exclusiva con Tyson 2.0 para poner a disposici\u00f3n en forma de semillas las<\/p>\n","protected":false},"featured_media":179759,"comment_status":"open","ping_status":"closed","template":"","meta":[],"product_brand":[],"product_cat":[7953],"product_tag":[],"class_list":{"0":"post-179768","1":"product","2":"type-product","3":"status-publish","4":"has-post-thumbnail","6":"product_cat-seedshop-es","8":"first","9":"instock","10":"sale","11":"taxable","12":"shipping-taxable","13":"purchasable","14":"product-type-variable"},"aioseo_notices":[],"_links":{"self":[{"href":"https:\/\/www.budream.com\/es\/wp-json\/wp\/v2\/product\/179768","targetHints":{"allow":["GET"]}}],"collection":[{"href":"https:\/\/www.budream.com\/es\/wp-json\/wp\/v2\/product"}],"about":[{"href":"https:\/\/www.budream.com\/es\/wp-json\/wp\/v2\/types\/product"}],"replies":[{"embeddable":true,"href":"https:\/\/www.budream.com\/es\/wp-json\/wp\/v2\/comments?post=179768"}],"version-history":[{"count":1,"href":"https:\/\/www.budream.com\/es\/wp-json\/wp\/v2\/product\/179768\/revisions"}],"predecessor-version":[{"id":263149,"href":"https:\/\/www.budream.com\/es\/wp-json\/wp\/v2\/product\/179768\/revisions\/263149"}],"wp:featuredmedia":[{"embeddable":true,"href":"https:\/\/www.budream.com\/es\/wp-json\/wp\/v2\/media\/179759"}],"wp:attachment":[{"href":"https:\/\/www.budream.com\/es\/wp-json\/wp\/v2\/media?parent=179768"}],"wp:term":[{"taxonomy":"product_brand","embeddable":true,"href":"https:\/\/www.budream.com\/es\/wp-json\/wp\/v2\/product_brand?post=179768"},{"taxonomy":"product_cat","embeddable":true,"href":"https:\/\/www.budream.com\/es\/wp-json\/wp\/v2\/product_cat?post=179768"},{"taxonomy":"product_tag","embeddable":true,"href":"https:\/\/www.budream.com\/es\/wp-json\/wp\/v2\/product_tag?post=179768"}],"curies":[{"name":"wp","href":"https:\/\/api.w.org\/{rel}","templated":true}]}}