{"id":179803,"date":"2025-08-01T07:34:45","date_gmt":"2025-08-01T05:34:45","guid":{"rendered":"https:\/\/www.budream.com\/shop\/royal-queen-seeds-punch-pie-fem-tyson-seeds\/"},"modified":"2026-04-21T10:59:30","modified_gmt":"2026-04-21T08:59:30","slug":"royal-queen-seeds-punch-pie-fem-tyson-seeds","status":"publish","type":"product","link":"https:\/\/www.budream.com\/es\/shop\/royal-queen-seeds-punch-pie-fem-tyson-seeds\/","title":{"rendered":"ROYAL QUEEN SEEDS &#8211; PUNCH PIE FEM (TYSON SEEDS)"},"content":{"rendered":"<div style=\"text-align: justify\">Royal Queen Seeds ha establecido una colaboraci\u00f3n exclusiva con Tyson 2.0 para que las variedades favoritas de Mike Tyson est\u00e9n disponibles en forma de semillas.<br \/>Descendiente de la Cherry Punch Pie de Tyson 2.0, la Punch Pie combina la gen\u00e9tica de dos incre\u00edbles \u00edndicas: Purple Punch y Purple Kush.<\/div>\n<p><\/p>\n<h2><strong>Caracter\u00edsticas Punch Pie Fem Royal Queen Seeds (Tyson Seeds):<\/strong><\/h2>\n<ul style=\"list-style-type: disc\">\n<li><strong>G\u00e9nero:<\/strong> Feminizada<\/li>\n<li><strong>Genotipo<\/strong>: 90% Indica \/ 10% Sativa h\u00edbrido<\/li>\n<li><strong>Gen\u00e9tica:<\/strong> Purple Punch x Purple Kush<\/li>\n<li><strong>D\u00edas:<\/strong> 49-63<\/li>\n<\/ul>\n<p><\/p>\n<div style=\"text-align: justify\"><em><strong>ADVERTENCIA:<\/strong> Las semillas de c\u00e1\u00f1amo est\u00e1n excluidas de la noci\u00f3n legal de Cannabis, lo que significa que no deben considerarse una sustancia estupefaciente (L. 412 de 1974, art. 1, coma 1, lett. B; Convenci\u00f3n \u00danica sobre Estupefacientes de Nueva York de 1961 y tabla II del decreto ministerial 27\/7\/1992). En Italia, el cultivo del c\u00e1\u00f1amo est\u00e1 prohibido (art\u00edculos 28 y 73 del Decreto Presidencial 309\/90) a menos que se obtenga una autorizaci\u00f3n especial (art\u00edculo 17 del Decreto Presidencial 309\/90). A falta de autorizaci\u00f3n, las semillas s\u00f3lo pueden utilizarse para otros fines (zoot\u00e9cnicos, recolecci\u00f3n, etc.). Las semillas se venden con la reserva de que no sean utilizadas por terceros en conflicto con la ley.<\/em><\/div>\n","protected":false},"excerpt":{"rendered":"<p>Royal Queen Seeds ha establecido una colaboraci\u00f3n exclusiva con Tyson 2.0 para que las variedades favoritas de Mike Tyson est\u00e9n<\/p>\n","protected":false},"featured_media":179794,"comment_status":"open","ping_status":"closed","template":"","meta":[],"product_brand":[],"product_cat":[1175],"product_tag":[],"class_list":{"0":"post-179803","1":"product","2":"type-product","3":"status-publish","4":"has-post-thumbnail","6":"product_cat-seedshop","8":"first","9":"instock","10":"taxable","11":"shipping-taxable","12":"purchasable","13":"product-type-variable"},"aioseo_notices":[],"_links":{"self":[{"href":"https:\/\/www.budream.com\/es\/wp-json\/wp\/v2\/product\/179803","targetHints":{"allow":["GET"]}}],"collection":[{"href":"https:\/\/www.budream.com\/es\/wp-json\/wp\/v2\/product"}],"about":[{"href":"https:\/\/www.budream.com\/es\/wp-json\/wp\/v2\/types\/product"}],"replies":[{"embeddable":true,"href":"https:\/\/www.budream.com\/es\/wp-json\/wp\/v2\/comments?post=179803"}],"version-history":[{"count":0,"href":"https:\/\/www.budream.com\/es\/wp-json\/wp\/v2\/product\/179803\/revisions"}],"wp:featuredmedia":[{"embeddable":true,"href":"https:\/\/www.budream.com\/es\/wp-json\/wp\/v2\/media\/179794"}],"wp:attachment":[{"href":"https:\/\/www.budream.com\/es\/wp-json\/wp\/v2\/media?parent=179803"}],"wp:term":[{"taxonomy":"product_brand","embeddable":true,"href":"https:\/\/www.budream.com\/es\/wp-json\/wp\/v2\/product_brand?post=179803"},{"taxonomy":"product_cat","embeddable":true,"href":"https:\/\/www.budream.com\/es\/wp-json\/wp\/v2\/product_cat?post=179803"},{"taxonomy":"product_tag","embeddable":true,"href":"https:\/\/www.budream.com\/es\/wp-json\/wp\/v2\/product_tag?post=179803"}],"curies":[{"name":"wp","href":"https:\/\/api.w.org\/{rel}","templated":true}]}}