{"id":179943,"date":"2025-08-01T07:41:57","date_gmt":"2025-08-01T05:41:57","guid":{"rendered":"https:\/\/www.budream.com\/shop\/sweet-seeds-diablo-rojo-xl-auto-fem-sws110\/"},"modified":"2026-03-24T21:59:53","modified_gmt":"2026-03-24T19:59:53","slug":"sweet-seeds-diablo-rojo-xl-auto-fem-sws110","status":"publish","type":"product","link":"https:\/\/www.budream.com\/es\/shop\/sweet-seeds-diablo-rojo-xl-auto-fem-sws110\/","title":{"rendered":"SWEET SEEDS &#8211; DIABLO ROJO XL AUTO\u00ae FEM (SWS110)"},"content":{"rendered":"<div style=\"text-align: justify\">Autofloreciente feminizada resultado del cruce de cepas seleccionadas de la legendaria variedad de floraci\u00f3n roja Dark Devil Auto&reg; (SWS38) y Strawberry Cola Auto. Una perla de belleza inimitable.<\/div>\n<p><\/p>\n<h2><strong>Caracter\u00edsticas Diablo Rojo XL Auto Fem:<\/strong><\/h2>\n<ul style=\"list-style-type: disc\">\n<li><strong>G\u00e9nero:<\/strong> H\u00edbrido Autofloreciente Feminizado<\/li>\n<li><strong>Genotipo<\/strong>: Indica: 56.9% \/ Sativa: 40% \/ 3.1% Ruderalis<\/li>\n<li><strong>Gen\u00e9tica<\/strong>: Dark Devil Auto (SWS389 x Strawberry Cola Auto<\/li>\n<li>D\u00edas<strong>:<\/strong> 56 d\u00edas<\/li>\n<\/ul>\n<p><\/p>\n<div style=\"text-align: justify\"><span style=\"font-size: 11pt\"><em><strong>ADVERTENCIA:<\/strong> Las semillas de c\u00e1\u00f1amo est\u00e1n excluidas de la noci\u00f3n legal de Cannabis, lo que significa que no deben considerarse una sustancia estupefaciente (L. 412 de 1974, art. 1, coma 1, lett. B; Convenci\u00f3n \u00danica sobre Estupefacientes de Nueva York de 1961 y tabla II del decreto ministerial 27\/7\/1992). En Italia, el cultivo del c\u00e1\u00f1amo est\u00e1 prohibido (art\u00edculos 28 y 73 del Decreto Presidencial 309\/90) a menos que se obtenga una autorizaci\u00f3n especial (art\u00edculo 17 del Decreto Presidencial 309\/90). A falta de autorizaci\u00f3n, las semillas s\u00f3lo pueden utilizarse para otros fines (zoot\u00e9cnicos, recolecci\u00f3n, etc.). Las semillas se venden con la reserva de que no sean utilizadas por terceros en conflicto con la ley.<\/em><\/span><\/div>\n","protected":false},"excerpt":{"rendered":"<p>Autofloreciente feminizada resultado del cruce de cepas seleccionadas de la legendaria variedad de floraci\u00f3n roja Dark Devil Auto&reg; (SWS38) y<\/p>\n","protected":false},"featured_media":179934,"comment_status":"open","ping_status":"closed","template":"","meta":[],"product_brand":[],"product_cat":[7953],"product_tag":[],"class_list":{"0":"post-179943","1":"product","2":"type-product","3":"status-publish","4":"has-post-thumbnail","6":"product_cat-seedshop-es","8":"first","9":"instock","10":"sale","11":"taxable","12":"shipping-taxable","13":"purchasable","14":"product-type-variable"},"aioseo_notices":[],"_links":{"self":[{"href":"https:\/\/www.budream.com\/es\/wp-json\/wp\/v2\/product\/179943","targetHints":{"allow":["GET"]}}],"collection":[{"href":"https:\/\/www.budream.com\/es\/wp-json\/wp\/v2\/product"}],"about":[{"href":"https:\/\/www.budream.com\/es\/wp-json\/wp\/v2\/types\/product"}],"replies":[{"embeddable":true,"href":"https:\/\/www.budream.com\/es\/wp-json\/wp\/v2\/comments?post=179943"}],"version-history":[{"count":0,"href":"https:\/\/www.budream.com\/es\/wp-json\/wp\/v2\/product\/179943\/revisions"}],"wp:featuredmedia":[{"embeddable":true,"href":"https:\/\/www.budream.com\/es\/wp-json\/wp\/v2\/media\/179934"}],"wp:attachment":[{"href":"https:\/\/www.budream.com\/es\/wp-json\/wp\/v2\/media?parent=179943"}],"wp:term":[{"taxonomy":"product_brand","embeddable":true,"href":"https:\/\/www.budream.com\/es\/wp-json\/wp\/v2\/product_brand?post=179943"},{"taxonomy":"product_cat","embeddable":true,"href":"https:\/\/www.budream.com\/es\/wp-json\/wp\/v2\/product_cat?post=179943"},{"taxonomy":"product_tag","embeddable":true,"href":"https:\/\/www.budream.com\/es\/wp-json\/wp\/v2\/product_tag?post=179943"}],"curies":[{"name":"wp","href":"https:\/\/api.w.org\/{rel}","templated":true}]}}