{"id":180118,"date":"2025-08-01T07:50:39","date_gmt":"2025-08-01T05:50:39","guid":{"rendered":"https:\/\/www.budream.com\/shop\/sweet-seeds-jet-fuel-mandarine-xl-auto-fem-sws109\/"},"modified":"2026-04-20T09:01:05","modified_gmt":"2026-04-20T07:01:05","slug":"sweet-seeds-jet-fuel-mandarine-xl-auto-fem-sws109","status":"publish","type":"product","link":"https:\/\/www.budream.com\/es\/shop\/sweet-seeds-jet-fuel-mandarine-xl-auto-fem-sws109\/","title":{"rendered":"SWEET SEEDS &#8211; JET FUEL MANDARINE XL AUTO\u00ae FEM (SWS109)"},"content":{"rendered":"<div style=\"text-align: justify\">Autofloreciente de 6\u00aa Generaci\u00f3n, feminizada. Resultado del cruce entre un excelente clon de Jet Fuel (Aspen OG x High Country Diesel), una de las variedades m\u00e1s populares de la familia Diesel, y un h\u00edbrido de dos de nuestras variedades autoflorecientes m\u00e1s arom\u00e1ticas, Cream Mandarine XL Auto&reg; x Orange Apricot Glue XL Auto&reg; (SWS55 x SWS103).<\/div>\n<p><\/p>\n<h2><strong>Caracter\u00edsticas Jet Fuel Mandarine XL Auto Fem:<\/strong><\/h2>\n<ul style=\"list-style-type: disc\">\n<li><strong>G\u00e9nero:<\/strong> H\u00edbrido Feminizado Autofloreciente<\/li>\n<li><strong>Genotipo<\/strong>: Indica: 37.8% \/ Sativa: 61.8% \/ 0.4% Ruderalis<\/li>\n<li><strong>Gen\u00e9tica:<\/strong> Jet Fuel (Aspen OG x High Country Diesel) x H\u00edbrido (Cream Mandarine XL Auto&reg; x Orange Apricot Glue XL Auto&reg;)<\/li>\n<li>D\u00edas<strong>:<\/strong> 63 d\u00edas<\/li>\n<\/ul>\n<p><\/p>\n<div style=\"text-align: justify\"><span style=\"font-size: 11pt\"><em><strong>ADVERTENCIA:<\/strong> Las semillas de c\u00e1\u00f1amo est\u00e1n excluidas de la noci\u00f3n legal de Cannabis, lo que significa que no deben considerarse una sustancia estupefaciente (L. 412 de 1974, art. 1, p\u00e1rrafo 1, lett. B; Convenci\u00f3n \u00danica sobre Estupefacientes de Nueva York de 1961 y tabla II del Decreto Ministerial 27\/7\/1992). En Italia, el cultivo del c\u00e1\u00f1amo est\u00e1 prohibido (art\u00edculos 28 y 73 del Decreto Presidencial 309\/90) a menos que se obtenga una autorizaci\u00f3n especial (art\u00edculo 17 del Decreto Presidencial 309\/90). A falta de autorizaci\u00f3n, las semillas s\u00f3lo pueden utilizarse para otros fines (zoot\u00e9cnicos, recolecci\u00f3n, etc.). Las semillas se venden con la reserva de que no ser\u00e1n utilizadas por terceros en conflicto con la ley.<\/em><\/span><\/div>\n","protected":false},"excerpt":{"rendered":"<p>Autofloreciente de 6\u00aa Generaci\u00f3n, feminizada. Resultado del cruce entre un excelente clon de Jet Fuel (Aspen OG x High Country<\/p>\n","protected":false},"featured_media":180109,"comment_status":"open","ping_status":"closed","template":"","meta":[],"product_brand":[],"product_cat":[7953],"product_tag":[],"class_list":{"0":"post-180118","1":"product","2":"type-product","3":"status-publish","4":"has-post-thumbnail","6":"product_cat-seedshop-es","8":"first","9":"instock","10":"sale","11":"taxable","12":"shipping-taxable","13":"purchasable","14":"product-type-variable"},"aioseo_notices":[],"_links":{"self":[{"href":"https:\/\/www.budream.com\/es\/wp-json\/wp\/v2\/product\/180118","targetHints":{"allow":["GET"]}}],"collection":[{"href":"https:\/\/www.budream.com\/es\/wp-json\/wp\/v2\/product"}],"about":[{"href":"https:\/\/www.budream.com\/es\/wp-json\/wp\/v2\/types\/product"}],"replies":[{"embeddable":true,"href":"https:\/\/www.budream.com\/es\/wp-json\/wp\/v2\/comments?post=180118"}],"version-history":[{"count":1,"href":"https:\/\/www.budream.com\/es\/wp-json\/wp\/v2\/product\/180118\/revisions"}],"predecessor-version":[{"id":263127,"href":"https:\/\/www.budream.com\/es\/wp-json\/wp\/v2\/product\/180118\/revisions\/263127"}],"wp:featuredmedia":[{"embeddable":true,"href":"https:\/\/www.budream.com\/es\/wp-json\/wp\/v2\/media\/180109"}],"wp:attachment":[{"href":"https:\/\/www.budream.com\/es\/wp-json\/wp\/v2\/media?parent=180118"}],"wp:term":[{"taxonomy":"product_brand","embeddable":true,"href":"https:\/\/www.budream.com\/es\/wp-json\/wp\/v2\/product_brand?post=180118"},{"taxonomy":"product_cat","embeddable":true,"href":"https:\/\/www.budream.com\/es\/wp-json\/wp\/v2\/product_cat?post=180118"},{"taxonomy":"product_tag","embeddable":true,"href":"https:\/\/www.budream.com\/es\/wp-json\/wp\/v2\/product_tag?post=180118"}],"curies":[{"name":"wp","href":"https:\/\/api.w.org\/{rel}","templated":true}]}}