{"id":183769,"date":"2025-08-01T10:30:55","date_gmt":"2025-08-01T08:30:55","guid":{"rendered":"https:\/\/www.budream.com\/shop\/royal-queen-seeds-pink-mist-auto-fem\/"},"modified":"2026-03-05T13:59:06","modified_gmt":"2026-03-05T11:59:06","slug":"royal-queen-seeds-pink-mist-auto-fem","status":"publish","type":"product","link":"https:\/\/www.budream.com\/es\/shop\/royal-queen-seeds-pink-mist-auto-fem\/","title":{"rendered":"ROYAL QUEEN SEEDS &#8211; PINK MIST AUTO FEM"},"content":{"rendered":"<div style=\"text-align: justify\">Los criadores de Royal Queen Seeds crearon esta cepa para moldear las caracter\u00edsticas ganadoras de la Pink Mist (descendiente de la Black Haze y la Purple Thai, tambi\u00e9n conocida como Pink OG) en una cepa autofloreciente r\u00e1pida y robusta. Al introducir Royal Haze Auto en la ecuaci\u00f3n, nuestros criadores han infundido caracter\u00edsticas autoflorecientes en la descendencia.<\/div>\n<p><\/p>\n<h2><strong>Caracter\u00edsticas Pink Mist Auto Fem Royal Queen Seeds:<\/strong><\/h2>\n<ul style=\"list-style-type: disc\">\n<li><strong>G\u00e9nero:<\/strong> Autofloreciente feminizada<\/li>\n<li><strong>Genotipo:<\/strong> H\u00edbrido 60% Sativa \/ 35% Indica \/ 5% Ruderalis<\/li>\n<li><strong>Gen\u00e9tica<\/strong>: Pink Mist x Royal Haze Auto<\/li>\n<li><strong>D\u00edas:<\/strong> 84-91<\/li>\n<\/ul>\n<p><\/p>\n<div style=\"text-align: justify\"><em><strong>ADVERTENCIA:<\/strong> Las semillas de c\u00e1\u00f1amo est\u00e1n excluidas de la noci\u00f3n legal de Cannabis, lo que significa que no deben considerarse una sustancia estupefaciente (L. 412 de 1974, Art. 1, p\u00e1rrafo 1, lett. B; Convenci\u00f3n \u00danica sobre Estupefacientes de Nueva York de 1961 y tabla II del Decreto Ministerial 27\/7\/1992). En Italia, el cultivo del c\u00e1\u00f1amo est\u00e1 prohibido (art\u00edculos 28 y 73 del Decreto Presidencial 309\/90) a menos que se obtenga una autorizaci\u00f3n especial (art\u00edculo 17 del Decreto Presidencial 309\/90). A falta de autorizaci\u00f3n, las semillas s\u00f3lo pueden utilizarse para otros fines (zoot\u00e9cnicos, recolecci\u00f3n, etc.). Las semillas se venden con la reserva de que no sean utilizadas por terceros en conflicto con la ley.<\/em><\/div>\n","protected":false},"excerpt":{"rendered":"<p>Los criadores de Royal Queen Seeds crearon esta cepa para moldear las caracter\u00edsticas ganadoras de la Pink Mist (descendiente de<\/p>\n","protected":false},"featured_media":183760,"comment_status":"open","ping_status":"closed","template":"","meta":[],"product_brand":[],"product_cat":[7953],"product_tag":[],"class_list":{"0":"post-183769","1":"product","2":"type-product","3":"status-publish","4":"has-post-thumbnail","6":"product_cat-seedshop-es","8":"first","9":"instock","10":"sale","11":"taxable","12":"shipping-taxable","13":"purchasable","14":"product-type-variable"},"aioseo_notices":[],"_links":{"self":[{"href":"https:\/\/www.budream.com\/es\/wp-json\/wp\/v2\/product\/183769","targetHints":{"allow":["GET"]}}],"collection":[{"href":"https:\/\/www.budream.com\/es\/wp-json\/wp\/v2\/product"}],"about":[{"href":"https:\/\/www.budream.com\/es\/wp-json\/wp\/v2\/types\/product"}],"replies":[{"embeddable":true,"href":"https:\/\/www.budream.com\/es\/wp-json\/wp\/v2\/comments?post=183769"}],"version-history":[{"count":0,"href":"https:\/\/www.budream.com\/es\/wp-json\/wp\/v2\/product\/183769\/revisions"}],"wp:featuredmedia":[{"embeddable":true,"href":"https:\/\/www.budream.com\/es\/wp-json\/wp\/v2\/media\/183760"}],"wp:attachment":[{"href":"https:\/\/www.budream.com\/es\/wp-json\/wp\/v2\/media?parent=183769"}],"wp:term":[{"taxonomy":"product_brand","embeddable":true,"href":"https:\/\/www.budream.com\/es\/wp-json\/wp\/v2\/product_brand?post=183769"},{"taxonomy":"product_cat","embeddable":true,"href":"https:\/\/www.budream.com\/es\/wp-json\/wp\/v2\/product_cat?post=183769"},{"taxonomy":"product_tag","embeddable":true,"href":"https:\/\/www.budream.com\/es\/wp-json\/wp\/v2\/product_tag?post=183769"}],"curies":[{"name":"wp","href":"https:\/\/api.w.org\/{rel}","templated":true}]}}