{"id":183804,"date":"2025-08-01T10:32:56","date_gmt":"2025-08-01T08:32:56","guid":{"rendered":"https:\/\/www.budream.com\/shop\/royal-queen-seeds-special-queen-1-auto-fem\/"},"modified":"2026-03-05T14:03:43","modified_gmt":"2026-03-05T12:03:43","slug":"royal-queen-seeds-special-queen-1-auto-fem","status":"publish","type":"product","link":"https:\/\/www.budream.com\/es\/shop\/royal-queen-seeds-special-queen-1-auto-fem\/","title":{"rendered":"ROYAL QUEEN SEEDS &#8211; SPECIAL QUEEN 1 AUTO FEM"},"content":{"rendered":"<div style=\"text-align: justify\">Criada utilizando Power Bud como gen\u00e9tica base, Special Queen 1 Auto ha heredado sabores dulces y Skunk. La adici\u00f3n de la gen\u00e9tica Big Skunk Auto dot\u00f3 a esta cepa de r\u00e1pidos tiempos de crecimiento y baja altura. En conjunto, tiene una gen\u00e9tica 50% \u00edndica, 45% sativa y 5% ruderalis. A pesar de ser una variedad autofloreciente, Special Queen 1 Auto es verdaderamente \u00abespecial\u00bb y puede impresionar a cualquiera con su resistencia.<\/div>\n<p><\/p>\n<h2><strong>Caracter\u00edsticas Special Queen 1 Auto Fem Royal Queen Seeds:<\/strong><\/h2>\n<ul style=\"list-style-type: disc\">\n<li><strong>G\u00e9nero:<\/strong> Autofloreciente feminizada<\/li>\n<li><strong>Genotipo:<\/strong> H\u00edbrido 45% Sativa \/ 50% Indica \/ 5% Ruderalis<\/li>\n<li><strong>Gen\u00e9tica<\/strong>: Power Bud x Big Skunk Auto<\/li>\n<li><strong>D\u00edas:<\/strong> 70-84<\/li>\n<\/ul>\n<p><\/p>\n<div style=\"text-align: justify\"><em><strong>ADVERTENCIA:<\/strong> Las semillas de c\u00e1\u00f1amo est\u00e1n excluidas de la noci\u00f3n legal de Cannabis, lo que significa que no deben considerarse una sustancia estupefaciente (L. 412 de 1974, art. 1, p\u00e1rrafo 1, lett. B; Convenci\u00f3n \u00danica sobre Estupefacientes de Nueva York de 1961 y tabla II del Decreto Ministerial 27\/7\/1992). En Italia, el cultivo del c\u00e1\u00f1amo est\u00e1 prohibido (art\u00edculos 28 y 73 del Decreto Presidencial 309\/90) a menos que se obtenga una autorizaci\u00f3n especial (art\u00edculo 17 del Decreto Presidencial 309\/90). A falta de autorizaci\u00f3n, las semillas s\u00f3lo pueden utilizarse para otros fines (zoot\u00e9cnicos, recolecci\u00f3n, etc.). Las semillas se venden con la reserva de que no ser\u00e1n utilizadas por terceros en conflicto con la ley.<\/em><\/div>\n","protected":false},"excerpt":{"rendered":"<p>Criada utilizando Power Bud como gen\u00e9tica base, Special Queen 1 Auto ha heredado sabores dulces y Skunk. La adici\u00f3n de<\/p>\n","protected":false},"featured_media":183795,"comment_status":"open","ping_status":"closed","template":"","meta":[],"product_brand":[],"product_cat":[7953],"product_tag":[],"class_list":{"0":"post-183804","1":"product","2":"type-product","3":"status-publish","4":"has-post-thumbnail","6":"product_cat-seedshop-es","8":"first","9":"instock","10":"sale","11":"taxable","12":"shipping-taxable","13":"purchasable","14":"product-type-variable"},"aioseo_notices":[],"_links":{"self":[{"href":"https:\/\/www.budream.com\/es\/wp-json\/wp\/v2\/product\/183804","targetHints":{"allow":["GET"]}}],"collection":[{"href":"https:\/\/www.budream.com\/es\/wp-json\/wp\/v2\/product"}],"about":[{"href":"https:\/\/www.budream.com\/es\/wp-json\/wp\/v2\/types\/product"}],"replies":[{"embeddable":true,"href":"https:\/\/www.budream.com\/es\/wp-json\/wp\/v2\/comments?post=183804"}],"version-history":[{"count":0,"href":"https:\/\/www.budream.com\/es\/wp-json\/wp\/v2\/product\/183804\/revisions"}],"wp:featuredmedia":[{"embeddable":true,"href":"https:\/\/www.budream.com\/es\/wp-json\/wp\/v2\/media\/183795"}],"wp:attachment":[{"href":"https:\/\/www.budream.com\/es\/wp-json\/wp\/v2\/media?parent=183804"}],"wp:term":[{"taxonomy":"product_brand","embeddable":true,"href":"https:\/\/www.budream.com\/es\/wp-json\/wp\/v2\/product_brand?post=183804"},{"taxonomy":"product_cat","embeddable":true,"href":"https:\/\/www.budream.com\/es\/wp-json\/wp\/v2\/product_cat?post=183804"},{"taxonomy":"product_tag","embeddable":true,"href":"https:\/\/www.budream.com\/es\/wp-json\/wp\/v2\/product_tag?post=183804"}],"curies":[{"name":"wp","href":"https:\/\/api.w.org\/{rel}","templated":true}]}}