{"id":183839,"date":"2025-08-01T10:34:45","date_gmt":"2025-08-01T08:34:45","guid":{"rendered":"https:\/\/www.budream.com\/shop\/semillas-royal-queen-fruta-prohibida-fem\/"},"modified":"2026-03-30T16:03:21","modified_gmt":"2026-03-30T14:03:21","slug":"semillas-royal-queen-fruta-prohibida-fem","status":"publish","type":"product","link":"https:\/\/www.budream.com\/es\/shop\/semillas-royal-queen-fruta-prohibida-fem\/","title":{"rendered":"SEMILLAS ROYAL QUEEN &#8211; FRUTA PROHIBIDA FEM"},"content":{"rendered":"<div style=\"text-align: justify\">Forbidden Fruit naci\u00f3 de la uni\u00f3n de Cherry Pie y Tangie, dos famosas y populares variedades descendientes de gen\u00e9ticas igualmente ilustres. Cherry Pie es una de las mejores variedades de Pie creadas por el banco de semillas californiano Powerzzzup Genetics. Tangie, por su parte, es una popular sativa de aromas chispeantes. Al cruzar estos dos excelentes h\u00edbridos, nuestros criadores han logrado crear una hermosa gen\u00e9tica con un 70% de predominancia \u00edndica.<\/div>\n<p><\/p>\n<h2><strong>Caracter\u00edsticas Forbidden Fruit Fem Royal Queen Seeds:<\/strong><\/h2>\n<ul style=\"list-style-type: disc\">\n<li><strong>G\u00e9nero:<\/strong> Feminizada<\/li>\n<li><strong>Genotipo:<\/strong> H\u00edbrido 30% Sativa \/ 70% Indica<\/li>\n<li><strong>Gen\u00e9tica<\/strong>: Cherry Pie x Tangie<\/li>\n<li><strong>D\u00edas:<\/strong> 56-70<\/li>\n<\/ul>\n<p><\/p>\n<div style=\"text-align: justify\"><em><strong>ADVERTENCIA:<\/strong> Las semillas de c\u00e1\u00f1amo est\u00e1n excluidas de la noci\u00f3n legal de Cannabis, lo que significa que no deben considerarse una sustancia estupefaciente (L. 412 de 1974, art. 1, coma 1, lett. B; Convenci\u00f3n \u00danica sobre Estupefacientes de Nueva York de 1961 y tabla II del decreto ministerial 27\/7\/1992). En Italia, el cultivo del c\u00e1\u00f1amo est\u00e1 prohibido (art\u00edculos 28 y 73 del Decreto Presidencial 309\/90) a menos que se obtenga una autorizaci\u00f3n especial (art\u00edculo 17 del Decreto Presidencial 309\/90). A falta de autorizaci\u00f3n, las semillas s\u00f3lo pueden utilizarse para otros fines (zoot\u00e9cnicos, recolecci\u00f3n, etc.). Las semillas se venden con la reserva de que no ser\u00e1n utilizadas por terceros en conflicto con la ley.<\/em><\/div>\n","protected":false},"excerpt":{"rendered":"<p>Forbidden Fruit naci\u00f3 de la uni\u00f3n de Cherry Pie y Tangie, dos famosas y populares variedades descendientes de gen\u00e9ticas igualmente<\/p>\n","protected":false},"featured_media":183830,"comment_status":"open","ping_status":"closed","template":"","meta":[],"product_brand":[],"product_cat":[7953],"product_tag":[],"class_list":{"0":"post-183839","1":"product","2":"type-product","3":"status-publish","4":"has-post-thumbnail","6":"product_cat-seedshop-es","8":"first","9":"outofstock","10":"sale","11":"taxable","12":"shipping-taxable","13":"purchasable","14":"product-type-variable"},"aioseo_notices":[],"_links":{"self":[{"href":"https:\/\/www.budream.com\/es\/wp-json\/wp\/v2\/product\/183839","targetHints":{"allow":["GET"]}}],"collection":[{"href":"https:\/\/www.budream.com\/es\/wp-json\/wp\/v2\/product"}],"about":[{"href":"https:\/\/www.budream.com\/es\/wp-json\/wp\/v2\/types\/product"}],"replies":[{"embeddable":true,"href":"https:\/\/www.budream.com\/es\/wp-json\/wp\/v2\/comments?post=183839"}],"version-history":[{"count":0,"href":"https:\/\/www.budream.com\/es\/wp-json\/wp\/v2\/product\/183839\/revisions"}],"wp:featuredmedia":[{"embeddable":true,"href":"https:\/\/www.budream.com\/es\/wp-json\/wp\/v2\/media\/183830"}],"wp:attachment":[{"href":"https:\/\/www.budream.com\/es\/wp-json\/wp\/v2\/media?parent=183839"}],"wp:term":[{"taxonomy":"product_brand","embeddable":true,"href":"https:\/\/www.budream.com\/es\/wp-json\/wp\/v2\/product_brand?post=183839"},{"taxonomy":"product_cat","embeddable":true,"href":"https:\/\/www.budream.com\/es\/wp-json\/wp\/v2\/product_cat?post=183839"},{"taxonomy":"product_tag","embeddable":true,"href":"https:\/\/www.budream.com\/es\/wp-json\/wp\/v2\/product_tag?post=183839"}],"curies":[{"name":"wp","href":"https:\/\/api.w.org\/{rel}","templated":true}]}}