{"id":186169,"date":"2025-08-01T12:30:50","date_gmt":"2025-08-01T10:30:50","guid":{"rendered":"https:\/\/www.budream.com\/shop\/sweet-seeds-permanent-jealousy-xl-auto-fem-sws115\/"},"modified":"2026-03-24T22:12:49","modified_gmt":"2026-03-24T20:12:49","slug":"sweet-seeds-permanent-jealousy-xl-auto-fem-sws115","status":"publish","type":"product","link":"https:\/\/www.budream.com\/es\/shop\/sweet-seeds-permanent-jealousy-xl-auto-fem-sws115\/","title":{"rendered":"SWEET SEEDS &#8211; PERMANENT JEALOUSY XL AUTO FEM (SWS115)"},"content":{"rendered":"<div style=\"text-align: justify\">Autofloreciente de 7\u00aa Generaci\u00f3n y alta estatura. Resultado del cruce entre un clon \u00e9lite &#8216;Super Strong&#8217; de Permanent Marker y nuestra deliciosa Jealousy Z XL Auto&reg; (SWS108). Permanent Marker [(Biscuits x Jealousy) x Sherb Bx1] ha alcanzado un gran reconocimiento mundial, habiendo sido galardonada como &#8216;Cepa del A\u00f1o&#8217; por High Times en 2022 y por Leafly en 2023.<\/div>\n<p><\/p>\n<h2><strong>Caracter\u00edsticas Permanet Jealousy XL Auto Fem:<\/strong><\/h2>\n<ul style=\"list-style-type: disc\">\n<li><strong>G\u00e9nero:<\/strong> H\u00edbrido Feminizado Autofloreciente<\/li>\n<li><strong>Genotipo<\/strong>: Indica: 63.2% \/ Sativa: 36.6% \/ 0.2% Ruderalis<\/li>\n<li><strong>Gen\u00e9tica <\/strong>: Permanent Marker x Jealousy Z XL Auto<\/li>\n<li>D\u00edas<strong>:<\/strong> 56 d\u00edas<\/li>\n<\/ul>\n<p><\/p>\n<div style=\"text-align: justify\"><span style=\"font-size: 11pt\"><em><strong>ADVERTENCIA:<\/strong> Las semillas de c\u00e1\u00f1amo est\u00e1n excluidas de la noci\u00f3n legal de Cannabis, lo que significa que no deben considerarse una sustancia estupefaciente (L. 412 de 1974, Art. 1, p\u00e1rrafo 1, lett. B; Convenci\u00f3n \u00danica sobre Estupefacientes de Nueva York de 1961 y tabla II del Decreto Ministerial 27\/7\/1992). En Italia, el cultivo del c\u00e1\u00f1amo est\u00e1 prohibido (art\u00edculos 28 y 73 del Decreto Presidencial 309\/90) a menos que se obtenga una autorizaci\u00f3n especial (art\u00edculo 17 del Decreto Presidencial 309\/90). A falta de autorizaci\u00f3n, las semillas s\u00f3lo pueden utilizarse para otros fines (zoot\u00e9cnicos, recolecci\u00f3n, etc.). Las semillas se venden con la reserva de que no sean utilizadas por terceros en conflicto con la ley.<\/em><\/span><\/div>\n","protected":false},"excerpt":{"rendered":"<p>Autofloreciente de 7\u00aa Generaci\u00f3n y alta estatura. Resultado del cruce entre un clon \u00e9lite &#8216;Super Strong&#8217; de Permanent Marker y<\/p>\n","protected":false},"featured_media":186160,"comment_status":"open","ping_status":"closed","template":"","meta":[],"product_brand":[],"product_cat":[1175],"product_tag":[],"class_list":{"0":"post-186169","1":"product","2":"type-product","3":"status-publish","4":"has-post-thumbnail","6":"product_cat-seedshop","8":"first","9":"instock","10":"taxable","11":"shipping-taxable","12":"purchasable","13":"product-type-variable"},"aioseo_notices":[],"_links":{"self":[{"href":"https:\/\/www.budream.com\/es\/wp-json\/wp\/v2\/product\/186169","targetHints":{"allow":["GET"]}}],"collection":[{"href":"https:\/\/www.budream.com\/es\/wp-json\/wp\/v2\/product"}],"about":[{"href":"https:\/\/www.budream.com\/es\/wp-json\/wp\/v2\/types\/product"}],"replies":[{"embeddable":true,"href":"https:\/\/www.budream.com\/es\/wp-json\/wp\/v2\/comments?post=186169"}],"version-history":[{"count":0,"href":"https:\/\/www.budream.com\/es\/wp-json\/wp\/v2\/product\/186169\/revisions"}],"wp:featuredmedia":[{"embeddable":true,"href":"https:\/\/www.budream.com\/es\/wp-json\/wp\/v2\/media\/186160"}],"wp:attachment":[{"href":"https:\/\/www.budream.com\/es\/wp-json\/wp\/v2\/media?parent=186169"}],"wp:term":[{"taxonomy":"product_brand","embeddable":true,"href":"https:\/\/www.budream.com\/es\/wp-json\/wp\/v2\/product_brand?post=186169"},{"taxonomy":"product_cat","embeddable":true,"href":"https:\/\/www.budream.com\/es\/wp-json\/wp\/v2\/product_cat?post=186169"},{"taxonomy":"product_tag","embeddable":true,"href":"https:\/\/www.budream.com\/es\/wp-json\/wp\/v2\/product_tag?post=186169"}],"curies":[{"name":"wp","href":"https:\/\/api.w.org\/{rel}","templated":true}]}}