{"id":186204,"date":"2025-08-01T12:32:42","date_gmt":"2025-08-01T10:32:42","guid":{"rendered":"https:\/\/www.budream.com\/shop\/sweet-seeds-pineapple-slush-xl-auto-fem-sws114\/"},"modified":"2026-03-23T18:31:13","modified_gmt":"2026-03-23T16:31:13","slug":"sweet-seeds-pineapple-slush-xl-auto-fem-sws114","status":"publish","type":"product","link":"https:\/\/www.budream.com\/es\/shop\/sweet-seeds-pineapple-slush-xl-auto-fem-sws114\/","title":{"rendered":"SWEET SEEDS &#8211; PINEAPPLE SLUSH XL AUTO FEM (SWS114)"},"content":{"rendered":"<div style=\"text-align: justify\">Esta autofloreciente de 6\u00aa generaci\u00f3n combina la gen\u00e9tica de la ex\u00f3tica Pineapple Express (Trainwreck x Hawaiian) con nuestra Sweet Mandarine Zkittlez XL Auto&reg; (SWS102).<\/div>\n<p><strong><strong><br \/><\/strong><\/strong><\/p>\n<h2><strong>Caracter\u00edsticas Pineapple Slush XL Auto Fem:<\/strong><\/h2>\n<ul style=\"list-style-type: disc\">\n<li><strong>G\u00e9nero:<\/strong> H\u00edbrido feminizado autofloreciente<\/li>\n<li><strong>Genotipo<\/strong>: Indica: 48.7% \/ Sativa: 50.9% \/ 0.4% Ruderalis<\/li>\n<li><strong>Gen\u00e9tica <\/strong>: Pineapple Express x Sweet Mandarine Zkittlez XL Auto<\/li>\n<li><strong>D\u00edas:<\/strong> 56-63 d\u00edas<\/li>\n<\/ul>\n<p><strong><strong><br \/><\/strong><\/strong><\/p>\n<div style=\"text-align: justify\"><span style=\"font-size: 11pt\"><em><strong>ADVERTENCIA:<\/strong> Las semillas de c\u00e1\u00f1amo est\u00e1n excluidas de la noci\u00f3n legal de Cannabis, lo que significa que no deben considerarse una sustancia estupefaciente (L. 412 de 1974, art. 1, coma 1, lett. B; Convenci\u00f3n \u00danica sobre Estupefacientes de Nueva York de 1961 y tabla II del Decreto Ministerial 27\/7\/1992). En Italia, el cultivo del c\u00e1\u00f1amo est\u00e1 prohibido (art\u00edculos 28 y 73 del Decreto Presidencial 309\/90) a menos que se obtenga una autorizaci\u00f3n especial (art\u00edculo 17 del Decreto Presidencial 309\/90). A falta de autorizaci\u00f3n, las semillas s\u00f3lo pueden utilizarse para otros fines (zoot\u00e9cnicos, recolecci\u00f3n, etc.). Las semillas se venden con la reserva de que no sean utilizadas por terceros en conflicto con la ley.<\/em><\/span><\/div>\n","protected":false},"excerpt":{"rendered":"<p>Esta autofloreciente de 6\u00aa generaci\u00f3n combina la gen\u00e9tica de la ex\u00f3tica Pineapple Express (Trainwreck x Hawaiian) con nuestra Sweet Mandarine<\/p>\n","protected":false},"featured_media":186195,"comment_status":"open","ping_status":"closed","template":"","meta":[],"product_brand":[],"product_cat":[7953],"product_tag":[],"class_list":{"0":"post-186204","1":"product","2":"type-product","3":"status-publish","4":"has-post-thumbnail","6":"product_cat-seedshop-es","8":"first","9":"instock","10":"sale","11":"taxable","12":"shipping-taxable","13":"purchasable","14":"product-type-variable"},"aioseo_notices":[],"_links":{"self":[{"href":"https:\/\/www.budream.com\/es\/wp-json\/wp\/v2\/product\/186204","targetHints":{"allow":["GET"]}}],"collection":[{"href":"https:\/\/www.budream.com\/es\/wp-json\/wp\/v2\/product"}],"about":[{"href":"https:\/\/www.budream.com\/es\/wp-json\/wp\/v2\/types\/product"}],"replies":[{"embeddable":true,"href":"https:\/\/www.budream.com\/es\/wp-json\/wp\/v2\/comments?post=186204"}],"version-history":[{"count":0,"href":"https:\/\/www.budream.com\/es\/wp-json\/wp\/v2\/product\/186204\/revisions"}],"wp:featuredmedia":[{"embeddable":true,"href":"https:\/\/www.budream.com\/es\/wp-json\/wp\/v2\/media\/186195"}],"wp:attachment":[{"href":"https:\/\/www.budream.com\/es\/wp-json\/wp\/v2\/media?parent=186204"}],"wp:term":[{"taxonomy":"product_brand","embeddable":true,"href":"https:\/\/www.budream.com\/es\/wp-json\/wp\/v2\/product_brand?post=186204"},{"taxonomy":"product_cat","embeddable":true,"href":"https:\/\/www.budream.com\/es\/wp-json\/wp\/v2\/product_cat?post=186204"},{"taxonomy":"product_tag","embeddable":true,"href":"https:\/\/www.budream.com\/es\/wp-json\/wp\/v2\/product_tag?post=186204"}],"curies":[{"name":"wp","href":"https:\/\/api.w.org\/{rel}","templated":true}]}}