{"id":186400,"date":"2025-08-01T12:42:12","date_gmt":"2025-08-01T10:42:12","guid":{"rendered":"https:\/\/www.budream.com\/shop\/royal-queen-seeds-sticky-queen-auto-fem\/"},"modified":"2026-03-05T14:01:22","modified_gmt":"2026-03-05T12:01:22","slug":"royal-queen-seeds-sticky-queen-auto-fem","status":"publish","type":"product","link":"https:\/\/www.budream.com\/es\/shop\/royal-queen-seeds-sticky-queen-auto-fem\/","title":{"rendered":"ROYAL QUEEN SEEDS &#8211; STICKY QUEEN AUTO FEM"},"content":{"rendered":"<div style=\"text-align: justify\">Sticky Queen Auto es una variedad autofloreciente fiable. Esta regia variedad es descendiente directa de Kosher Kush y OG Kush. Kosher Kush obtuvo el primer puesto en la categor\u00eda &#8216;Mejor Indica&#8217; en la High Times Cup de 2010 y 2011, mientras que OG Kush sigue siendo una de las variedades m\u00e1s veneradas.<\/div>\n<p><\/p>\n<h2><strong>Caracter\u00edsticas Sticky Queen Auto Fem Royal Queen Seeds:<\/strong><\/h2>\n<ul style=\"list-style-type: disc\">\n<li><strong>G\u00e9nero:<\/strong> Autofloreciente Feminizada<\/li>\n<li><strong>Genotipo:<\/strong> H\u00edbrido 35% Sativa \/ 60% Indica \/ 5% Ruderalis<\/li>\n<li><strong>Gen\u00e9tica<\/strong>: Sticky Queen x OG Kush Auto<\/li>\n<li><strong>D\u00edas:<\/strong> 56-63<\/li>\n<\/ul>\n<p><\/p>\n<div style=\"text-align: justify\"><em><strong>ADVERTENCIA:<\/strong> Las semillas de c\u00e1\u00f1amo est\u00e1n excluidas de la noci\u00f3n legal de Cannabis, lo que significa que no deben considerarse una sustancia estupefaciente (L. 412 de 1974, art. 1, coma 1, lett. B; Convenci\u00f3n \u00danica sobre Estupefacientes de Nueva York de 1961 y tabla II del Decreto Ministerial 27\/7\/1992). En Italia, el cultivo del c\u00e1\u00f1amo est\u00e1 prohibido (art\u00edculos 28 y 73 del Decreto Presidencial 309\/90) a menos que se obtenga una autorizaci\u00f3n especial (art\u00edculo 17 del Decreto Presidencial 309\/90). A falta de autorizaci\u00f3n, las semillas s\u00f3lo pueden utilizarse para otros fines (zoot\u00e9cnicos, recolecci\u00f3n, etc.). Las semillas se venden con la reserva de que no ser\u00e1n utilizadas por terceros en conflicto con la ley.<\/em><\/div>\n","protected":false},"excerpt":{"rendered":"<p>Sticky Queen Auto es una variedad autofloreciente fiable. Esta regia variedad es descendiente directa de Kosher Kush y OG Kush.<\/p>\n","protected":false},"featured_media":186391,"comment_status":"open","ping_status":"closed","template":"","meta":[],"product_brand":[],"product_cat":[7953],"product_tag":[],"class_list":{"0":"post-186400","1":"product","2":"type-product","3":"status-publish","4":"has-post-thumbnail","6":"product_cat-seedshop-es","8":"first","9":"instock","10":"sale","11":"taxable","12":"shipping-taxable","13":"purchasable","14":"product-type-variable"},"_links":{"self":[{"href":"https:\/\/www.budream.com\/es\/wp-json\/wp\/v2\/product\/186400","targetHints":{"allow":["GET"]}}],"collection":[{"href":"https:\/\/www.budream.com\/es\/wp-json\/wp\/v2\/product"}],"about":[{"href":"https:\/\/www.budream.com\/es\/wp-json\/wp\/v2\/types\/product"}],"replies":[{"embeddable":true,"href":"https:\/\/www.budream.com\/es\/wp-json\/wp\/v2\/comments?post=186400"}],"version-history":[{"count":0,"href":"https:\/\/www.budream.com\/es\/wp-json\/wp\/v2\/product\/186400\/revisions"}],"wp:featuredmedia":[{"embeddable":true,"href":"https:\/\/www.budream.com\/es\/wp-json\/wp\/v2\/media\/186391"}],"wp:attachment":[{"href":"https:\/\/www.budream.com\/es\/wp-json\/wp\/v2\/media?parent=186400"}],"wp:term":[{"taxonomy":"product_brand","embeddable":true,"href":"https:\/\/www.budream.com\/es\/wp-json\/wp\/v2\/product_brand?post=186400"},{"taxonomy":"product_cat","embeddable":true,"href":"https:\/\/www.budream.com\/es\/wp-json\/wp\/v2\/product_cat?post=186400"},{"taxonomy":"product_tag","embeddable":true,"href":"https:\/\/www.budream.com\/es\/wp-json\/wp\/v2\/product_tag?post=186400"}],"curies":[{"name":"wp","href":"https:\/\/api.w.org\/{rel}","templated":true}]}}