{"id":186575,"date":"2025-08-01T12:51:37","date_gmt":"2025-08-01T10:51:37","guid":{"rendered":"https:\/\/www.budream.com\/shop\/royal-queen-seeds-atlas-f1-autofloreciente\/"},"modified":"2026-02-04T13:44:56","modified_gmt":"2026-02-04T11:44:56","slug":"royal-queen-seeds-atlas-f1-autofloreciente","status":"publish","type":"product","link":"https:\/\/www.budream.com\/es\/shop\/royal-queen-seeds-atlas-f1-autofloreciente\/","title":{"rendered":"ROYAL QUEEN SEEDS &#8211; ATLAS F1 AUTOFLORECIENTE"},"content":{"rendered":"<div style=\"text-align: justify\">Nuestras semillas Atlas F1, una variedad h\u00edbrida, fueron creadas a partir de l\u00edneas endog\u00e1micas extremadamente puras de One To One, Diesel Auto y Amnesia Haze.<\/div>\n<p><\/p>\n<h2><strong>Caracter\u00edsticas Atlas F1 Autofloreciente Royal Queen Seeds:<\/strong><\/h2>\n<ul style=\"list-style-type: disc\">\n<li><strong>G\u00e9nero:<\/strong> Autofloreciente Feminizada<\/li>\n<li><strong>Genotipo:<\/strong> H\u00edbrido F1 CBD<\/li>\n<li><strong>Gen\u00e9tica<\/strong>: One To One x Diesel Auto x Amnesia Haze<\/li>\n<li><strong>D\u00edas:<\/strong> 65-70<\/li>\n<\/ul>\n<p><\/p>\n<div style=\"text-align: justify\"><em><strong>ADVERTENCIA:<\/strong> Las semillas de c\u00e1\u00f1amo est\u00e1n excluidas de la noci\u00f3n legal de Cannabis, lo que significa que no deben considerarse una sustancia estupefaciente (L. 412 de 1974, art. 1, p\u00e1rrafo 1, lett. B; Convenci\u00f3n \u00danica sobre Estupefacientes de Nueva York de 1961 y tabla II del Decreto Ministerial 27\/7\/1992). En Italia, el cultivo del c\u00e1\u00f1amo est\u00e1 prohibido (art\u00edculos 28 y 73 del Decreto Presidencial 309\/90) a menos que se obtenga una autorizaci\u00f3n especial (art\u00edculo 17 del Decreto Presidencial 309\/90). A falta de autorizaci\u00f3n, las semillas s\u00f3lo pueden utilizarse para otros fines (zoot\u00e9cnicos, recolecci\u00f3n, etc.). Las semillas se venden con la reserva de que no sean utilizadas por terceros en conflicto con la ley.<\/em><\/div>\n","protected":false},"excerpt":{"rendered":"<p>Nuestras semillas Atlas F1, una variedad h\u00edbrida, fueron creadas a partir de l\u00edneas endog\u00e1micas extremadamente puras de One To One,<\/p>\n","protected":false},"featured_media":186566,"comment_status":"open","ping_status":"closed","template":"","meta":[],"product_brand":[],"product_cat":[7953],"product_tag":[],"class_list":{"0":"post-186575","1":"product","2":"type-product","3":"status-publish","4":"has-post-thumbnail","6":"product_cat-seedshop-es","8":"first","9":"instock","10":"sale","11":"taxable","12":"shipping-taxable","13":"purchasable","14":"product-type-variable"},"_links":{"self":[{"href":"https:\/\/www.budream.com\/es\/wp-json\/wp\/v2\/product\/186575","targetHints":{"allow":["GET"]}}],"collection":[{"href":"https:\/\/www.budream.com\/es\/wp-json\/wp\/v2\/product"}],"about":[{"href":"https:\/\/www.budream.com\/es\/wp-json\/wp\/v2\/types\/product"}],"replies":[{"embeddable":true,"href":"https:\/\/www.budream.com\/es\/wp-json\/wp\/v2\/comments?post=186575"}],"version-history":[{"count":0,"href":"https:\/\/www.budream.com\/es\/wp-json\/wp\/v2\/product\/186575\/revisions"}],"wp:featuredmedia":[{"embeddable":true,"href":"https:\/\/www.budream.com\/es\/wp-json\/wp\/v2\/media\/186566"}],"wp:attachment":[{"href":"https:\/\/www.budream.com\/es\/wp-json\/wp\/v2\/media?parent=186575"}],"wp:term":[{"taxonomy":"product_brand","embeddable":true,"href":"https:\/\/www.budream.com\/es\/wp-json\/wp\/v2\/product_brand?post=186575"},{"taxonomy":"product_cat","embeddable":true,"href":"https:\/\/www.budream.com\/es\/wp-json\/wp\/v2\/product_cat?post=186575"},{"taxonomy":"product_tag","embeddable":true,"href":"https:\/\/www.budream.com\/es\/wp-json\/wp\/v2\/product_tag?post=186575"}],"curies":[{"name":"wp","href":"https:\/\/api.w.org\/{rel}","templated":true}]}}