{"id":187159,"date":"2025-08-01T13:26:51","date_gmt":"2025-08-01T11:26:51","guid":{"rendered":"https:\/\/www.budream.com\/shop\/dutch-passion-galletas-autocongeladas-fem\/"},"modified":"2026-04-07T15:49:53","modified_gmt":"2026-04-07T13:49:53","slug":"dutch-passion-galletas-autocongeladas-fem","status":"publish","type":"product","link":"https:\/\/www.budream.com\/es\/shop\/dutch-passion-galletas-autocongeladas-fem\/","title":{"rendered":"DUTCH PASSION &#8211; GALLETAS AUTOCONGELADAS FEM"},"content":{"rendered":"<div style=\"text-align: justify\">Auto Frozen Biscotti es una variedad de semilla autofloreciente h\u00edbrida americana que hemos desarrollado cruzando una Auto Oreoz OG (Oreoz x Auto Glueberry OG) con un clon de Biscotti de alta calidad. Esta nueva variedad autofloreciente con dominancia Indica es una variaci\u00f3n de los cruces &#8216;Cookie<\/div>\n<p><\/p>\n<h2><strong>Caracter\u00edsticas Auto Frozen Biscuits Fem Dutch Passion:<\/strong><\/h2>\n<ul style=\"list-style-type: disc\">\n<li><strong>G\u00e9nero:<\/strong> Autofloreciente feminizada<\/li>\n<li><strong>Genotipo:<\/strong> H\u00edbrido Indica-dominante<\/li>\n<li><strong>Gen\u00e9tica:<\/strong> Auto Oreoz OG x Biscotti<\/li>\n<li>D\u00edas<strong>:<\/strong> 77 d\u00edas<\/li>\n<\/ul>\n<p><\/p>\n<div style=\"text-align: justify\"><span style=\"font-size: 11pt\"><em><strong>ADVERTENCIA:<\/strong> Las semillas de c\u00e1\u00f1amo est\u00e1n excluidas de la noci\u00f3n legal de Cannabis, lo que significa que no deben considerarse una sustancia estupefaciente (L. 412 de 1974, art. 1, coma 1, lett. B; Convenci\u00f3n \u00danica sobre Estupefacientes de Nueva York de 1961 y tabla II del decreto ministerial 27\/7\/1992). En Italia, el cultivo del c\u00e1\u00f1amo est\u00e1 prohibido (art\u00edculos 28 y 73 del Decreto Presidencial 309\/90) a menos que se obtenga una autorizaci\u00f3n especial (art\u00edculo 17 del Decreto Presidencial 309\/90). A falta de autorizaci\u00f3n, las semillas s\u00f3lo pueden utilizarse para otros fines (zoot\u00e9cnicos, recolecci\u00f3n, etc.). Las semillas se venden con la reserva de que no sean utilizadas por terceros en conflicto con la ley.<\/em><\/span><\/div>\n","protected":false},"excerpt":{"rendered":"<p>Auto Frozen Biscotti es una variedad de semilla autofloreciente h\u00edbrida americana que hemos desarrollado cruzando una Auto Oreoz OG (Oreoz<\/p>\n","protected":false},"featured_media":187150,"comment_status":"open","ping_status":"closed","template":"","meta":[],"product_brand":[],"product_cat":[7953],"product_tag":[],"class_list":{"0":"post-187159","1":"product","2":"type-product","3":"status-publish","4":"has-post-thumbnail","6":"product_cat-seedshop-es","8":"first","9":"instock","10":"sale","11":"taxable","12":"shipping-taxable","13":"purchasable","14":"product-type-variable"},"_links":{"self":[{"href":"https:\/\/www.budream.com\/es\/wp-json\/wp\/v2\/product\/187159","targetHints":{"allow":["GET"]}}],"collection":[{"href":"https:\/\/www.budream.com\/es\/wp-json\/wp\/v2\/product"}],"about":[{"href":"https:\/\/www.budream.com\/es\/wp-json\/wp\/v2\/types\/product"}],"replies":[{"embeddable":true,"href":"https:\/\/www.budream.com\/es\/wp-json\/wp\/v2\/comments?post=187159"}],"version-history":[{"count":1,"href":"https:\/\/www.budream.com\/es\/wp-json\/wp\/v2\/product\/187159\/revisions"}],"predecessor-version":[{"id":262289,"href":"https:\/\/www.budream.com\/es\/wp-json\/wp\/v2\/product\/187159\/revisions\/262289"}],"wp:featuredmedia":[{"embeddable":true,"href":"https:\/\/www.budream.com\/es\/wp-json\/wp\/v2\/media\/187150"}],"wp:attachment":[{"href":"https:\/\/www.budream.com\/es\/wp-json\/wp\/v2\/media?parent=187159"}],"wp:term":[{"taxonomy":"product_brand","embeddable":true,"href":"https:\/\/www.budream.com\/es\/wp-json\/wp\/v2\/product_brand?post=187159"},{"taxonomy":"product_cat","embeddable":true,"href":"https:\/\/www.budream.com\/es\/wp-json\/wp\/v2\/product_cat?post=187159"},{"taxonomy":"product_tag","embeddable":true,"href":"https:\/\/www.budream.com\/es\/wp-json\/wp\/v2\/product_tag?post=187159"}],"curies":[{"name":"wp","href":"https:\/\/api.w.org\/{rel}","templated":true}]}}