{"id":187359,"date":"2025-08-01T13:38:52","date_gmt":"2025-08-01T11:38:52","guid":{"rendered":"https:\/\/www.budream.com\/shop\/barneys-farm-helado-de-chicle-fem\/"},"modified":"2026-03-30T14:15:38","modified_gmt":"2026-03-30T12:15:38","slug":"barneys-farm-helado-de-chicle-fem","status":"publish","type":"product","link":"https:\/\/www.budream.com\/es\/shop\/barneys-farm-helado-de-chicle-fem\/","title":{"rendered":"BARNEY&#8217;S FARM &#8211; HELADO DE CHICLE FEM"},"content":{"rendered":"<div style=\"text-align: justify\">La variedad Bubblegum Gelato surge como la \u00faltima obra maestra de la revolucionaria colaboraci\u00f3n entre los criadores de Barney&#8217;s Farm y BackPack Boyz. Este h\u00edbrido de predominancia \u00edndica (60\/40) representa la convergencia de dos casas de cr\u00eda legendarias, fusionando el tentador sabor del chicle con los matices cremosos de la Gelato.<\/div>\n<p><\/p>\n<h2><strong>Caracter\u00edsticas Barney&#8217;s Farm Bubblegum Gelato Fem:<\/strong><\/h2>\n<ul style=\"list-style-type: disc\">\n<li><strong>G\u00e9nero:<\/strong> Feminizada<\/li>\n<li><strong>Genotipo<\/strong>: 60% Indica \/ 40% Sativa<\/li>\n<li><strong>Gen\u00e9tica<\/strong>: Gelato 45 x Indiana Bubble Gum<\/li>\n<li><strong>D\u00edas<\/strong><strong>:<\/strong> 60-70 d\u00edas<\/li>\n<\/ul>\n<p><\/p>\n<div style=\"text-align: justify\"><span style=\"font-size: 11pt\"><em><strong>ATENCI\u00d3N:<\/strong> Las semillas de c\u00e1\u00f1amo est\u00e1n excluidas de la noci\u00f3n legal de Cannabis, lo que significa que no deben considerarse una sustancia estupefaciente (Ley 412 de 1974, Art. 1, p\u00e1rrafo 1, lett. B; Convenci\u00f3n \u00danica sobre Estupefacientes de Nueva York de 1961 y tabla II del Decreto Ministerial 27\/7\/1992). En Italia, el cultivo del c\u00e1\u00f1amo est\u00e1 prohibido (art\u00edculos 28 y 73 del Decreto Presidencial 309\/90) a menos que se obtenga una autorizaci\u00f3n especial (art\u00edculo 17 del Decreto Presidencial 309\/90). A falta de autorizaci\u00f3n, las semillas s\u00f3lo pueden utilizarse para otros fines (zoot\u00e9cnicos, recolecci\u00f3n, etc.). Las semillas se venden con la reserva de que no sean utilizadas por terceros en conflicto con la ley.<\/em><\/span><\/div>\n","protected":false},"excerpt":{"rendered":"<p>La variedad Bubblegum Gelato surge como la \u00faltima obra maestra de la revolucionaria colaboraci\u00f3n entre los criadores de Barney&#8217;s Farm<\/p>\n","protected":false},"featured_media":187355,"comment_status":"open","ping_status":"closed","template":"","meta":[],"product_brand":[],"product_cat":[7953],"product_tag":[],"class_list":{"0":"post-187359","1":"product","2":"type-product","3":"status-publish","4":"has-post-thumbnail","6":"product_cat-seedshop-es","8":"first","9":"instock","10":"sale","11":"taxable","12":"shipping-taxable","13":"purchasable","14":"product-type-variable"},"_links":{"self":[{"href":"https:\/\/www.budream.com\/es\/wp-json\/wp\/v2\/product\/187359","targetHints":{"allow":["GET"]}}],"collection":[{"href":"https:\/\/www.budream.com\/es\/wp-json\/wp\/v2\/product"}],"about":[{"href":"https:\/\/www.budream.com\/es\/wp-json\/wp\/v2\/types\/product"}],"replies":[{"embeddable":true,"href":"https:\/\/www.budream.com\/es\/wp-json\/wp\/v2\/comments?post=187359"}],"version-history":[{"count":0,"href":"https:\/\/www.budream.com\/es\/wp-json\/wp\/v2\/product\/187359\/revisions"}],"wp:featuredmedia":[{"embeddable":true,"href":"https:\/\/www.budream.com\/es\/wp-json\/wp\/v2\/media\/187355"}],"wp:attachment":[{"href":"https:\/\/www.budream.com\/es\/wp-json\/wp\/v2\/media?parent=187359"}],"wp:term":[{"taxonomy":"product_brand","embeddable":true,"href":"https:\/\/www.budream.com\/es\/wp-json\/wp\/v2\/product_brand?post=187359"},{"taxonomy":"product_cat","embeddable":true,"href":"https:\/\/www.budream.com\/es\/wp-json\/wp\/v2\/product_cat?post=187359"},{"taxonomy":"product_tag","embeddable":true,"href":"https:\/\/www.budream.com\/es\/wp-json\/wp\/v2\/product_tag?post=187359"}],"curies":[{"name":"wp","href":"https:\/\/api.w.org\/{rel}","templated":true}]}}