{"id":187534,"date":"2025-08-01T13:48:40","date_gmt":"2025-08-01T11:48:40","guid":{"rendered":"https:\/\/www.budream.com\/shop\/barneys-farm-paquete-de-caramelos-fem\/"},"modified":"2026-03-23T16:46:33","modified_gmt":"2026-03-23T14:46:33","slug":"barneys-farm-paquete-de-caramelos-fem","status":"publish","type":"product","link":"https:\/\/www.budream.com\/es\/shop\/barneys-farm-paquete-de-caramelos-fem\/","title":{"rendered":"BARNEY&#8217;S FARM &#8211; PAQUETE DE CARAMELOS FEM"},"content":{"rendered":"<div style=\"text-align: justify\">Barney&#8217;s Farm se complace en anunciar el lanzamiento de nuestro nuevo Candy Pack, una deliciosa colecci\u00f3n de cinco variedades excepcionales.<\/div>\n<p><\/p>\n<h2><strong>Caracter\u00edsticas Barney&#8217;s Farm Candy Pack Fem:<\/strong><\/h2>\n<ul style=\"list-style-type: disc\">\n<li><strong>G\u00e9nero:<\/strong> Feminizada 1 semilla x variedad<\/li>\n<li><strong>Cherry Poppers<\/strong>: Esta variedad representa una sofisticada fusi\u00f3n de las gen\u00e9ticas Lemon Kush y Cherry Zkittlez, present\u00e1ndose como un h\u00edbrido 60% sativa;<\/li>\n<li><strong>Superboof<\/strong> Cepa Leafly del A\u00f1o: Superboof ofrece un h\u00edbrido bien equilibrado, perfecto tanto para la relajaci\u00f3n como para la creatividad;<\/li>\n<li><strong>Jealousy<\/strong>: una variedad llamativa con un perfil de terpenos \u00fanico;<\/li>\n<li><strong>Lemon Cherry Gelato<\/strong> &#8211; Barney&#8217;s Farm x Backpack Boyz: esta segunda colaboraci\u00f3n din\u00e1mica entre Barney&#8217;s Farm y Backpack Boyz es conocida por sus vibrantes tonos c\u00edtricos y de cereza;<\/li>\n<li><strong>White Runtz<\/strong> representa un desarrollo h\u00edbrido avanzado, que combina las gen\u00e9ticas Gelato y Zkittlez en una proporci\u00f3n Indica dominante (55\/45).<\/li>\n<\/ul>\n<p><\/p>\n<div style=\"text-align: justify\"><span style=\"font-size: 11pt\"><em><strong>ADVERTENCIA:<\/strong> Las semillas de c\u00e1\u00f1amo est\u00e1n excluidas de la noci\u00f3n legal de Cannabis, lo que significa que no deben considerarse una sustancia estupefaciente (Ley 412 de 1974, art. 1, p\u00e1rrafo 1, lett. B; Convenci\u00f3n \u00danica sobre Estupefacientes de Nueva York de 1961 y tabla II del Decreto Ministerial 27\/7\/1992). En Italia, el cultivo del c\u00e1\u00f1amo est\u00e1 prohibido (art\u00edculos 28 y 73 del Decreto Presidencial 309\/90) a menos que se obtenga una autorizaci\u00f3n especial (art\u00edculo 17 del Decreto Presidencial 309\/90). A falta de autorizaci\u00f3n, las semillas s\u00f3lo pueden utilizarse para otros fines (zoot\u00e9cnicos, recolecci\u00f3n, etc.). Las semillas se venden con la reserva de que no ser\u00e1n utilizadas por terceros en conflicto con la ley.<\/em><\/span><\/div>\n","protected":false},"excerpt":{"rendered":"<p>Barney&#8217;s Farm se complace en anunciar el lanzamiento de nuestro nuevo Candy Pack, una deliciosa colecci\u00f3n de cinco variedades excepcionales.<\/p>\n","protected":false},"featured_media":187530,"comment_status":"open","ping_status":"closed","template":"","meta":[],"product_brand":[],"product_cat":[7953],"product_tag":[],"class_list":{"0":"post-187534","1":"product","2":"type-product","3":"status-publish","4":"has-post-thumbnail","6":"product_cat-seedshop-es","8":"first","9":"instock","10":"taxable","11":"shipping-taxable","12":"purchasable","13":"product-type-variable"},"aioseo_notices":[],"_links":{"self":[{"href":"https:\/\/www.budream.com\/es\/wp-json\/wp\/v2\/product\/187534","targetHints":{"allow":["GET"]}}],"collection":[{"href":"https:\/\/www.budream.com\/es\/wp-json\/wp\/v2\/product"}],"about":[{"href":"https:\/\/www.budream.com\/es\/wp-json\/wp\/v2\/types\/product"}],"replies":[{"embeddable":true,"href":"https:\/\/www.budream.com\/es\/wp-json\/wp\/v2\/comments?post=187534"}],"version-history":[{"count":0,"href":"https:\/\/www.budream.com\/es\/wp-json\/wp\/v2\/product\/187534\/revisions"}],"wp:featuredmedia":[{"embeddable":true,"href":"https:\/\/www.budream.com\/es\/wp-json\/wp\/v2\/media\/187530"}],"wp:attachment":[{"href":"https:\/\/www.budream.com\/es\/wp-json\/wp\/v2\/media?parent=187534"}],"wp:term":[{"taxonomy":"product_brand","embeddable":true,"href":"https:\/\/www.budream.com\/es\/wp-json\/wp\/v2\/product_brand?post=187534"},{"taxonomy":"product_cat","embeddable":true,"href":"https:\/\/www.budream.com\/es\/wp-json\/wp\/v2\/product_cat?post=187534"},{"taxonomy":"product_tag","embeddable":true,"href":"https:\/\/www.budream.com\/es\/wp-json\/wp\/v2\/product_tag?post=187534"}],"curies":[{"name":"wp","href":"https:\/\/api.w.org\/{rel}","templated":true}]}}