{"id":189407,"date":"2025-08-01T15:05:41","date_gmt":"2025-08-01T13:05:41","guid":{"rendered":"https:\/\/www.budream.com\/shop\/green-house-seed-co-super-silver-haze-fem\/"},"modified":"2026-03-16T12:06:09","modified_gmt":"2026-03-16T10:06:09","slug":"green-house-seed-co-super-silver-haze-fem","status":"publish","type":"product","link":"https:\/\/www.budream.com\/es\/shop\/green-house-seed-co-super-silver-haze-fem\/","title":{"rendered":"GREEN HOUSE SEED CO. &#8211; SUPER SILVER HAZE FEM"},"content":{"rendered":"<div style=\"text-align: justify\">\n<div style=\"text-align: justify\">Super Silver Haze es la sativa definitiva con estatus de leyenda. De todas las espectaculares variedades Haze que existen, la Super Silver Haze es la campeona que destaca. Super Silver Haze, de Greenhouse Seeds, es probablemente una de las m\u00e1s buscadas del mundo y quiz\u00e1s el h\u00edbrido sativa m\u00e1s famoso del mercado. Esta galardonada variedad es el resultado del cruce de varias gen\u00e9ticas: Skunk, Northern Lights y Haze.<\/div>\n<p><\/p>\n<h2><strong>Caracter\u00edsticas Super Silver Haze Fem<\/strong><\/h2>\n<ul style=\"list-style-type: disc\">\n<li><strong>G\u00e9nero:<\/strong>\u00a0Feminizada<\/li>\n<li><strong>Genotipo:<\/strong>\u00a0H\u00edbrido 30% Indica 70% Sativa<\/li>\n<li><strong>Gen\u00e9tica:<\/strong>\u00a0Skunk x Northern lLights x Haze<\/li>\n<li><strong>D\u00edas:<\/strong>\u00a070-77<\/li>\n<\/ul>\n<p><\/p>\n<div style=\"text-align: justify\"><span style=\"font-size: 11pt\"><em><strong>ADVERTENCIA:<\/strong>\u00a0Las semillas de c\u00e1\u00f1amo est\u00e1n excluidas de la noci\u00f3n legal de Cannabis, lo que significa que no deben considerarse una sustancia estupefaciente (L. 412 de 1974, art. 1, p\u00e1rrafo 1, lett. B; Convenci\u00f3n \u00danica sobre Estupefacientes de Nueva York de 1961 y tabla II del Decreto Ministerial 27\/7\/1992). En Italia, el cultivo del c\u00e1\u00f1amo est\u00e1 prohibido (art\u00edculos 28 y 73 del Decreto Presidencial 309\/90) a menos que se obtenga una autorizaci\u00f3n especial (art\u00edculo 17 del Decreto Presidencial 309\/90). A falta de autorizaci\u00f3n, las semillas s\u00f3lo pueden utilizarse para otros fines (zoot\u00e9cnicos, recolecci\u00f3n, etc.). Las semillas se venden con la reserva de que no ser\u00e1n utilizadas por terceros en conflicto con la ley.<\/em><\/span><\/div>\n<\/div>\n","protected":false},"excerpt":{"rendered":"<p>Super Silver Haze es la sativa definitiva con estatus de leyenda. De todas las espectaculares variedades Haze que existen, la<\/p>\n","protected":false},"featured_media":226000,"comment_status":"open","ping_status":"closed","template":"","meta":[],"product_brand":[],"product_cat":[7953],"product_tag":[],"class_list":{"0":"post-189407","1":"product","2":"type-product","3":"status-publish","4":"has-post-thumbnail","6":"product_cat-seedshop-es","8":"first","9":"instock","10":"sale","11":"taxable","12":"shipping-taxable","13":"purchasable","14":"product-type-variable"},"_links":{"self":[{"href":"https:\/\/www.budream.com\/es\/wp-json\/wp\/v2\/product\/189407","targetHints":{"allow":["GET"]}}],"collection":[{"href":"https:\/\/www.budream.com\/es\/wp-json\/wp\/v2\/product"}],"about":[{"href":"https:\/\/www.budream.com\/es\/wp-json\/wp\/v2\/types\/product"}],"replies":[{"embeddable":true,"href":"https:\/\/www.budream.com\/es\/wp-json\/wp\/v2\/comments?post=189407"}],"version-history":[{"count":0,"href":"https:\/\/www.budream.com\/es\/wp-json\/wp\/v2\/product\/189407\/revisions"}],"wp:featuredmedia":[{"embeddable":true,"href":"https:\/\/www.budream.com\/es\/wp-json\/wp\/v2\/media\/226000"}],"wp:attachment":[{"href":"https:\/\/www.budream.com\/es\/wp-json\/wp\/v2\/media?parent=189407"}],"wp:term":[{"taxonomy":"product_brand","embeddable":true,"href":"https:\/\/www.budream.com\/es\/wp-json\/wp\/v2\/product_brand?post=189407"},{"taxonomy":"product_cat","embeddable":true,"href":"https:\/\/www.budream.com\/es\/wp-json\/wp\/v2\/product_cat?post=189407"},{"taxonomy":"product_tag","embeddable":true,"href":"https:\/\/www.budream.com\/es\/wp-json\/wp\/v2\/product_tag?post=189407"}],"curies":[{"name":"wp","href":"https:\/\/api.w.org\/{rel}","templated":true}]}}