{"id":189567,"date":"2025-08-01T15:13:59","date_gmt":"2025-08-01T13:13:59","guid":{"rendered":"https:\/\/www.budream.com\/shop\/barneys-farm-tropicana-cherry-fem\/"},"modified":"2026-03-11T17:39:43","modified_gmt":"2026-03-11T15:39:43","slug":"barneys-farm-tropicana-cherry-fem","status":"publish","type":"product","link":"https:\/\/www.budream.com\/es\/shop\/barneys-farm-tropicana-cherry-fem\/","title":{"rendered":"BARNEY&#8217;S FARM &#8211; TROPICANA CHERRY FEM"},"content":{"rendered":"<div style=\"text-align: justify\">La variedad Tropicana Cherry es un h\u00edbrido excepcional creado mediante el cruce de las legendarias Tropicana Cookies y Cherry Cookies, ahora con el toque &#8216;Evo&#8217; de Barney&#8217;s Farm. Disfruta de lo mejor de ambos mundos con el equilibrado perfil 60% Sativa y 40% Indica de Tropicana Cherry.<\/div>\n<p><\/p>\n<h2><strong>Caracter\u00edsticas Tropicana Cherry Fem:<\/strong><\/h2>\n<ul style=\"list-style-type: disc\">\n<li><strong>G\u00e9nero:<\/strong> Feminizada<\/li>\n<li><strong>Genotipo:<\/strong> 40% Indica \/ 60% Sativa<\/li>\n<li><strong>Gen\u00e9tica:<\/strong> Tropicana Cookies x Tropicanna Cherry<\/li>\n<li><strong>D\u00edas:<\/strong> 60 &#8211; 65 d\u00edas<\/li>\n<\/ul>\n<div style=\"text-align: justify\"><span style=\"font-size: 11pt\"><em><strong><br \/>ADVERTENCIA:<\/strong> Las semillas de c\u00e1\u00f1amo est\u00e1n excluidas de la noci\u00f3n legal de Cannabis, lo que significa que no deben considerarse una sustancia estupefaciente (L. 412 de 1974, art. 1, p\u00e1rrafo 1, lett. B; Convenci\u00f3n \u00danica sobre Estupefacientes de Nueva York de 1961 y tabla II del Decreto Ministerial 27\/7\/1992). En Italia, el cultivo del c\u00e1\u00f1amo est\u00e1 prohibido (art\u00edculos 28 y 73 del Decreto Presidencial 309\/90) a menos que se obtenga una autorizaci\u00f3n especial (art\u00edculo 17 del Decreto Presidencial 309\/90). A falta de autorizaci\u00f3n, las semillas s\u00f3lo pueden utilizarse para otros fines (zoot\u00e9cnicos, recolecci\u00f3n, etc.). Las semillas se venden con la reserva de que no sean utilizadas por terceros en conflicto con la ley.<\/em><\/span><\/div>\n","protected":false},"excerpt":{"rendered":"<p>La variedad Tropicana Cherry es un h\u00edbrido excepcional creado mediante el cruce de las legendarias Tropicana Cookies y Cherry Cookies,<\/p>\n","protected":false},"featured_media":189563,"comment_status":"open","ping_status":"closed","template":"","meta":[],"product_brand":[],"product_cat":[7953],"product_tag":[],"class_list":{"0":"post-189567","1":"product","2":"type-product","3":"status-publish","4":"has-post-thumbnail","6":"product_cat-seedshop-es","8":"first","9":"instock","10":"taxable","11":"shipping-taxable","12":"purchasable","13":"product-type-variable"},"aioseo_notices":[],"_links":{"self":[{"href":"https:\/\/www.budream.com\/es\/wp-json\/wp\/v2\/product\/189567","targetHints":{"allow":["GET"]}}],"collection":[{"href":"https:\/\/www.budream.com\/es\/wp-json\/wp\/v2\/product"}],"about":[{"href":"https:\/\/www.budream.com\/es\/wp-json\/wp\/v2\/types\/product"}],"replies":[{"embeddable":true,"href":"https:\/\/www.budream.com\/es\/wp-json\/wp\/v2\/comments?post=189567"}],"version-history":[{"count":0,"href":"https:\/\/www.budream.com\/es\/wp-json\/wp\/v2\/product\/189567\/revisions"}],"wp:featuredmedia":[{"embeddable":true,"href":"https:\/\/www.budream.com\/es\/wp-json\/wp\/v2\/media\/189563"}],"wp:attachment":[{"href":"https:\/\/www.budream.com\/es\/wp-json\/wp\/v2\/media?parent=189567"}],"wp:term":[{"taxonomy":"product_brand","embeddable":true,"href":"https:\/\/www.budream.com\/es\/wp-json\/wp\/v2\/product_brand?post=189567"},{"taxonomy":"product_cat","embeddable":true,"href":"https:\/\/www.budream.com\/es\/wp-json\/wp\/v2\/product_cat?post=189567"},{"taxonomy":"product_tag","embeddable":true,"href":"https:\/\/www.budream.com\/es\/wp-json\/wp\/v2\/product_tag?post=189567"}],"curies":[{"name":"wp","href":"https:\/\/api.w.org\/{rel}","templated":true}]}}