{"id":194777,"date":"2025-08-06T17:38:04","date_gmt":"2025-08-06T15:38:04","guid":{"rendered":"https:\/\/www.budream.com\/shop\/royal-queen-seeds-purple-punch-automatic-fem-usa-premium\/"},"modified":"2026-02-26T13:35:39","modified_gmt":"2026-02-26T11:35:39","slug":"royal-queen-seeds-purple-punch-automatic-fem-usa-premium","status":"publish","type":"product","link":"https:\/\/www.budream.com\/es\/shop\/royal-queen-seeds-purple-punch-automatic-fem-usa-premium\/","title":{"rendered":"ROYAL QUEEN SEEDS &#8211; PURPLE PUNCH AUTOMATIC FEM (USA PREMIUM)"},"content":{"rendered":"<p style=\"text-align: justify\">La asombrosa Purple Punch, famosa por sus dulces sabores a bayas y caramelo, ha recibido el tan esperado tratamiento autofloreciente. Nuestros criadores de RQS crearon una versi\u00f3n autom\u00e1tica de esta popular variedad \u00abde postre\u00bb cruz\u00e1ndola con la Old Skunk Auto. De este cruce surgi\u00f3 la Purple Punch Automatic, una variedad compuesta por un 75% de \u00edndica, un 20% de sativa y un 5% de gen\u00e9tica ruderalis.<\/p>\n<p><\/p>\n<h2><strong>Caracter\u00edsticas Purple Punch Automatic Royal Queen Seeds:<\/strong><\/h2>\n<ul style=\"list-style-type: disc\">\n<li><strong>G\u00e9nero:<\/strong> Autofloreciente Feminizada<\/li>\n<li><strong>Genotipo:<\/strong> H\u00edbrido 20% Sativa 75% Indica 5% Ruderalis<\/li>\n<li><strong>Gen\u00e9tica<\/strong>: Purple Punch x Old Skunk Auto<\/li>\n<li><strong>D\u00edas:<\/strong> 49 &#8211; 56<\/li>\n<\/ul>\n<p><\/p>\n<div style=\"text-align: justify\"><em><strong>ADVERTENCIA:<\/strong> Las semillas de c\u00e1\u00f1amo est\u00e1n excluidas de la noci\u00f3n legal de Cannabis, lo que significa que no deben considerarse una sustancia estupefaciente (L. 412 de 1974, art. 1, p\u00e1rrafo 1, lett. B; Convenci\u00f3n \u00danica sobre Estupefacientes de Nueva York de 1961 y tabla II del Decreto Ministerial 27\/7\/1992). En Italia, el cultivo del c\u00e1\u00f1amo est\u00e1 prohibido (art\u00edculos 28 y 73 del Decreto Presidencial 309\/90) a menos que se obtenga una autorizaci\u00f3n especial (art\u00edculo 17 del Decreto Presidencial 309\/90). A falta de autorizaci\u00f3n, las semillas s\u00f3lo pueden utilizarse para otros fines (zoot\u00e9cnicos, recolecci\u00f3n, etc.). Las semillas se venden con la reserva de que no sean utilizadas por terceros en conflicto con la ley.<\/em><\/div>\n","protected":false},"excerpt":{"rendered":"<p>La asombrosa Purple Punch, famosa por sus dulces sabores a bayas y caramelo, ha recibido el tan esperado tratamiento autofloreciente.<\/p>\n","protected":false},"featured_media":160324,"comment_status":"open","ping_status":"closed","template":"","meta":[],"product_brand":[],"product_cat":[7953],"product_tag":[],"class_list":{"0":"post-194777","1":"product","2":"type-product","3":"status-publish","4":"has-post-thumbnail","6":"product_cat-seedshop-es","8":"first","9":"instock","10":"sale","11":"taxable","12":"shipping-taxable","13":"purchasable","14":"product-type-variable"},"aioseo_notices":[],"_links":{"self":[{"href":"https:\/\/www.budream.com\/es\/wp-json\/wp\/v2\/product\/194777","targetHints":{"allow":["GET"]}}],"collection":[{"href":"https:\/\/www.budream.com\/es\/wp-json\/wp\/v2\/product"}],"about":[{"href":"https:\/\/www.budream.com\/es\/wp-json\/wp\/v2\/types\/product"}],"replies":[{"embeddable":true,"href":"https:\/\/www.budream.com\/es\/wp-json\/wp\/v2\/comments?post=194777"}],"version-history":[{"count":0,"href":"https:\/\/www.budream.com\/es\/wp-json\/wp\/v2\/product\/194777\/revisions"}],"wp:featuredmedia":[{"embeddable":true,"href":"https:\/\/www.budream.com\/es\/wp-json\/wp\/v2\/media\/160324"}],"wp:attachment":[{"href":"https:\/\/www.budream.com\/es\/wp-json\/wp\/v2\/media?parent=194777"}],"wp:term":[{"taxonomy":"product_brand","embeddable":true,"href":"https:\/\/www.budream.com\/es\/wp-json\/wp\/v2\/product_brand?post=194777"},{"taxonomy":"product_cat","embeddable":true,"href":"https:\/\/www.budream.com\/es\/wp-json\/wp\/v2\/product_cat?post=194777"},{"taxonomy":"product_tag","embeddable":true,"href":"https:\/\/www.budream.com\/es\/wp-json\/wp\/v2\/product_tag?post=194777"}],"curies":[{"name":"wp","href":"https:\/\/api.w.org\/{rel}","templated":true}]}}