{"id":194947,"date":"2025-08-06T17:48:57","date_gmt":"2025-08-06T15:48:57","guid":{"rendered":"https:\/\/www.budream.com\/shop\/semillas-de-canamo-variedad-santhica-ce-2\/"},"modified":"2025-12-23T03:32:18","modified_gmt":"2025-12-23T01:32:18","slug":"semillas-de-canamo-variedad-santhica-ce-2","status":"publish","type":"product","link":"https:\/\/www.budream.com\/es\/shop\/semillas-de-canamo-variedad-santhica-ce-2\/","title":{"rendered":"SEMILLAS DE C\u00c1\u00d1AMO VARIEDAD SANTHICA CE"},"content":{"rendered":"<p>Se trata de gen\u00e9ticas desarrolladas para producir semillas, pero que tambi\u00e9n producen cantidades satisfactorias de biomasa (pacas secas).<br \/>A continuaci\u00f3n se enumeran las principales caracter\u00edsticas:<\/p>\n<p><strong>Genotipo<\/strong>: Monoica<br \/><strong>Adaptabilidad clim\u00e1tica:<\/strong> Centro, Norte de Europa<br \/><strong>Ciclo vegetativo<\/strong>: 120\/140 d\u00edas<br \/><strong>Altura:<\/strong> 2,0 &#8211; 2,5 metros<br \/><strong>Floraci\u00f3n completa:<\/strong> agosto<\/p>\n<p><strong>Producci\u00f3n de semillas kg\/ha:<\/strong> 500 &#8211; 700<br \/><strong>Rendimiento de pacas T\/ha<\/strong>: 9 &#8211; 10<br \/><strong>Rendimiento de inflorescencia (seca): Kg\/ha:<\/strong> 100<\/p>\n<p><strong>THC:<\/strong> &lt; 0,2 %.<br \/><strong>CBD<\/strong>: hasta el 3 %.<\/p>\n<p>Si se almacena en un lugar fresco y seco, la semilla conserva su germinabilidad para el a\u00f1o siguiente.<\/p>\n","protected":false},"excerpt":{"rendered":"<p>Se trata de gen\u00e9ticas desarrolladas para producir semillas, pero que tambi\u00e9n producen cantidades satisfactorias de biomasa (pacas secas).A continuaci\u00f3n se<\/p>\n","protected":false},"featured_media":155477,"comment_status":"open","ping_status":"closed","template":"","meta":[],"product_brand":[],"product_cat":[7953],"product_tag":[],"class_list":{"0":"post-194947","1":"product","2":"type-product","3":"status-publish","4":"has-post-thumbnail","6":"product_cat-seedshop-es","8":"first","9":"outofstock","10":"sale","11":"taxable","12":"shipping-taxable","13":"purchasable","14":"product-type-variable"},"aioseo_notices":[],"_links":{"self":[{"href":"https:\/\/www.budream.com\/es\/wp-json\/wp\/v2\/product\/194947","targetHints":{"allow":["GET"]}}],"collection":[{"href":"https:\/\/www.budream.com\/es\/wp-json\/wp\/v2\/product"}],"about":[{"href":"https:\/\/www.budream.com\/es\/wp-json\/wp\/v2\/types\/product"}],"replies":[{"embeddable":true,"href":"https:\/\/www.budream.com\/es\/wp-json\/wp\/v2\/comments?post=194947"}],"version-history":[{"count":0,"href":"https:\/\/www.budream.com\/es\/wp-json\/wp\/v2\/product\/194947\/revisions"}],"wp:featuredmedia":[{"embeddable":true,"href":"https:\/\/www.budream.com\/es\/wp-json\/wp\/v2\/media\/155477"}],"wp:attachment":[{"href":"https:\/\/www.budream.com\/es\/wp-json\/wp\/v2\/media?parent=194947"}],"wp:term":[{"taxonomy":"product_brand","embeddable":true,"href":"https:\/\/www.budream.com\/es\/wp-json\/wp\/v2\/product_brand?post=194947"},{"taxonomy":"product_cat","embeddable":true,"href":"https:\/\/www.budream.com\/es\/wp-json\/wp\/v2\/product_cat?post=194947"},{"taxonomy":"product_tag","embeddable":true,"href":"https:\/\/www.budream.com\/es\/wp-json\/wp\/v2\/product_tag?post=194947"}],"curies":[{"name":"wp","href":"https:\/\/api.w.org\/{rel}","templated":true}]}}