{"id":195127,"date":"2025-08-06T18:00:25","date_gmt":"2025-08-06T16:00:25","guid":{"rendered":"https:\/\/www.budream.com\/shop\/banco-de-semillas-sensi-skunk-1-fem\/"},"modified":"2026-04-30T16:45:14","modified_gmt":"2026-04-30T14:45:14","slug":"banco-de-semillas-sensi-skunk-1-fem","status":"publish","type":"product","link":"https:\/\/www.budream.com\/es\/shop\/banco-de-semillas-sensi-skunk-1-fem\/","title":{"rendered":"BANCO DE SEMILLAS SENSI &#8211; SKUNK #1 FEM"},"content":{"rendered":"<p><span style=\"font-family: arial, helvetica, sans-serif\"><span style=\"font-family: arial, helvetica, sans-serif\">La Skunk #1 de Sensi Seeds lleva m\u00e1s de un cuarto de siglo entusiasmando a entusiastas de todo el mundo. Ahora est\u00e1 disponible como variedad feminizada de primera calidad.<\/p>\n<p><\/span><\/span><\/p>\n<h2><strong>Caracter\u00edsticas Skunk #1 Fem Sensi Seeds Bank:<\/strong><\/h2>\n<ul style=\"list-style-type: disc\">\n<li><strong>G\u00e9nero:<\/strong> Feminizada<\/li>\n<li><strong>Genotipo:<\/strong> H\u00edbrido 65% Indica 35% Sativa<\/li>\n<li><strong>Gen\u00e9tica:<\/strong> Am\u00e9rica Central <span class=\"cross\">x<\/span> Afganist\u00e1n <span class=\"cross\">x<\/span> Tailandia<\/li>\n<li><strong>D\u00edas:<\/strong> 45-50 d\u00edas<\/li>\n<\/ul>\n<p><span style=\"font-family: arial, helvetica, sans-serif\"><br \/><span style=\"font-size: 11pt\"><em><strong>ADVERTENCIA:<\/strong> Las semillas de c\u00e1\u00f1amo est\u00e1n excluidas de la noci\u00f3n legal de Cannabis, lo que significa que no deben considerarse una sustancia estupefaciente (L. 412 de 1974, art. 1, p\u00e1rrafo 1, lett. B; Convenci\u00f3n \u00danica sobre Estupefacientes de Nueva York de 1961 y tabla II del Decreto Ministerial 27\/7\/1992). En Italia, el cultivo del c\u00e1\u00f1amo est\u00e1 prohibido (art\u00edculos 28 y 73 del Decreto Presidencial 309\/90) a menos que se obtenga una autorizaci\u00f3n especial (art\u00edculo 17 del Decreto Presidencial 309\/90). A falta de autorizaci\u00f3n, las semillas s\u00f3lo pueden utilizarse para otros fines (zoot\u00e9cnicos, recolecci\u00f3n, etc.). Las semillas se venden con la reserva de que no sean utilizadas por terceros en conflicto con la ley.<\/em><\/span><\/span><\/p>\n","protected":false},"excerpt":{"rendered":"<p>La Skunk #1 de Sensi Seeds lleva m\u00e1s de un cuarto de siglo entusiasmando a entusiastas de todo el mundo.<\/p>\n","protected":false},"featured_media":197158,"comment_status":"open","ping_status":"closed","template":"","meta":[],"product_brand":[],"product_cat":[1175],"product_tag":[],"class_list":{"0":"post-195127","1":"product","2":"type-product","3":"status-publish","4":"has-post-thumbnail","6":"product_cat-seedshop","8":"first","9":"instock","10":"taxable","11":"shipping-taxable","12":"purchasable","13":"product-type-variable"},"aioseo_notices":[],"_links":{"self":[{"href":"https:\/\/www.budream.com\/es\/wp-json\/wp\/v2\/product\/195127","targetHints":{"allow":["GET"]}}],"collection":[{"href":"https:\/\/www.budream.com\/es\/wp-json\/wp\/v2\/product"}],"about":[{"href":"https:\/\/www.budream.com\/es\/wp-json\/wp\/v2\/types\/product"}],"replies":[{"embeddable":true,"href":"https:\/\/www.budream.com\/es\/wp-json\/wp\/v2\/comments?post=195127"}],"version-history":[{"count":1,"href":"https:\/\/www.budream.com\/es\/wp-json\/wp\/v2\/product\/195127\/revisions"}],"predecessor-version":[{"id":262578,"href":"https:\/\/www.budream.com\/es\/wp-json\/wp\/v2\/product\/195127\/revisions\/262578"}],"wp:featuredmedia":[{"embeddable":true,"href":"https:\/\/www.budream.com\/es\/wp-json\/wp\/v2\/media\/197158"}],"wp:attachment":[{"href":"https:\/\/www.budream.com\/es\/wp-json\/wp\/v2\/media?parent=195127"}],"wp:term":[{"taxonomy":"product_brand","embeddable":true,"href":"https:\/\/www.budream.com\/es\/wp-json\/wp\/v2\/product_brand?post=195127"},{"taxonomy":"product_cat","embeddable":true,"href":"https:\/\/www.budream.com\/es\/wp-json\/wp\/v2\/product_cat?post=195127"},{"taxonomy":"product_tag","embeddable":true,"href":"https:\/\/www.budream.com\/es\/wp-json\/wp\/v2\/product_tag?post=195127"}],"curies":[{"name":"wp","href":"https:\/\/api.w.org\/{rel}","templated":true}]}}