{"id":195802,"date":"2025-08-25T12:14:20","date_gmt":"2025-08-25T10:14:20","guid":{"rendered":"https:\/\/www.budream.com\/shop\/barneys-farm-banana-punch-fem-disponible-hasta-fin-de-existencias\/"},"modified":"2025-12-23T03:25:34","modified_gmt":"2025-12-23T01:25:34","slug":"barneys-farm-banana-punch-fem-disponible-hasta-fin-de-existencias","status":"publish","type":"product","link":"https:\/\/www.budream.com\/es\/shop\/barneys-farm-banana-punch-fem-disponible-hasta-fin-de-existencias\/","title":{"rendered":"BARNEY&#8217;S FARM &#8211; BANANA PUNCH FEM Disponible hasta fin de existencias"},"content":{"rendered":"<h2><strong>Caracter\u00edsticas Banana Punch Fem:<\/strong><\/h2>\n<ul style=\"list-style-type: disc\">\n<li><strong>G\u00e9nero:<\/strong> Feminizada<\/li>\n<li><strong>Genotipo:<\/strong> H\u00edbrido Indica\/Sativa<\/li>\n<li><strong>Gen\u00e9tica<\/strong>: N.d.<\/li>\n<li><strong>D\u00edas de floraci\u00f3n:<\/strong> N.d.<\/li>\n<\/ul>\n<p><\/p>\n<div style=\"text-align: justify\"><span style=\"font-size: 11pt\"><em><strong>ATENCI\u00d3N:<\/strong> Las semillas de c\u00e1\u00f1amo est\u00e1n excluidas de la noci\u00f3n legal de Cannabis, lo que significa que no deben considerarse una sustancia estupefaciente (Ley 412 de 1974, Art. 1, p\u00e1rrafo 1, lett. B; Convenci\u00f3n \u00danica sobre Estupefacientes de Nueva York de 1961 y tabla II del Decreto Ministerial 27\/7\/1992). En Italia, el cultivo del c\u00e1\u00f1amo est\u00e1 prohibido (art\u00edculos 28 y 73 del Decreto Presidencial 309\/90) a menos que se obtenga una autorizaci\u00f3n especial (art\u00edculo 17 del Decreto Presidencial 309\/90). A falta de autorizaci\u00f3n, las semillas s\u00f3lo pueden utilizarse para otros fines (zoot\u00e9cnicos, recolecci\u00f3n, etc.). Las semillas se venden con la reserva de que no ser\u00e1n utilizadas por terceros en conflicto con la ley.<\/em><\/span><\/div>\n","protected":false},"excerpt":{"rendered":"<p>Caracter\u00edsticas Banana Punch Fem: G\u00e9nero: Feminizada Genotipo: H\u00edbrido Indica\/Sativa Gen\u00e9tica: N.d. D\u00edas de floraci\u00f3n: N.d. ATENCI\u00d3N: Las semillas de c\u00e1\u00f1amo<\/p>\n","protected":false},"featured_media":162242,"comment_status":"open","ping_status":"closed","template":"","meta":[],"product_brand":[],"product_cat":[7953],"product_tag":[],"class_list":{"0":"post-195802","1":"product","2":"type-product","3":"status-publish","4":"has-post-thumbnail","6":"product_cat-seedshop-es","8":"first","9":"outofstock","10":"taxable","11":"shipping-taxable","12":"product-type-variable"},"aioseo_notices":[],"_links":{"self":[{"href":"https:\/\/www.budream.com\/es\/wp-json\/wp\/v2\/product\/195802","targetHints":{"allow":["GET"]}}],"collection":[{"href":"https:\/\/www.budream.com\/es\/wp-json\/wp\/v2\/product"}],"about":[{"href":"https:\/\/www.budream.com\/es\/wp-json\/wp\/v2\/types\/product"}],"replies":[{"embeddable":true,"href":"https:\/\/www.budream.com\/es\/wp-json\/wp\/v2\/comments?post=195802"}],"version-history":[{"count":0,"href":"https:\/\/www.budream.com\/es\/wp-json\/wp\/v2\/product\/195802\/revisions"}],"wp:featuredmedia":[{"embeddable":true,"href":"https:\/\/www.budream.com\/es\/wp-json\/wp\/v2\/media\/162242"}],"wp:attachment":[{"href":"https:\/\/www.budream.com\/es\/wp-json\/wp\/v2\/media?parent=195802"}],"wp:term":[{"taxonomy":"product_brand","embeddable":true,"href":"https:\/\/www.budream.com\/es\/wp-json\/wp\/v2\/product_brand?post=195802"},{"taxonomy":"product_cat","embeddable":true,"href":"https:\/\/www.budream.com\/es\/wp-json\/wp\/v2\/product_cat?post=195802"},{"taxonomy":"product_tag","embeddable":true,"href":"https:\/\/www.budream.com\/es\/wp-json\/wp\/v2\/product_tag?post=195802"}],"curies":[{"name":"wp","href":"https:\/\/api.w.org\/{rel}","templated":true}]}}