{"id":196409,"date":"2025-09-03T16:38:51","date_gmt":"2025-09-03T14:38:51","guid":{"rendered":"https:\/\/www.budream.com\/shop\/despalilladora-de-flores-manual-de-sobremesa-original-420\/"},"modified":"2025-12-22T23:58:41","modified_gmt":"2025-12-22T21:58:41","slug":"despalilladora-de-flores-manual-de-sobremesa-original-420","status":"publish","type":"product","link":"https:\/\/www.budream.com\/es\/shop\/despalilladora-de-flores-manual-de-sobremesa-original-420\/","title":{"rendered":"QNUBU &#8211; DESTIMADOR MANUAL DE FLORES BUCKER"},"content":{"rendered":"<p>Qnubu presenta el nuevo destimador manual de sobremesa.<br \/>Las diferentes ranuras permiten su uso con diferentes di\u00e1metros de tallos y cogollos, y el pl\u00e1stico resistente garantiza su durabilidad. <\/p>\n<p>F\u00e1cil de usar, permite destimar las flores de forma r\u00e1pida y segura en un tiempo hasta un 80% m\u00e1s r\u00e1pido que las tijeras.<\/p>\n<h2><span style=\"text-decoration: underline\">Ventajas del destimmador DeBudder Qnubu:<\/span><\/h2>\n<ul style=\"list-style-type: disc\">\n<li>No da\u00f1a la flor<\/li>\n<li>10 tornillos de montaje incluidos <\/li>\n<li>Apto para diferentes tallos<\/li>\n<li>Se puede utilizar en mesas de madera, pl\u00e1stico o metal<\/li>\n<\/ul>\n","protected":false},"excerpt":{"rendered":"<p>Qnubu presenta el nuevo destimador manual de sobremesa.Las diferentes ranuras permiten su uso con diferentes di\u00e1metros de tallos y cogollos,<\/p>\n","protected":false},"featured_media":196425,"comment_status":"open","ping_status":"closed","template":"","meta":[],"product_brand":[],"product_cat":[7923],"product_tag":[],"class_list":{"0":"post-196409","1":"product","2":"type-product","3":"status-publish","4":"has-post-thumbnail","6":"product_cat-growshop-es","8":"first","9":"instock","10":"taxable","11":"shipping-taxable","12":"purchasable","13":"product-type-simple"},"aioseo_notices":[],"_links":{"self":[{"href":"https:\/\/www.budream.com\/es\/wp-json\/wp\/v2\/product\/196409","targetHints":{"allow":["GET"]}}],"collection":[{"href":"https:\/\/www.budream.com\/es\/wp-json\/wp\/v2\/product"}],"about":[{"href":"https:\/\/www.budream.com\/es\/wp-json\/wp\/v2\/types\/product"}],"replies":[{"embeddable":true,"href":"https:\/\/www.budream.com\/es\/wp-json\/wp\/v2\/comments?post=196409"}],"version-history":[{"count":0,"href":"https:\/\/www.budream.com\/es\/wp-json\/wp\/v2\/product\/196409\/revisions"}],"wp:featuredmedia":[{"embeddable":true,"href":"https:\/\/www.budream.com\/es\/wp-json\/wp\/v2\/media\/196425"}],"wp:attachment":[{"href":"https:\/\/www.budream.com\/es\/wp-json\/wp\/v2\/media?parent=196409"}],"wp:term":[{"taxonomy":"product_brand","embeddable":true,"href":"https:\/\/www.budream.com\/es\/wp-json\/wp\/v2\/product_brand?post=196409"},{"taxonomy":"product_cat","embeddable":true,"href":"https:\/\/www.budream.com\/es\/wp-json\/wp\/v2\/product_cat?post=196409"},{"taxonomy":"product_tag","embeddable":true,"href":"https:\/\/www.budream.com\/es\/wp-json\/wp\/v2\/product_tag?post=196409"}],"curies":[{"name":"wp","href":"https:\/\/api.w.org\/{rel}","templated":true}]}}