{"id":196419,"date":"2025-09-03T16:39:16","date_gmt":"2025-09-03T14:39:16","guid":{"rendered":"https:\/\/www.budream.com\/shop\/bio-nova-tierra-viva-220gr\/"},"modified":"2026-02-26T10:12:10","modified_gmt":"2026-02-26T08:12:10","slug":"bio-nova-tierra-viva-220gr","status":"publish","type":"product","link":"https:\/\/www.budream.com\/es\/shop\/bio-nova-tierra-viva-220gr\/","title":{"rendered":"BIO NOVA &#8211; LIVING SOIL | 220GR"},"content":{"rendered":"<p class=\"p1\"><strong>Living Soil<\/strong> es un abono granulado elaborado con <strong>ingredientes 100% naturales<\/strong>. Contiene todos los macro y micronutrientes esenciales necesarios para un ciclo completo de 12 semanas. Durante este per\u00edodo, el fertilizante se libera lentamente, permitiendo que las plantas absorban exactamente lo que necesitan. <\/p>\n<p>\u00bfQu\u00e9 hace que este producto sea un verdadero Living Soil? Living Soil es <strong>rico en microorganismos, micorrizas, bacilos, enzimas, amino\u00e1cidos y vitaminas<\/strong>. La alta concentraci\u00f3n de estos componentes en este producto crea un ecosistema de suelo pr\u00f3spero, \u00a1permitiendo que sus plantas prosperen!<\/p>\n<p><strong><span style=\"text-decoration: underline\">C\u00f3mo utilizar Living Soil Bio Nova:<br \/><\/span><\/strong><span style=\"text-decoration: underline\"><br \/><\/span>Cada paquete contiene 220 gramos de Living Soil, ideal para mezclar con 15-20 litros de sustrato. Una vez regado, Living Soil se disuelve gradualmente, liberando todos los elementos naturales poco a poco. Con Living Soil, cultivar se convierte en algo sencillo y 100% natural.<strong><span style=\"text-decoration: underline\"><br \/><\/span><\/strong><\/p>\n<p><span class=\"s1\"><strong>Dosificaci\u00f3n:<\/strong> 220 g por 15\/20 litros de sustrato<\/p>\n<p><\/span><b><b>Composici\u00f3n: Abono CE &#8211; NPK 6-5-7 + Microorganismos<\/p>\n<p><\/b><\/b><\/p>\n<ul>\n<li><strong>6% Nitr\u00f3geno total (N) de los cuales<\/strong>:\n<ul>\n<li>2% Nitr\u00f3geno amoniacal<\/li>\n<li>4% Nitr\u00f3geno n\u00edtrico<\/li>\n<\/ul>\n<\/li>\n<li><strong>5% Anh\u00eddrido fosf\u00f3rico (P2O5)<\/strong><\/li>\n<li><strong>7% \u00d3xido de potasio (K2O)<\/strong><\/li>\n<li><strong>3% Di\u00f3xido de azufre (SO3)<\/strong><\/li>\n<\/ul>\n<p><b><br \/>Ingredientes naturales: <\/p>\n<p><\/b>Microorganismos, Micorrizas (ver lista completa m\u00e1s abajo), Bacillus (ver lista completa m\u00e1s abajo), Bentonita, algas, cal, orujo, cacoapellets, enzimas, amino\u00e1cidos, vitaminas C &#8211; B1 &#8211; E, humatos, oligoelementos quelatados naturales, minerales arcillosos, compost y Ascophillum Nodosum (algas kelp).<b><br \/><\/b><br \/><strong>Especies micorr\u00edcicas<\/strong> (Endo y Ecto):<br \/>Glomus intraradices Glomus deserticola Rhizopogon amylopogon<br \/>Glomus mosseae Glomus brasillianum Rhizopogon villosuli<br \/>Glomus aggregatum Gigaspora margarita Rhizopogon fulvigleba<br \/>Glomus clarum Pisolithus tinctorius Rhizopogon luteolus<br \/>Glomus monosporus Laccaria bicolor Sceloderma citrinum<br \/>Glomus etunicatum Laccaria laccata Scleroderma cepa<\/p>\n<p><strong>Microorganismos<\/strong> &#8211; Especies Bacillus:<br \/>B. licheniformis B. subtilis<br \/>B. pasteurii B. laevolacticus<br \/>B. amyloliquefaciens B. Azotofixa<\/p>\n","protected":false},"excerpt":{"rendered":"<p>Living Soil es un abono granulado elaborado con ingredientes 100% naturales. Contiene todos los macro y micronutrientes esenciales necesarios para<\/p>\n","protected":false},"featured_media":196415,"comment_status":"open","ping_status":"closed","template":"","meta":[],"product_brand":[],"product_cat":[7923],"product_tag":[],"class_list":{"0":"post-196419","1":"product","2":"type-product","3":"status-publish","4":"has-post-thumbnail","6":"product_cat-growshop-es","8":"first","9":"outofstock","10":"taxable","11":"shipping-taxable","12":"purchasable","13":"product-type-simple"},"aioseo_notices":[],"_links":{"self":[{"href":"https:\/\/www.budream.com\/es\/wp-json\/wp\/v2\/product\/196419","targetHints":{"allow":["GET"]}}],"collection":[{"href":"https:\/\/www.budream.com\/es\/wp-json\/wp\/v2\/product"}],"about":[{"href":"https:\/\/www.budream.com\/es\/wp-json\/wp\/v2\/types\/product"}],"replies":[{"embeddable":true,"href":"https:\/\/www.budream.com\/es\/wp-json\/wp\/v2\/comments?post=196419"}],"version-history":[{"count":0,"href":"https:\/\/www.budream.com\/es\/wp-json\/wp\/v2\/product\/196419\/revisions"}],"wp:featuredmedia":[{"embeddable":true,"href":"https:\/\/www.budream.com\/es\/wp-json\/wp\/v2\/media\/196415"}],"wp:attachment":[{"href":"https:\/\/www.budream.com\/es\/wp-json\/wp\/v2\/media?parent=196419"}],"wp:term":[{"taxonomy":"product_brand","embeddable":true,"href":"https:\/\/www.budream.com\/es\/wp-json\/wp\/v2\/product_brand?post=196419"},{"taxonomy":"product_cat","embeddable":true,"href":"https:\/\/www.budream.com\/es\/wp-json\/wp\/v2\/product_cat?post=196419"},{"taxonomy":"product_tag","embeddable":true,"href":"https:\/\/www.budream.com\/es\/wp-json\/wp\/v2\/product_tag?post=196419"}],"curies":[{"name":"wp","href":"https:\/\/api.w.org\/{rel}","templated":true}]}}