{"id":196454,"date":"2025-09-03T16:48:14","date_gmt":"2025-09-03T14:48:14","guid":{"rendered":"https:\/\/www.budream.com\/shop\/despalilladora-de-flores-manual-de-sobremesa-original-420-2\/"},"modified":"2026-04-14T15:17:41","modified_gmt":"2026-04-14T13:17:41","slug":"despalilladora-de-flores-manual-de-sobremesa-original-420-2","status":"publish","type":"product","link":"https:\/\/www.budream.com\/es\/shop\/despalilladora-de-flores-manual-de-sobremesa-original-420-2\/","title":{"rendered":"QNUBU &#8211; DESTIMADOR MANUAL DE FLORES DE CUBO"},"content":{"rendered":"<p>Qnubu presenta el nuevo destimmador manual para cubos y cubetas.<br \/>Las diferentes ranuras permiten su uso con diferentes di\u00e1metros de tallos y cogollos, y el pl\u00e1stico resistente garantiza su durabilidad. <\/p>\n<p>F\u00e1cil de usar, permite desramar las flores de forma r\u00e1pida y segura, hasta un 80% m\u00e1s r\u00e1pido que las tijeras.<\/p>\n<p>Funciona con cubos est\u00e1ndar de 19 litros (5 galones )<\/p>\n<h2><span style=\"text-decoration: underline\">Ventajas del desespumador DeBudder Qnubu<\/span><\/h2>\n<ul style=\"list-style-type: disc\">\n<li>No da\u00f1a la flor<\/li>\n<li>Se adapta a diferentes tallos<\/li>\n<li>Se adapta a todos los cubos de 19L<\/li>\n<li>Di\u00e1metro de 30 cm<\/li>\n<\/ul>\n","protected":false},"excerpt":{"rendered":"<p>Qnubu presenta el nuevo destimmador manual para cubos y cubetas.Las diferentes ranuras permiten su uso con diferentes di\u00e1metros de tallos<\/p>\n","protected":false},"featured_media":196440,"comment_status":"open","ping_status":"closed","template":"","meta":[],"product_brand":[],"product_cat":[7923],"product_tag":[],"class_list":{"0":"post-196454","1":"product","2":"type-product","3":"status-publish","4":"has-post-thumbnail","6":"product_cat-growshop-es","8":"first","9":"instock","10":"taxable","11":"shipping-taxable","12":"purchasable","13":"product-type-simple"},"aioseo_notices":[],"_links":{"self":[{"href":"https:\/\/www.budream.com\/es\/wp-json\/wp\/v2\/product\/196454","targetHints":{"allow":["GET"]}}],"collection":[{"href":"https:\/\/www.budream.com\/es\/wp-json\/wp\/v2\/product"}],"about":[{"href":"https:\/\/www.budream.com\/es\/wp-json\/wp\/v2\/types\/product"}],"replies":[{"embeddable":true,"href":"https:\/\/www.budream.com\/es\/wp-json\/wp\/v2\/comments?post=196454"}],"version-history":[{"count":1,"href":"https:\/\/www.budream.com\/es\/wp-json\/wp\/v2\/product\/196454\/revisions"}],"predecessor-version":[{"id":262874,"href":"https:\/\/www.budream.com\/es\/wp-json\/wp\/v2\/product\/196454\/revisions\/262874"}],"wp:featuredmedia":[{"embeddable":true,"href":"https:\/\/www.budream.com\/es\/wp-json\/wp\/v2\/media\/196440"}],"wp:attachment":[{"href":"https:\/\/www.budream.com\/es\/wp-json\/wp\/v2\/media?parent=196454"}],"wp:term":[{"taxonomy":"product_brand","embeddable":true,"href":"https:\/\/www.budream.com\/es\/wp-json\/wp\/v2\/product_brand?post=196454"},{"taxonomy":"product_cat","embeddable":true,"href":"https:\/\/www.budream.com\/es\/wp-json\/wp\/v2\/product_cat?post=196454"},{"taxonomy":"product_tag","embeddable":true,"href":"https:\/\/www.budream.com\/es\/wp-json\/wp\/v2\/product_tag?post=196454"}],"curies":[{"name":"wp","href":"https:\/\/api.w.org\/{rel}","templated":true}]}}