{"id":196703,"date":"2025-09-12T12:02:07","date_gmt":"2025-09-12T10:02:07","guid":{"rendered":"https:\/\/www.budream.com\/?post_type=product&#038;p=196703"},"modified":"2026-03-23T12:27:47","modified_gmt":"2026-03-23T10:27:47","slug":"ortoled-controlador-0-10-pwm-2-canales-ec4330","status":"publish","type":"product","link":"https:\/\/www.budream.com\/es\/shop\/ortoled-controlador-0-10-pwm-2-canales-ec4330\/","title":{"rendered":"ORTOLED &#8211; CONTROLADOR 0-10 &amp; PWM 2 CANALES EC4330"},"content":{"rendered":"<p class=\"p1\">El controlador de pantalla t\u00e1ctil ORTOLED 0-10V &amp; PWM EC43340 2 CANALES SEPARADOS est\u00e1 dise\u00f1ado para el control preciso de sistemas de iluminaci\u00f3n LED en los que es necesario controlar varios canales por separado con una \u00fanica conexi\u00f3n, ofreciendo una salida de se\u00f1al 0-10V con una potencia m\u00e1xima de 50mA y un control PWM avanzado. Alimentado a 5V con un consumo de 2A, el dispositivo puede controlar hasta 30 l\u00e1mparas LED, lo que lo hace ideal para aplicaciones de iluminaci\u00f3n tanto comerciales como residenciales.<br \/>Una soluci\u00f3n excelente para controlar hasta 4 canales.<\/p>\n<p class=\"p1\">El dise\u00f1o compacto, con unas dimensiones de 145x80x28 mm y un peso de 310 g, incluye puertos RJ14 para la se\u00f1al 0-10V, RJ19 para el control PWM y una entrada dedicada para el sensor de temperatura y humedad, para ofrecer un control completo y fiable en un rango de temperatura de funcionamiento de 0&deg;C a 40&deg;C.<\/p>\n<p>Adecuado para ORTOLED DUAL HL 780W ciclo completo+UV<\/p>\n<p><\/p>\n<h2><span style=\"text-decoration: underline\"><strong>Caracter\u00edsticas Controlador Ortoled 0-10 &amp; PWM EC4330:<\/strong><\/span><\/h2>\n<p>&#8211; Cuando las luces LED de crecimiento tienen una funci\u00f3n de conmutaci\u00f3n de espectro, nuestro controlador puede manejar esta conmutaci\u00f3n.<br \/>&#8211; Control de cuatro canales.<br \/>&#8211; Control de potencia.<br \/>&#8211; Ajuste del modo de escena.<br \/>&#8211; Control de potencia o conmutaci\u00f3n con divisi\u00f3n temporal.<br \/>&#8211; Ajustes de salida y puesta del sol y control de PPFD.<br \/>&#8211; Reducci\u00f3n de potencia o apagado de la luz en caso de alta temperatura.<br \/>&#8211; Ampliaci\u00f3n de la funcionalidad: comprobaci\u00f3n de PPFD, enchufe inteligente, di\u00f3xido de carbono.<br \/>&#8211; Control de aspiraci\u00f3n y ventilaci\u00f3n con 2 canales PWM.<\/p>\n","protected":false},"excerpt":{"rendered":"<p>El controlador de pantalla t\u00e1ctil ORTOLED 0-10V &amp; PWM EC43340 2 CANALES SEPARADOS est\u00e1 dise\u00f1ado para el control preciso de<\/p>\n","protected":false},"featured_media":196709,"comment_status":"open","ping_status":"closed","template":"","meta":[],"product_brand":[],"product_cat":[7936],"product_tag":[],"class_list":{"0":"post-196703","1":"product","2":"type-product","3":"status-publish","4":"has-post-thumbnail","6":"product_cat-lampara-led","8":"first","9":"instock","10":"taxable","11":"shipping-taxable","12":"purchasable","13":"product-type-simple"},"_links":{"self":[{"href":"https:\/\/www.budream.com\/es\/wp-json\/wp\/v2\/product\/196703","targetHints":{"allow":["GET"]}}],"collection":[{"href":"https:\/\/www.budream.com\/es\/wp-json\/wp\/v2\/product"}],"about":[{"href":"https:\/\/www.budream.com\/es\/wp-json\/wp\/v2\/types\/product"}],"replies":[{"embeddable":true,"href":"https:\/\/www.budream.com\/es\/wp-json\/wp\/v2\/comments?post=196703"}],"version-history":[{"count":0,"href":"https:\/\/www.budream.com\/es\/wp-json\/wp\/v2\/product\/196703\/revisions"}],"wp:featuredmedia":[{"embeddable":true,"href":"https:\/\/www.budream.com\/es\/wp-json\/wp\/v2\/media\/196709"}],"wp:attachment":[{"href":"https:\/\/www.budream.com\/es\/wp-json\/wp\/v2\/media?parent=196703"}],"wp:term":[{"taxonomy":"product_brand","embeddable":true,"href":"https:\/\/www.budream.com\/es\/wp-json\/wp\/v2\/product_brand?post=196703"},{"taxonomy":"product_cat","embeddable":true,"href":"https:\/\/www.budream.com\/es\/wp-json\/wp\/v2\/product_cat?post=196703"},{"taxonomy":"product_tag","embeddable":true,"href":"https:\/\/www.budream.com\/es\/wp-json\/wp\/v2\/product_tag?post=196703"}],"curies":[{"name":"wp","href":"https:\/\/api.w.org\/{rel}","templated":true}]}}