{"id":197389,"date":"2025-09-22T10:07:25","date_gmt":"2025-09-22T08:07:25","guid":{"rendered":"https:\/\/www.budream.com\/shop\/ortoled-under-chioma-led-120w\/"},"modified":"2026-03-30T09:44:37","modified_gmt":"2026-03-30T07:44:37","slug":"ortoled-under-chioma-led-120w","status":"publish","type":"product","link":"https:\/\/www.budream.com\/es\/shop\/ortoled-under-chioma-led-120w\/","title":{"rendered":"ORTOLED &#8211; BAJO DOSEL LED | 120W"},"content":{"rendered":"<p>La nueva l\u00e1mpara <strong>UNDER CANOPY ORTOLED 120W<\/strong> est\u00e1 dise\u00f1ada para mejorar el crecimiento de las plantas y optimizar el rendimiento de las hojas a la sombra.<\/p>\n<p>\u00bfPor qu\u00e9 es necesaria la iluminaci\u00f3n bajo cubierta?<br \/>La parte inferior de la canopia es oscura y aumentar la luz en esa zona incrementa enormemente la eficiencia de las hojas en sombra.<\/p>\n<p>Tambi\u00e9n da m\u00e1s utilidad a las flores bajo el dosel, que de otro modo estar\u00edan poco desarrolladas. Dado que la parte superior del follaje ya estar\u00e1<br \/>bien desarrollada por la luz solar o la iluminaci\u00f3n superior, los fotones adicionales bajo el dosel pueden ser m\u00e1s productivos que los fotones adicionales<br \/>por encima de la copa.<\/p>\n<p>Se han encontrado enormes aumentos de productividad a\u00f1adiendo unos 200-500 &micro;mol-m&sup2;-s-&sup1; por debajo del dosel. Aunque estos niveles son inferiores<br \/>Aunque estos niveles son inferiores a los de la parte superior de la cubierta, aprovechan suficientemente una zona que de otro modo no se utilizar\u00eda.<\/p>\n<p>Implementar la iluminaci\u00f3n <strong>bajo<\/strong> cubierta con la l\u00e1mpara <strong>UNDER CANOPY ORTOLED 120W<\/strong> en su cultivo puede ser como duplicar el \u00e1rea de cultivo; ya hab\u00eda un \u00e1rea de cubierta por encima, y con la l\u00e1mpara <strong>UNDER CANOPY ORTOLED 120W<\/strong> puede duplicar el \u00e1rea de cultivo.<br \/>arriba, y con las luces bajo cubierta, la misma \u00e1rea de cubierta puede ahora ser productiva abajo.<\/p>\n<p>Mejore sus planes de cultivo y no deje brotes. Con nuestras luces bajo cubierta especialmente dise\u00f1adas, puede maximizar<br \/>el crecimiento y los rendimientos al iluminar zonas de la planta que antes estaban insuficientemente iluminadas.<\/p>\n<p><strong>Caracter\u00edsticas:<br \/><\/strong><br \/>&#8211; Mejora la estructura, densidad y coloraci\u00f3n de los cogollos B<br \/>&#8211; Compactas y ligeras, f\u00e1ciles de manejar para la cosecha o para retirarlas r\u00e1pidamente entre las capas de la espaldera<br \/>&#8211; Espectro completo optimizado, probado por cultivadores para la fase vegetativa y de floraci\u00f3n<br \/>&#8211; Grado de protecci\u00f3n IP65 para facilitar la limpieza y protecci\u00f3n frente a pulverizaciones IPM, fugas de riego y empleados<br \/>&#8211; Conexi\u00f3n el\u00e9ctrica y de datos a trav\u00e9s de las mismas conexiones, sin necesidad de cables adicionales<\/p>\n<p>Detalles del producto:<br \/>&#8211; Opcional 1: soporte de montaje &times;2<br \/>&#8211; Opcional 2: soporte ajustable &times;2<\/p>\n<p>Otras caracter\u00edsticas:<br \/>&#8211; Lente de alta transmisi\u00f3n luminosa con forma de burbuja para difundir la luz uniformemente y aumentar la penetraci\u00f3n en el follaje<br \/>&#8211; Disipadores de calor de aluminio para una r\u00e1pida disipaci\u00f3n del calor<br \/>&#8211; Puerto de alimentaci\u00f3n impermeable<\/p>\n<p><strong>Especificaciones t\u00e9cnicas:<\/strong><\/p>\n<p>Modelo ORTOLED UCL 120W <\/p>\n<ul>\n<li>Amperaje 1.00A 0.58A 0.55A 0.43A<\/li>\n<li>Tensi\u00f3n 120V 208V 220V 277V<\/li>\n<li>PPE 2,8-3,0 umol\/J<\/li>\n<li>PPF 336-360 umol\/s<\/li>\n<li>Potencia de entrada 120W<\/li>\n<li>Tensi\u00f3n de entrada 120-277V CA<\/li>\n<li>Corriente de entrada 0,43-1,00A<\/li>\n<li>Frecuencia 50\/60 Hz<\/li>\n<li>Gesti\u00f3n t\u00e9rmica Pasiva<\/li>\n<li>Temperatura ambiente -25-40&deg;C<\/li>\n<li>Distribuci\u00f3n de la luz 120<\/li>\n<li>Vida \u00fatil 50.000 horas<\/li>\n<li>Dimensiones 115&#215;7,7&#215;8,1 cm<\/li>\n<\/ul>\n","protected":false},"excerpt":{"rendered":"<p>La nueva l\u00e1mpara UNDER CANOPY ORTOLED 120W est\u00e1 dise\u00f1ada para mejorar el crecimiento de las plantas y optimizar el rendimiento<\/p>\n","protected":false},"featured_media":197370,"comment_status":"open","ping_status":"closed","template":"","meta":[],"product_brand":[],"product_cat":[7936],"product_tag":[],"class_list":{"0":"post-197389","1":"product","2":"type-product","3":"status-publish","4":"has-post-thumbnail","6":"product_cat-lampara-led","8":"first","9":"instock","10":"sale","11":"taxable","12":"shipping-taxable","13":"purchasable","14":"product-type-simple"},"aioseo_notices":[],"_links":{"self":[{"href":"https:\/\/www.budream.com\/es\/wp-json\/wp\/v2\/product\/197389","targetHints":{"allow":["GET"]}}],"collection":[{"href":"https:\/\/www.budream.com\/es\/wp-json\/wp\/v2\/product"}],"about":[{"href":"https:\/\/www.budream.com\/es\/wp-json\/wp\/v2\/types\/product"}],"replies":[{"embeddable":true,"href":"https:\/\/www.budream.com\/es\/wp-json\/wp\/v2\/comments?post=197389"}],"version-history":[{"count":0,"href":"https:\/\/www.budream.com\/es\/wp-json\/wp\/v2\/product\/197389\/revisions"}],"wp:featuredmedia":[{"embeddable":true,"href":"https:\/\/www.budream.com\/es\/wp-json\/wp\/v2\/media\/197370"}],"wp:attachment":[{"href":"https:\/\/www.budream.com\/es\/wp-json\/wp\/v2\/media?parent=197389"}],"wp:term":[{"taxonomy":"product_brand","embeddable":true,"href":"https:\/\/www.budream.com\/es\/wp-json\/wp\/v2\/product_brand?post=197389"},{"taxonomy":"product_cat","embeddable":true,"href":"https:\/\/www.budream.com\/es\/wp-json\/wp\/v2\/product_cat?post=197389"},{"taxonomy":"product_tag","embeddable":true,"href":"https:\/\/www.budream.com\/es\/wp-json\/wp\/v2\/product_tag?post=197389"}],"curies":[{"name":"wp","href":"https:\/\/api.w.org\/{rel}","templated":true}]}}