{"id":200865,"date":"2025-09-26T08:52:15","date_gmt":"2025-09-26T06:52:15","guid":{"rendered":"https:\/\/www.budream.com\/shop\/dutch-passion-shaman-fem\/"},"modified":"2025-12-22T14:05:08","modified_gmt":"2025-12-22T12:05:08","slug":"dutch-passion-shaman-fem","status":"publish","type":"product","link":"https:\/\/www.budream.com\/es\/shop\/dutch-passion-shaman-fem\/","title":{"rendered":"DUTCH PASSION &#8211; SHAMAN FEM"},"content":{"rendered":"<p style=\"text-align: justify\">Shaman es una variedad cl\u00e1sica original de Dutch Passion, lleva varias d\u00e9cadas en la colecci\u00f3n y sigue siendo muy popular.<br \/>Procede de un programa de cr\u00eda en el que se cruz\u00f3 una skunk temprana con una variedad p\u00farpura muy colorida. Este programa de cr\u00eda se perfeccion\u00f3 cuando surgi\u00f3 una variedad de exterior muy robusta.<br \/>Este fiable h\u00edbrido F1 es el resultado de un extraordinario macho Purple #1 y una hembra Skunk. Es una variedad Sativa dominante con un peque\u00f1o porcentaje de genes Indica.<br \/>Shaman se desarroll\u00f3 originalmente como semilla regular, pero tambi\u00e9n est\u00e1 disponible en semillas feminizadas.<\/p>\n<h2><strong>Caracter\u00edsticas Shaman Fem:<\/strong><\/h2>\n<ul style=\"list-style-type: disc\">\n<li><strong>G\u00e9nero:<\/strong> Feminizada L<\/li>\n<li><strong>Genotipo:<\/strong> H\u00edbrido con sativa dominante<\/li>\n<li><strong>Gen\u00e9tica: <\/strong>Purple#1 X Skunk<\/li>\n<li><strong>D\u00edas:<\/strong> 56<\/li>\n<\/ul>\n<p><\/p>\n<div style=\"text-align: justify\"><span style=\"font-size: 11pt\"><em><strong>ADVERTENCIA:<\/strong> Las semillas de c\u00e1\u00f1amo est\u00e1n excluidas de la noci\u00f3n legal de Cannabis, lo que significa que no deben considerarse una sustancia estupefaciente (L. 412 de 1974, Art. 1, coma 1, lett. B; Convenci\u00f3n \u00danica sobre Estupefacientes de Nueva York de 1961 y tabla II del Decreto Ministerial 27\/7\/1992). En Italia, el cultivo del c\u00e1\u00f1amo est\u00e1 prohibido (art\u00edculos 28 y 73 del Decreto Presidencial 309\/90) a menos que se obtenga una autorizaci\u00f3n especial (art\u00edculo 17 del Decreto Presidencial 309\/90). A falta de autorizaci\u00f3n, las semillas s\u00f3lo pueden utilizarse para otros fines (zoot\u00e9cnicos, recolecci\u00f3n, etc.). Las semillas se venden con la reserva de que no sean utilizadas por terceros en conflicto con la ley.<\/em><\/span><\/div>\n","protected":false},"excerpt":{"rendered":"<p>Shaman es una variedad cl\u00e1sica original de Dutch Passion, lleva varias d\u00e9cadas en la colecci\u00f3n y sigue siendo muy popular.Procede<\/p>\n","protected":false},"featured_media":158710,"comment_status":"open","ping_status":"closed","template":"","meta":[],"product_brand":[],"product_cat":[7953],"product_tag":[],"class_list":{"0":"post-200865","1":"product","2":"type-product","3":"status-publish","4":"has-post-thumbnail","6":"product_cat-seedshop-es","8":"first","9":"instock","10":"sale","11":"taxable","12":"shipping-taxable","13":"purchasable","14":"product-type-variable"},"aioseo_notices":[],"_links":{"self":[{"href":"https:\/\/www.budream.com\/es\/wp-json\/wp\/v2\/product\/200865","targetHints":{"allow":["GET"]}}],"collection":[{"href":"https:\/\/www.budream.com\/es\/wp-json\/wp\/v2\/product"}],"about":[{"href":"https:\/\/www.budream.com\/es\/wp-json\/wp\/v2\/types\/product"}],"replies":[{"embeddable":true,"href":"https:\/\/www.budream.com\/es\/wp-json\/wp\/v2\/comments?post=200865"}],"version-history":[{"count":0,"href":"https:\/\/www.budream.com\/es\/wp-json\/wp\/v2\/product\/200865\/revisions"}],"wp:featuredmedia":[{"embeddable":true,"href":"https:\/\/www.budream.com\/es\/wp-json\/wp\/v2\/media\/158710"}],"wp:attachment":[{"href":"https:\/\/www.budream.com\/es\/wp-json\/wp\/v2\/media?parent=200865"}],"wp:term":[{"taxonomy":"product_brand","embeddable":true,"href":"https:\/\/www.budream.com\/es\/wp-json\/wp\/v2\/product_brand?post=200865"},{"taxonomy":"product_cat","embeddable":true,"href":"https:\/\/www.budream.com\/es\/wp-json\/wp\/v2\/product_cat?post=200865"},{"taxonomy":"product_tag","embeddable":true,"href":"https:\/\/www.budream.com\/es\/wp-json\/wp\/v2\/product_tag?post=200865"}],"curies":[{"name":"wp","href":"https:\/\/api.w.org\/{rel}","templated":true}]}}