{"id":200925,"date":"2025-09-26T08:58:41","date_gmt":"2025-09-26T06:58:41","guid":{"rendered":"https:\/\/www.budream.com\/shop\/dutch-passion-jorges-diamond1-fem\/"},"modified":"2026-03-23T20:02:32","modified_gmt":"2026-03-23T18:02:32","slug":"dutch-passion-jorges-diamond1-fem","status":"publish","type":"product","link":"https:\/\/www.budream.com\/es\/shop\/dutch-passion-jorges-diamond1-fem\/","title":{"rendered":"DUTCH PASSION &#8211; JORGE&#8217;S DIAMOND#1 FEM"},"content":{"rendered":"<div style=\"text-align: justify\">La colaboraci\u00f3n con uno de los cultivadores m\u00e1s establecidos dio como resultado una cepa asesina, adjetivo que describe perfectamente a Jorge&#8217;s Diamonds 1. Aunque la gen\u00e9tica precisa se mantiene en secreto, podemos decir que se trata de una planta principalmente Indica, enriquecida con un toque de Sativa.<\/div>\n<p><\/p>\n<h2><strong>Caracter\u00edsticas Jorge&#8217;s Diamond#1 Fem:<\/strong><\/h2>\n<ul style=\"list-style-type: disc\">\n<li><strong>G\u00e9nero:<\/strong> XL feminizada<\/li>\n<li><strong>Genotipo:<\/strong> H\u00edbrido Indica dominante<\/li>\n<li><strong>Gen\u00e9tica<\/strong>: Desconocida<\/li>\n<li><strong>D\u00edas:<\/strong> 56 &#8211; 63<\/li>\n<\/ul>\n<p><\/p>\n<div style=\"text-align: justify\"><span style=\"font-size: 11pt\"><em><strong>ADVERTENCIA:<\/strong> Las semillas de c\u00e1\u00f1amo est\u00e1n excluidas de la noci\u00f3n legal de Cannabis, lo que significa que no deben considerarse una sustancia estupefaciente (L. 412 de 1974, Art. 1, p\u00e1rrafo 1, lett. B; Convenci\u00f3n \u00danica sobre Estupefacientes de Nueva York de 1961 y tabla II del Decreto Ministerial 27\/7\/1992). En Italia, el cultivo del c\u00e1\u00f1amo est\u00e1 prohibido (art\u00edculos 28 y 73 del Decreto Presidencial 309\/90) a menos que se obtenga una autorizaci\u00f3n especial (art\u00edculo 17 del Decreto Presidencial 309\/90). A falta de autorizaci\u00f3n, las semillas s\u00f3lo pueden utilizarse para otros fines (zoot\u00e9cnicos, recolecci\u00f3n, etc.). Las semillas se venden con la reserva de que no sean utilizadas por terceros en conflicto con la ley.<\/em><\/span><\/div>\n","protected":false},"excerpt":{"rendered":"<p>La colaboraci\u00f3n con uno de los cultivadores m\u00e1s establecidos dio como resultado una cepa asesina, adjetivo que describe perfectamente a<\/p>\n","protected":false},"featured_media":136611,"comment_status":"open","ping_status":"closed","template":"","meta":[],"product_brand":[],"product_cat":[7953],"product_tag":[],"class_list":{"0":"post-200925","1":"product","2":"type-product","3":"status-publish","4":"has-post-thumbnail","6":"product_cat-seedshop-es","8":"first","9":"instock","10":"sale","11":"taxable","12":"shipping-taxable","13":"purchasable","14":"product-type-variable"},"_links":{"self":[{"href":"https:\/\/www.budream.com\/es\/wp-json\/wp\/v2\/product\/200925","targetHints":{"allow":["GET"]}}],"collection":[{"href":"https:\/\/www.budream.com\/es\/wp-json\/wp\/v2\/product"}],"about":[{"href":"https:\/\/www.budream.com\/es\/wp-json\/wp\/v2\/types\/product"}],"replies":[{"embeddable":true,"href":"https:\/\/www.budream.com\/es\/wp-json\/wp\/v2\/comments?post=200925"}],"version-history":[{"count":0,"href":"https:\/\/www.budream.com\/es\/wp-json\/wp\/v2\/product\/200925\/revisions"}],"wp:featuredmedia":[{"embeddable":true,"href":"https:\/\/www.budream.com\/es\/wp-json\/wp\/v2\/media\/136611"}],"wp:attachment":[{"href":"https:\/\/www.budream.com\/es\/wp-json\/wp\/v2\/media?parent=200925"}],"wp:term":[{"taxonomy":"product_brand","embeddable":true,"href":"https:\/\/www.budream.com\/es\/wp-json\/wp\/v2\/product_brand?post=200925"},{"taxonomy":"product_cat","embeddable":true,"href":"https:\/\/www.budream.com\/es\/wp-json\/wp\/v2\/product_cat?post=200925"},{"taxonomy":"product_tag","embeddable":true,"href":"https:\/\/www.budream.com\/es\/wp-json\/wp\/v2\/product_tag?post=200925"}],"curies":[{"name":"wp","href":"https:\/\/api.w.org\/{rel}","templated":true}]}}