{"id":201006,"date":"2025-09-26T09:06:16","date_gmt":"2025-09-26T07:06:16","guid":{"rendered":"https:\/\/www.budream.com\/shop\/dutch-passion-fresa-tos-fem\/"},"modified":"2025-12-22T14:14:21","modified_gmt":"2025-12-22T12:14:21","slug":"dutch-passion-fresa-tos-fem","status":"publish","type":"product","link":"https:\/\/www.budream.com\/es\/shop\/dutch-passion-fresa-tos-fem\/","title":{"rendered":"DUTCH PASSION &#8211; FRESA TOS FEM"},"content":{"rendered":"<div style=\"text-align: justify\">Strawberry Cough ser\u00eda un h\u00edbrido con sativa dominante, pero tiene una robustez notable que recuerda a las variedades con indica dominante. Las hojas tambi\u00e9n muestran algunos rasgos t\u00edpicos de las variedades h\u00edbridas.<\/div>\n<p><\/p>\n<h2><strong>Caracter\u00edsticas Strawberry Cough Fem:<\/strong><\/h2>\n<ul style=\"list-style-type: disc\">\n<li><strong>G\u00e9nero:<\/strong> Feminizada L<\/li>\n<li><strong>Genotipo:<\/strong> H\u00edbrido mayoritariamente Sativa<\/li>\n<li><strong>Gen\u00e9tica:<\/strong> Original Strawberry Cough<\/li>\n<li><strong>D\u00edas:<\/strong> 63<\/li>\n<\/ul>\n<p><\/p>\n<div style=\"text-align: justify\"><span style=\"font-size: 11pt\"><em><strong>ATENCI\u00d3N:<\/strong> Las semillas de c\u00e1\u00f1amo est\u00e1n excluidas de la noci\u00f3n legal de Cannabis, lo que significa que no deben considerarse una sustancia estupefaciente (Ley 412 de 1974, Art. 1, p\u00e1rrafo 1, lett. B; Convenci\u00f3n \u00danica sobre Estupefacientes de Nueva York de 1961 y tabla II del Decreto Ministerial 27\/7\/1992). En Italia, el cultivo del c\u00e1\u00f1amo est\u00e1 prohibido (art\u00edculos 28 y 73 del Decreto Presidencial 309\/90) a menos que se obtenga una autorizaci\u00f3n especial (art\u00edculo 17 del Decreto Presidencial 309\/90). A falta de autorizaci\u00f3n, las semillas s\u00f3lo pueden utilizarse para otros fines (zoot\u00e9cnicos, recolecci\u00f3n, etc.). Las semillas se venden con la reserva de que no sean utilizadas por terceros en conflicto con la ley.<\/em><\/span><\/div>\n","protected":false},"excerpt":{"rendered":"<p>Strawberry Cough ser\u00eda un h\u00edbrido con sativa dominante, pero tiene una robustez notable que recuerda a las variedades con indica<\/p>\n","protected":false},"featured_media":158780,"comment_status":"open","ping_status":"closed","template":"","meta":[],"product_brand":[],"product_cat":[7953],"product_tag":[],"class_list":{"0":"post-201006","1":"product","2":"type-product","3":"status-publish","4":"has-post-thumbnail","6":"product_cat-seedshop-es","8":"first","9":"instock","10":"sale","11":"taxable","12":"shipping-taxable","13":"purchasable","14":"product-type-variable"},"aioseo_notices":[],"_links":{"self":[{"href":"https:\/\/www.budream.com\/es\/wp-json\/wp\/v2\/product\/201006","targetHints":{"allow":["GET"]}}],"collection":[{"href":"https:\/\/www.budream.com\/es\/wp-json\/wp\/v2\/product"}],"about":[{"href":"https:\/\/www.budream.com\/es\/wp-json\/wp\/v2\/types\/product"}],"replies":[{"embeddable":true,"href":"https:\/\/www.budream.com\/es\/wp-json\/wp\/v2\/comments?post=201006"}],"version-history":[{"count":0,"href":"https:\/\/www.budream.com\/es\/wp-json\/wp\/v2\/product\/201006\/revisions"}],"wp:featuredmedia":[{"embeddable":true,"href":"https:\/\/www.budream.com\/es\/wp-json\/wp\/v2\/media\/158780"}],"wp:attachment":[{"href":"https:\/\/www.budream.com\/es\/wp-json\/wp\/v2\/media?parent=201006"}],"wp:term":[{"taxonomy":"product_brand","embeddable":true,"href":"https:\/\/www.budream.com\/es\/wp-json\/wp\/v2\/product_brand?post=201006"},{"taxonomy":"product_cat","embeddable":true,"href":"https:\/\/www.budream.com\/es\/wp-json\/wp\/v2\/product_cat?post=201006"},{"taxonomy":"product_tag","embeddable":true,"href":"https:\/\/www.budream.com\/es\/wp-json\/wp\/v2\/product_tag?post=201006"}],"curies":[{"name":"wp","href":"https:\/\/api.w.org\/{rel}","templated":true}]}}