{"id":201895,"date":"2025-10-06T10:57:11","date_gmt":"2025-10-06T08:57:11","guid":{"rendered":"https:\/\/www.budream.com\/shop\/marca-blanca-vlad-el-inhalador-fem\/"},"modified":"2025-12-04T15:55:48","modified_gmt":"2025-12-04T13:55:48","slug":"marca-blanca-vlad-el-inhalador-fem","status":"publish","type":"product","link":"https:\/\/www.budream.com\/es\/shop\/marca-blanca-vlad-el-inhalador-fem\/","title":{"rendered":"MARCA BLANCA &#8211; VLAD EL INHALADOR FEM"},"content":{"rendered":"<div style=\"text-align: justify\">Vlad the Inhaler Feminised es un verdadero h\u00edbrido 50\/50 que equilibra a la perfecci\u00f3n la gen\u00e9tica sativa e \u00edndica. Creada por White Label Seed Company, esta variedad es un cruce entre Chernobyl y Stoopid Fruits, que a su vez heredan rasgos de variedades tan conocidas como Jack Herer, Trainwreck (a su vez una compleja mezcla de landrace \u00edndica y sativa), Haze y Strawberry Cough.<\/div>\n<p><\/p>\n<h2><strong>Caracter\u00edsticas Vlad the Inhaler Fem:<\/strong><\/h2>\n<ul style=\"list-style-type: disc\">\n<li><strong>G\u00e9nero<\/strong>: Feminizada<\/li>\n<li>Genotipo<strong>:<\/strong> H\u00edbrido 50% Indica \/ 50% Sativa<\/li>\n<li><strong>Gen\u00e9tica<\/strong>: Chernobyl x Stoopid Fruits<\/li>\n<li><strong>D\u00edas de floraci\u00f3n:<\/strong> 60-65 d\u00edas<\/li>\n<\/ul>\n<p><\/p>\n<div style=\"text-align: justify\"><span style=\"font-size: 11pt\"><em><strong>ADVERTENCIA:<\/strong> Las semillas de c\u00e1\u00f1amo est\u00e1n excluidas de la noci\u00f3n legal de Cannabis, lo que significa que no deben considerarse una sustancia estupefaciente (L. 412 de 1974, Art. 1, p\u00e1rrafo 1, lett. B; Convenci\u00f3n \u00danica sobre Estupefacientes de Nueva York de 1961 y tabla II del Decreto Ministerial 27\/7\/1992). En Italia, el cultivo del c\u00e1\u00f1amo est\u00e1 prohibido (art\u00edculos 28 y 73 del Decreto Presidencial 309\/90) a menos que se obtenga una autorizaci\u00f3n especial (art\u00edculo 17 del Decreto Presidencial 309\/90). A falta de autorizaci\u00f3n, las semillas s\u00f3lo pueden utilizarse para otros fines (zoot\u00e9cnicos, recolecci\u00f3n, etc.). Las semillas se venden con la reserva de que no sean utilizadas por terceros en conflicto con la ley.<\/em><\/span><\/div>\n","protected":false},"excerpt":{"rendered":"<p>Vlad the Inhaler Feminised es un verdadero h\u00edbrido 50\/50 que equilibra a la perfecci\u00f3n la gen\u00e9tica sativa e \u00edndica. Creada<\/p>\n","protected":false},"featured_media":214202,"comment_status":"open","ping_status":"closed","template":"","meta":[],"product_brand":[],"product_cat":[7953],"product_tag":[],"class_list":{"0":"post-201895","1":"product","2":"type-product","3":"status-publish","4":"has-post-thumbnail","6":"product_cat-seedshop-es","8":"first","9":"instock","10":"sale","11":"taxable","12":"shipping-taxable","13":"purchasable","14":"product-type-variable"},"_links":{"self":[{"href":"https:\/\/www.budream.com\/es\/wp-json\/wp\/v2\/product\/201895","targetHints":{"allow":["GET"]}}],"collection":[{"href":"https:\/\/www.budream.com\/es\/wp-json\/wp\/v2\/product"}],"about":[{"href":"https:\/\/www.budream.com\/es\/wp-json\/wp\/v2\/types\/product"}],"replies":[{"embeddable":true,"href":"https:\/\/www.budream.com\/es\/wp-json\/wp\/v2\/comments?post=201895"}],"version-history":[{"count":0,"href":"https:\/\/www.budream.com\/es\/wp-json\/wp\/v2\/product\/201895\/revisions"}],"wp:featuredmedia":[{"embeddable":true,"href":"https:\/\/www.budream.com\/es\/wp-json\/wp\/v2\/media\/214202"}],"wp:attachment":[{"href":"https:\/\/www.budream.com\/es\/wp-json\/wp\/v2\/media?parent=201895"}],"wp:term":[{"taxonomy":"product_brand","embeddable":true,"href":"https:\/\/www.budream.com\/es\/wp-json\/wp\/v2\/product_brand?post=201895"},{"taxonomy":"product_cat","embeddable":true,"href":"https:\/\/www.budream.com\/es\/wp-json\/wp\/v2\/product_cat?post=201895"},{"taxonomy":"product_tag","embeddable":true,"href":"https:\/\/www.budream.com\/es\/wp-json\/wp\/v2\/product_tag?post=201895"}],"curies":[{"name":"wp","href":"https:\/\/api.w.org\/{rel}","templated":true}]}}