{"id":201935,"date":"2025-10-06T10:59:19","date_gmt":"2025-10-06T08:59:19","guid":{"rendered":"https:\/\/www.budream.com\/shop\/marca-blanca-fallout-og-fem\/"},"modified":"2025-12-04T15:40:15","modified_gmt":"2025-12-04T13:40:15","slug":"marca-blanca-fallout-og-fem","status":"publish","type":"product","link":"https:\/\/www.budream.com\/es\/shop\/marca-blanca-fallout-og-fem\/","title":{"rendered":"MARCA BLANCA &#8211; FALLOUT OG FEM"},"content":{"rendered":"<div style=\"text-align: justify\">Fallout OG Feminizada procede de la uni\u00f3n de Chernobyl y Face Off OG de White Label Seeds. El resultado es un h\u00edbrido relativamente compacto con dominancia 60% \u00edndica y 40% sativa. La gen\u00e9tica de Chernobyl tiene sus ra\u00edces en cepas como Trainwreck, que combina sativas tailandesas e \u00edndica afgana, mientras que Face Off OG es descendiente de OG Kush.<\/div>\n<p><\/p>\n<h2><strong>Caracter\u00edsticas Fallout OG Fem:<\/strong><\/h2>\n<ul style=\"list-style-type: disc\">\n<li><strong>G\u00e9nero:<\/strong> Feminizada<\/li>\n<li>Genotipo<strong>:<\/strong> H\u00edbrido 60% Indica \/ 40% Sativa<\/li>\n<li><strong>Gen\u00e9tica:<\/strong> Chernobyl x Face Off OG<\/li>\n<li><strong>D\u00edas de floraci\u00f3n:<\/strong> 60-65 d\u00edas<\/li>\n<\/ul>\n<p><\/p>\n<div style=\"text-align: justify\"><span style=\"font-size: 11pt\"><em><strong>ADVERTENCIA:<\/strong> Las semillas de c\u00e1\u00f1amo est\u00e1n excluidas de la noci\u00f3n legal de Cannabis, lo que significa que no deben considerarse una sustancia estupefaciente (L. 412 de 1974, Art. 1, p\u00e1rrafo 1, lett. B; Convenci\u00f3n \u00danica sobre Estupefacientes de Nueva York de 1961 y tabla II del Decreto Ministerial 27\/7\/1992). En Italia, el cultivo del c\u00e1\u00f1amo est\u00e1 prohibido (art\u00edculos 28 y 73 del Decreto Presidencial 309\/90) a menos que se obtenga una autorizaci\u00f3n especial (art\u00edculo 17 del Decreto Presidencial 309\/90). A falta de autorizaci\u00f3n, las semillas s\u00f3lo pueden utilizarse para otros fines (zoot\u00e9cnicos, recolecci\u00f3n, etc.). Las semillas se venden con la reserva de que no ser\u00e1n utilizadas por terceros en conflicto con la ley.<\/em><\/span><\/div>\n","protected":false},"excerpt":{"rendered":"<p>Fallout OG Feminizada procede de la uni\u00f3n de Chernobyl y Face Off OG de White Label Seeds. El resultado es<\/p>\n","protected":false},"featured_media":214001,"comment_status":"open","ping_status":"closed","template":"","meta":[],"product_brand":[],"product_cat":[7953],"product_tag":[],"class_list":{"0":"post-201935","1":"product","2":"type-product","3":"status-publish","4":"has-post-thumbnail","6":"product_cat-seedshop-es","8":"first","9":"instock","10":"sale","11":"taxable","12":"shipping-taxable","13":"purchasable","14":"product-type-variable"},"_links":{"self":[{"href":"https:\/\/www.budream.com\/es\/wp-json\/wp\/v2\/product\/201935","targetHints":{"allow":["GET"]}}],"collection":[{"href":"https:\/\/www.budream.com\/es\/wp-json\/wp\/v2\/product"}],"about":[{"href":"https:\/\/www.budream.com\/es\/wp-json\/wp\/v2\/types\/product"}],"replies":[{"embeddable":true,"href":"https:\/\/www.budream.com\/es\/wp-json\/wp\/v2\/comments?post=201935"}],"version-history":[{"count":0,"href":"https:\/\/www.budream.com\/es\/wp-json\/wp\/v2\/product\/201935\/revisions"}],"wp:featuredmedia":[{"embeddable":true,"href":"https:\/\/www.budream.com\/es\/wp-json\/wp\/v2\/media\/214001"}],"wp:attachment":[{"href":"https:\/\/www.budream.com\/es\/wp-json\/wp\/v2\/media?parent=201935"}],"wp:term":[{"taxonomy":"product_brand","embeddable":true,"href":"https:\/\/www.budream.com\/es\/wp-json\/wp\/v2\/product_brand?post=201935"},{"taxonomy":"product_cat","embeddable":true,"href":"https:\/\/www.budream.com\/es\/wp-json\/wp\/v2\/product_cat?post=201935"},{"taxonomy":"product_tag","embeddable":true,"href":"https:\/\/www.budream.com\/es\/wp-json\/wp\/v2\/product_tag?post=201935"}],"curies":[{"name":"wp","href":"https:\/\/api.w.org\/{rel}","templated":true}]}}