{"id":201955,"date":"2025-10-06T11:00:27","date_gmt":"2025-10-06T09:00:27","guid":{"rendered":"https:\/\/www.budream.com\/shop\/marca-blanca-runtz-auto-fem\/"},"modified":"2025-12-04T15:49:52","modified_gmt":"2025-12-04T13:49:52","slug":"marca-blanca-runtz-auto-fem","status":"publish","type":"product","link":"https:\/\/www.budream.com\/es\/shop\/marca-blanca-runtz-auto-fem\/","title":{"rendered":"MARCA BLANCA &#8211; RUNTZ AUTO FEM"},"content":{"rendered":"<div style=\"text-align: justify\">Runtz Autofloreciente es un h\u00edbrido 70% \u00edndica que combina la popular variedad con gen\u00e9tica \u00edndica ruderalis: el resultado es una versi\u00f3n autofloreciente de una variedad de gran \u00e9xito. El pedigr\u00ed de esta variedad cuenta con plantas famosas: por un lado Zkittlez (que combina Skunk, Afghani y Jack Herer) y por otro Gelato (cruce entre Sunset Sherbet y Girl Scout Cookies).<\/div>\n<p><\/p>\n<h2><strong>Caracter\u00edsticas Runtz Auto Fem:<\/strong><\/h2>\n<ul style=\"list-style-type: disc\">\n<li><strong>G\u00e9nero:<\/strong> Autofloreciente feminizada<\/li>\n<li><strong>Genotipo:<\/strong> H\u00edbrido 70% Indica \/ 30% Sativa<\/li>\n<li><strong>Gen\u00e9tica:<\/strong> Zkittlez x Ice Cream<\/li>\n<li><strong>D\u00edas de floraci\u00f3n:<\/strong> 80-100 d\u00edas<\/li>\n<\/ul>\n<p><\/p>\n<div style=\"text-align: justify\"><span style=\"font-size: 11pt\"><em><strong>ADVERTENCIA:<\/strong> Las semillas de c\u00e1\u00f1amo est\u00e1n excluidas de la noci\u00f3n legal de Cannabis, lo que significa que no deben considerarse una sustancia estupefaciente (L. 412 de 1974, art. 1, p\u00e1rrafo 1, lett. B; Convenci\u00f3n \u00danica sobre Estupefacientes de Nueva York de 1961 y tabla II del Decreto Ministerial 27\/7\/1992). En Italia, el cultivo del c\u00e1\u00f1amo est\u00e1 prohibido (art\u00edculos 28 y 73 del Decreto Presidencial 309\/90) a menos que se obtenga una autorizaci\u00f3n especial (art\u00edculo 17 del Decreto Presidencial 309\/90). A falta de autorizaci\u00f3n, las semillas s\u00f3lo pueden utilizarse para otros fines (zoot\u00e9cnicos, recolecci\u00f3n, etc.). Las semillas se venden con la reserva de que no ser\u00e1n utilizadas por terceros en conflicto con la ley.<\/em><\/span><\/div>\n","protected":false},"excerpt":{"rendered":"<p>Runtz Autofloreciente es un h\u00edbrido 70% \u00edndica que combina la popular variedad con gen\u00e9tica \u00edndica ruderalis: el resultado es una<\/p>\n","protected":false},"featured_media":214142,"comment_status":"open","ping_status":"closed","template":"","meta":[],"product_brand":[],"product_cat":[7953],"product_tag":[],"class_list":{"0":"post-201955","1":"product","2":"type-product","3":"status-publish","4":"has-post-thumbnail","6":"product_cat-seedshop-es","8":"first","9":"instock","10":"sale","11":"taxable","12":"shipping-taxable","13":"purchasable","14":"product-type-variable"},"_links":{"self":[{"href":"https:\/\/www.budream.com\/es\/wp-json\/wp\/v2\/product\/201955","targetHints":{"allow":["GET"]}}],"collection":[{"href":"https:\/\/www.budream.com\/es\/wp-json\/wp\/v2\/product"}],"about":[{"href":"https:\/\/www.budream.com\/es\/wp-json\/wp\/v2\/types\/product"}],"replies":[{"embeddable":true,"href":"https:\/\/www.budream.com\/es\/wp-json\/wp\/v2\/comments?post=201955"}],"version-history":[{"count":0,"href":"https:\/\/www.budream.com\/es\/wp-json\/wp\/v2\/product\/201955\/revisions"}],"wp:featuredmedia":[{"embeddable":true,"href":"https:\/\/www.budream.com\/es\/wp-json\/wp\/v2\/media\/214142"}],"wp:attachment":[{"href":"https:\/\/www.budream.com\/es\/wp-json\/wp\/v2\/media?parent=201955"}],"wp:term":[{"taxonomy":"product_brand","embeddable":true,"href":"https:\/\/www.budream.com\/es\/wp-json\/wp\/v2\/product_brand?post=201955"},{"taxonomy":"product_cat","embeddable":true,"href":"https:\/\/www.budream.com\/es\/wp-json\/wp\/v2\/product_cat?post=201955"},{"taxonomy":"product_tag","embeddable":true,"href":"https:\/\/www.budream.com\/es\/wp-json\/wp\/v2\/product_tag?post=201955"}],"curies":[{"name":"wp","href":"https:\/\/api.w.org\/{rel}","templated":true}]}}