{"id":207661,"date":"2025-10-10T03:33:56","date_gmt":"2025-10-10T01:33:56","guid":{"rendered":"https:\/\/www.budream.com\/shop\/fast-buds-c4-auto\/"},"modified":"2026-04-09T14:06:01","modified_gmt":"2026-04-09T12:06:01","slug":"fast-buds-c4-auto","status":"publish","type":"product","link":"https:\/\/www.budream.com\/es\/shop\/fast-buds-c4-auto\/","title":{"rendered":"FAST BUDS &#8211; C4 AUTO FEM | Disponible hasta fin de existencias"},"content":{"rendered":"<div style=\"text-align: justify\">C4 fue una de las primeras variedades autoflorecientes lanzadas por Fast Buds y ha sido sometida a una cuidadosa selecci\u00f3n gen\u00e9tica a lo largo de los a\u00f1os, dando como resultado una de las gen\u00e9ticas p\u00farpuras m\u00e1s estables del mercado actual.<\/div>\n<p><\/p>\n<h2><strong>Caracter\u00edsticas C4 Auto Fast Buds Seeds:<\/strong><\/h2>\n<ul style=\"list-style-type: disc\">\n<li><strong>G\u00e9nero:<\/strong> Feminizada<\/li>\n<li><strong>Genotipo:<\/strong> 45% Indica \/ 55% Sativa<\/li>\n<li><strong>Gen\u00e9tica:<\/strong> C4 autofloreciente<\/li>\n<li>D\u00edas<strong>:<\/strong> 56 d\u00edas<\/li>\n<\/ul>\n<p><\/p>\n<div style=\"text-align: justify\"><span style=\"font-size: 11pt\"><em><strong>ATENCI\u00d3N:<\/strong> Las semillas de c\u00e1\u00f1amo est\u00e1n excluidas de la noci\u00f3n legal de Cannabis, lo que significa que no deben considerarse una sustancia estupefaciente (Ley 412 de 1974, Art. 1, p\u00e1rrafo 1, lett. B; Convenci\u00f3n \u00danica sobre Estupefacientes de Nueva York de 1961 y tabla II del Decreto Ministerial 27\/7\/1992). En Italia, el cultivo del c\u00e1\u00f1amo est\u00e1 prohibido (art\u00edculos 28 y 73 del Decreto Presidencial 309\/90) a menos que se obtenga una autorizaci\u00f3n especial (art\u00edculo 17 del Decreto Presidencial 309\/90). A falta de autorizaci\u00f3n, las semillas s\u00f3lo pueden utilizarse para otros fines (zoot\u00e9cnicos, recolecci\u00f3n, etc.). Las semillas se venden con la reserva de que no ser\u00e1n utilizadas por terceros en conflicto con la ley.<\/em><\/span><\/div>\n","protected":false},"excerpt":{"rendered":"<p>C4 fue una de las primeras variedades autoflorecientes lanzadas por Fast Buds y ha sido sometida a una cuidadosa selecci\u00f3n<\/p>\n","protected":false},"featured_media":149287,"comment_status":"open","ping_status":"closed","template":"","meta":[],"product_brand":[],"product_cat":[7953],"product_tag":[],"class_list":{"0":"post-207661","1":"product","2":"type-product","3":"status-publish","4":"has-post-thumbnail","6":"product_cat-seedshop-es","8":"first","9":"instock","10":"sale","11":"taxable","12":"shipping-taxable","13":"purchasable","14":"product-type-variable"},"aioseo_notices":[],"_links":{"self":[{"href":"https:\/\/www.budream.com\/es\/wp-json\/wp\/v2\/product\/207661","targetHints":{"allow":["GET"]}}],"collection":[{"href":"https:\/\/www.budream.com\/es\/wp-json\/wp\/v2\/product"}],"about":[{"href":"https:\/\/www.budream.com\/es\/wp-json\/wp\/v2\/types\/product"}],"replies":[{"embeddable":true,"href":"https:\/\/www.budream.com\/es\/wp-json\/wp\/v2\/comments?post=207661"}],"version-history":[{"count":1,"href":"https:\/\/www.budream.com\/es\/wp-json\/wp\/v2\/product\/207661\/revisions"}],"predecessor-version":[{"id":262377,"href":"https:\/\/www.budream.com\/es\/wp-json\/wp\/v2\/product\/207661\/revisions\/262377"}],"wp:featuredmedia":[{"embeddable":true,"href":"https:\/\/www.budream.com\/es\/wp-json\/wp\/v2\/media\/149287"}],"wp:attachment":[{"href":"https:\/\/www.budream.com\/es\/wp-json\/wp\/v2\/media?parent=207661"}],"wp:term":[{"taxonomy":"product_brand","embeddable":true,"href":"https:\/\/www.budream.com\/es\/wp-json\/wp\/v2\/product_brand?post=207661"},{"taxonomy":"product_cat","embeddable":true,"href":"https:\/\/www.budream.com\/es\/wp-json\/wp\/v2\/product_cat?post=207661"},{"taxonomy":"product_tag","embeddable":true,"href":"https:\/\/www.budream.com\/es\/wp-json\/wp\/v2\/product_tag?post=207661"}],"curies":[{"name":"wp","href":"https:\/\/api.w.org\/{rel}","templated":true}]}}